{"id":78294,"date":"2026-02-20T15:34:02","date_gmt":"2026-02-20T23:34:02","guid":{"rendered":"https:\/\/www.squareone.ca\/centres-ressources\/securite-domiciliaire-personnelle\/preparation-temps-pluvieux"},"modified":"2026-02-25T12:08:09","modified_gmt":"2026-02-25T20:08:09","slug":"preparation-temps-pluvieux","status":"publish","type":"page","link":"https:\/\/www.squareone.ca\/fr\/centres-ressources\/securite-domiciliaire-personnelle\/preparation-temps-pluvieux","title":{"rendered":"Comment pr\u00e9parer pour le temps pluvieux et minimiser les d\u00e9g\u00e2ts caus\u00e9s par les crues d\u2019eau"},"content":{"rendered":"<section id='intro' class=\"bg-shape-split bg-sub-page-hero\">\r\n    <div class=\"bg-position\">\r\n        <div class=\"container-fluid\">\r\n            <div class=\"row align-items-center\">\r\n                <div class=\"col-12 col-lg-8\">\r\n                    <h1>Comment pr\u00e9parer pour le temps pluvieux et minimiser les d\u00e9g\u00e2ts caus\u00e9s par les crues d\u2019eau<\/h1>\r\n                    <strong>Article r\u00e9dig\u00e9 par l'\u00e9quipe de Square One<\/strong>\r\n                    <p><strong>Article \u00e9valu\u00e9 par <a title=\"Experte : Jackie Kloosterboer\" href=\"https:\/\/www.squareone.ca\/fr\/a-propos-de-nous\/experts#disaster\">Jackie Kloosterboer<\/a><\/strong><\/p>\r\n                    <p class=\"pb-4\" style=\"margin-top:-24px\">Mis \u00e0 jour le 25 septembre 2025<\/p>\r\n                <\/div>\r\n            <\/div>\r\n\r\n            <div class=\"row\">\r\n                <div class=\"col-lg-8\">\r\n                    <p class=\"display-4\">De nombreux propri\u00e9taires canadiens font face \u00e0 la menace des <a href=\"https:\/\/www.squareone.ca\/resource-centres\/insurance-basics\/water-damage\" title=\"Peut-on souscrire une assurance contre les d\u00e9g\u00e2ts d\u2019eau?\">crues d\u2019eau<\/a>, surtout en hiver. Des mois de pluie, de gr\u00eale et de vent p\u00e8sent sur votre propri\u00e9t\u00e9. Dans cette optique, il est difficile de savoir o\u00f9 commencer ou quoi faire en cas d\u2019urgence. \u00c0 titre de propri\u00e9taire occupant, mieux vaut pr\u00e9venir que gu\u00e9rir. Lisez la suite pour d\u00e9couvrir comment pr\u00e9parer pour le temps pluvieux.<\/p>\r\n                    \r\n                <\/div>\r\n\r\n                <div class=\"col-lg-3 offset-lg-1\">          \r\n                    <p class=\"mb-2 display-4 pt-4 pt-lg-0 pt-mb-0\"><strong>Th\u00e8mes<\/strong><\/p>\r\n                        <ul class=\"list-unstyled link-list display-4\">\r\n                            <li><a href='#Preparing-for-rain'>Comment pr\u00e9parer pour la pluie<\/a><\/li>\r\n                            <li><a href='#Preparing-for-flood-damage'>Comment pr\u00e9parer pour les d\u00e9g\u00e2ts caus\u00e9s par les crues d\u2019eau<\/a><\/li>\r\n                            <li><a href='#What-to-do-if-your-basement-floods'>Que faire en cas d\u2019inondation de votre sous-sol<\/a><\/li>\r\n                            <li><a href='#Insurance'>Consid\u00e9rations en assurance habitation<\/a><\/li>   \r\n                        <\/ul>\r\n                <\/div>\r\n            <\/div>  \r\n        <\/div>\r\n    <\/div>\r\n    <div class=\"bg-bottom\"><\/div>\r\n<\/section>\r\n\r\n<section>\r\n    <div class=\"container-fluid py-6\">\r\n        <div class=\"row\">\r\n            <div class=\"col-12 col-lg-8\">\r\n\r\n                <h2 id=\"Preparing-for-rain\">Comment pr\u00e9parer pour la pluie<\/h2>\r\n\r\n                <p>L\u2019\u00e9t\u00e9 canadien est notoirement court, mais agr\u00e9able. \u00c0 l\u2019arriv\u00e9e de l\u2019automne, on pense plut\u00f4t \u00e0 organiser le dernier BBQ de la saison au lieu du nettoyage des goutti\u00e8res. Pourtant, quelques t\u00e2ches d\u2019entretien de maison simples pourraient vous \u00e9pargner temps et argent au long terme. Une <a href=\"https:\/\/www.centreintactadaptationclimat.ca\/wp-content\/uploads\/\/2019\/06\/Ontario_HFPP_Report_French_V4-compressed-min-2.pdf\" title=\"Protection des habitations contre les inondations\" rel=\"noopener noreferrer\" target=\"_blank\">\u00e9tude<\/a> r\u00e9cente a r\u00e9v\u00e9l\u00e9e que la plupart des propri\u00e9taires occupants peuvent consid\u00e9rablement am\u00e9liorer la protection de leurs propri\u00e9t\u00e9s contre les crues d\u2019eau en investissant 250\u00a0$ seulement. Mieux encore, la plupart des propri\u00e9taires peuvent effectuer les t\u00e2ches sur la liste ci-dessous dans un jour ou deux.<\/p> \r\n\r\n                <h3>Examinez le toit<\/h3> \r\n\r\n                <p>Avant le changement du temps, assurez-vous d\u2019examiner l\u2019\u00e9tat du toit. Les bardeaux us\u00e9s ou recourb\u00e9s peuvent fissurer, ce qui permet aux eaux de pluie de p\u00e9n\u00e9trer dans votre domicile. Si les hauteurs vous donnent le vertige, embauchez un couvreur professionnel pour inspecter le toit. Un professionnel mettra en valeur les probl\u00e8mes \u00e0 r\u00e9gler avant l\u2019hiver, en plus de vous donner une id\u00e9e de l\u2019esp\u00e9rance de vie du toit et du co\u00fbt de le remplacer.<\/p>\r\n\r\n                <p>Remarquez que la plupart des polices <a href=\"https:\/\/www.squareone.ca\/home\" title=\"Assurance habitation\">d\u2019assurance habitation<\/a> couvrent les dommages au <a href=\"https:\/\/www.squareone.ca\/fr\/centres-ressources\/ameliorations-domiciliaires\/types-de-toiture\" title=\"Initiation aux types de toiture\">toit<\/a> qui surviennent subitement (comme dans une temp\u00eate). En revanche, les dommages caus\u00e9s par l\u2019usure sont g\u00e9n\u00e9ralement exclus. Par cons\u00e9quent, examinez l\u2019\u00e9tat de votre toit au moins une fois par an.<\/p>\r\n\r\n                <h3>Nettoyez les goutti\u00e8res et les tuyaux de descente<\/h3> \r\n\r\n                <p>La partie inf\u00e9rieure de la propri\u00e9t\u00e9 est souvent vuln\u00e9rable aux dommages caus\u00e9s par la pluie. La terre entourant votre domicile n\u2019est pas aussi compacte qu\u2019elle a \u00e9t\u00e9 avant l\u2019existence de votre propri\u00e9t\u00e9. L\u2019eau souterraine filtre naturellement vers la fondation, ce qui peut endommager son int\u00e9grit\u00e9 structurelle.<\/p>\r\n\r\n                <p>Pour emp\u00eacher ce probl\u00e8me, la plupart des maisons ont des <a href=\"https:\/\/www.squareone.ca\/resource-centres\/getting-to-know-your-home\/gutters-and-downspouts\" title=\"Initiation aux goutti\u00e8res et aux tuyaux de descente\">goutti\u00e8res et tuyaux de descente<\/a> qui captent la pluie qui tombe sur le toit. Elles transportent les eaux \u00e0 l\u2019\u00e9cart de la maison, vers un drain municipal ou bien \u00e0 l\u2019\u00e9cart de la fondation.<\/p>\r\n\r\n                <p>\u00c0 l\u2019automne, les goutti\u00e8res sont souvent buch\u00e9es par les feuilles mortes, ce qui r\u00e9duit leur efficacit\u00e9. Dans cette optique, examinez les goutti\u00e8res et les tuyaux de descente pour les dommages et les obstructions au moins deux fois par an.<\/p> \r\n\r\n\r\n                <h3>Examinez les drains<\/h3> \r\n\r\n                <p>Ce n\u2019est pas uniquement les goutti\u00e8res qui n\u00e9cessitent l\u2019entretien. Si votre maison a le drainage externe (comme celui souvent install\u00e9 sur les <a href=\"https:\/\/www.squareone.ca\/resource-centres\/getting-to-know-your-home\/decks-and-patios\" title=\"Initiation aux terrasses et aux patios\">balcons<\/a> ou les portes souterraines), assurez-vous de le nettoyer. Si le drainage est obstru\u00e9, vous risquez de subir un refoulement d\u2019eau qui peut p\u00e9n\u00e9trer dans la maison.<\/p> \r\n\r\n                <p>Pendant que vous y \u00eates, examinez le conduit pluvial municipal le plus pr\u00e8s. Le fait de d\u00e9gager ce conduit d\u2019obstructions emp\u00eachera le refoulement d\u2019eau sur votre propri\u00e9t\u00e9.<\/p>\r\n\r\n\r\n                <h3>Fermez herm\u00e9tiquement les fen\u00eatres<\/h3> \r\n\r\n                <p>Une fois que vous vous \u00eates assur\u00e9 que la pluie s\u2019\u00e9coule \u00e0 l\u2019\u00e9cart de votre propri\u00e9t\u00e9, examinez tous les autres moyens par lesquels l&rsquo;eau peut p\u00e9n\u00e9trer dans votre maison. Commencez par les points d\u2019acc\u00e8s et de sortie : examinez les joints de portes et fen\u00eatres.<\/p>\r\n\r\n                <p>Si le joint est fissur\u00e9 ou fragile ou si vous remarquez des fuites, il faudrait peut-\u00eatre le remplacer. N\u2019oubliez pas que si l\u2019eau p\u00e9n\u00e8tre progressivement dans votre maison \u00e0 travers les fissures autour des margelles ou ailleurs, votre assurance ne couvrira pas les dommages en d\u00e9coulant.<\/p>\r\n\r\n                <p>Une bonne fa\u00e7on de prolonger l\u2019esp\u00e9rance de vie des joints, c\u2019est d\u2019installer un rev\u00eatement sur les margelles pour les prot\u00e9ger des \u00e9l\u00e9ments.<\/p>\r\n\r\n                <h3>Mesures pr\u00e9ventives contre le vent<\/h3> \r\n\r\n                <p>Les d\u00e9g\u00e2ts d\u2019eau ne sont pas la seule inqui\u00e9tude en temps de temp\u00eate. Prenez en consid\u00e9ration les objets que vous laissez dehors; peuvent-ils causer des dommages \u00e0 votre propri\u00e9t\u00e9 en cas de temp\u00eate de vent s\u00e9v\u00e8re? Les parasols ou les meubles ext\u00e9rieurs devraient \u00eatre entrepos\u00e9s en lieu s\u00fbr, comme un garage ou cabanon.<\/p>\r\n\r\n                <p>N\u2019oubliez pas que votre propri\u00e9t\u00e9 n\u2019est pas la seule \u00e0 risque. Les dommages \u00e0 la propri\u00e9t\u00e9 d\u2019un voisin, ainsi que les dommages corporels sont \u00e9galement importants. Si vos meubles sont emport\u00e9s par le vent depuis votre propri\u00e9t\u00e9 et causent des blessures \u00e0 un tiers, vous pouvez \u00eatre tenu responsable des dommages. Par cons\u00e9quent, assurez-vous que votre police d\u2019assurance habitation offre une <a href=\"https:\/\/www.squareone.ca\/resource-centres\/insurance-basics\/liability-insurance\" title=\"Qu\u2019est-ce que l\u2019assurance responsabilit\u00e9 civile?\">couverture pour responsabilit\u00e9 civile<\/a> ad\u00e9quate.<\/p>\r\n\r\n\r\n                <h3>Taillez les arbres<\/h3> \r\n\r\n                <p>Dans le m\u00eame ordre d\u2019id\u00e9es, les branches d\u00e9tach\u00e9es peuvent facilement endommager votre maison pendant une temp\u00eate. Dans certains cas, il faudrait enlever les vieux arbres ou les arbres pourris. Bien que ce type de dommages soit souvent couvert par votre police d\u2019assurance habitation, vous serez responsable des frais d\u2019enl\u00e8vement ou de remplacement des arbres endommag\u00e9s, en toute probabilit\u00e9. En outre, vous aurez \u00e0 payer une franchise et risquez une augmentation de votre prime si vous pr\u00e9sentez une r\u00e9clamation.<\/p>\r\n\r\n\r\n                <h3>Examinez votre fournaise<\/h3> \r\n\r\n                <p>\u00c0 l\u2019approche de l\u2019hiver et le risque \u00e9lev\u00e9 de d\u00e9g\u00e2ts d\u2019eau, vous ne voulez pas subir une panne de chauffage. Dans les cas extr\u00eames, les tuyaux peuvent \u00e9clater en raison de l\u2019eau gel\u00e9e.<\/p>\r\n\r\n                <p>Effectivement, le gel des tuyaux est tellement courant que de nombreux fournisseurs d\u2019assurance habitation exigent que les propri\u00e9taires occupants qui s\u2019absentent de leur habitation pendant les mois d\u2019hiver conservent le chauffage ou demandent \u00e0 un ami de visiter la maison de temps \u00e0 autre. Par cons\u00e9quent, si vous comptez voyager durant l\u2019hiver, assurez-vous de v\u00e9rifier votre police avant de partir.<\/p>\r\n\r\n                <p>Par ailleurs, v\u00e9rifiez votre syst\u00e8me de chauffage avant l\u2019arriv\u00e9e de l\u2019hiver. Si votre syst\u00e8me a plus de 15\u00a0ans, vous avez int\u00e9r\u00eat \u00e0 le remplacer par un syst\u00e8me plus \u00e9co\u00e9nerg\u00e9tique.<\/p>\r\n\r\n                <h2 id=\"Preparing-for-flood-damage\">Comment pr\u00e9parer pour les d\u00e9g\u00e2ts caus\u00e9s par les crues d\u2019eau<\/h2>\r\n\r\n                <p>Si vous \u00eates victime d\u2019une inondation, il y a de fortes chances que votre propri\u00e9t\u00e9 subisse des dommages plus ou moins importants. La meilleure d\u00e9fense contre les crues d\u2019eau est une police d\u2019assurance habitation compr\u00e9hensive qui comprend une <a href=\"\/fr\/habitation\/inondation\" title=\"Couverture pour inondation\">couverture pour inondation<\/a>. Il y a d\u2019autres mesures que vous pouvez prendre pour prot\u00e9ger votre habitation et vos biens.<\/p>\r\n\r\n                <ul>\r\n                    <li><p>Rangez les documents importants hors du sol dans des contenants \u00e9tanches.<\/p><\/li>\r\n                    <li><p>Rangez les produits chimiques hors du sol pour qu\u2019ils ne contaminent pas l\u2019eau.<\/p><\/li>\r\n                    <li><p>Prolongez les tuyaux de descente \u00e0 l\u2019\u00e9cart de votre maison.<\/p><\/li>\r\n                    <li><p>Assurez-vous que votre cour est correctement nivel\u00e9e afin que l&rsquo;eau s&rsquo;\u00e9coule loin de votre maison.<\/p><\/li>\r\n                    <li><p>\u00c9levez le r\u00e9servoir d\u2019eau chaude et la fournaise hors du sol.<\/p><\/li>\r\n                    <li><p>Installez une pompe \u00e0 puisard au sous-sol pour enlever l\u2019eau stagnante. Assurez-vous que la pompe \u00e0 puisard a une source de courant de rechange en cas de panne de courant et n\u2019oubliez pas de tester le syst\u00e8me de temps \u00e0 autre.<\/p><\/li>\r\n                    <li><p>Envisagez d\u2019installer un clapet anti-refoulement dans la conduite d\u2019\u00e9gouts. Ce dispositif emp\u00eachera un refoulement des eaux contamin\u00e9es si le syst\u00e8me municipal est surcharg\u00e9.<\/p><\/li>\r\n                    <li><p>Installez et entretenez un syst\u00e8me de d\u00e9tection de fuites qui d\u00e9tecte une utilisation d\u2019eau anormale et coupe l\u2019eau \u00e0 la source.<\/p><\/li>\r\n                    <li><p>Imperm\u00e9abilisez les murs du sous-sol \u00e0 l\u2019aide des compos\u00e9s imperm\u00e9abilisants pour emp\u00eacher les fuites.<\/p><\/li>\r\n                <\/ul>\r\n\r\n\r\n                <h2 id=\"What-to-do-if-your-basement-floods\">Que faire en cas d\u2019inondation de votre sous-sol<\/h2>\r\n\r\n                <p>Dans certaines circonstances, l\u2019entretien pr\u00e9ventif a des limites. Si votre sous-sol est inond\u00e9, gardez votre sang-froid et suivez les \u00e9tapes ci-dessous\u00a0:\r\n\r\n                <ul>\r\n                    <li><p>Premi\u00e8rement, examinez les dommages sans vous mettre en danger. Si l\u2019eau s\u2019\u00e9l\u00e8ve au niveau des prises \u00e9lectriques, coupez le courant et attendez l\u2019arriv\u00e9e des professionnels. Ne mettez pas le pied dans l\u2019eau s\u2019il y a des fils effiloch\u00e9s ou d\u00e9nud\u00e9s; vous risquez de vous \u00e9lectrocuter. Dans ce cas, communiquez avec votre fournisseur d\u2019\u00e9lectricit\u00e9 et demandez un arr\u00eat d\u2019urgence. (Remarquez que vous pourriez couper le courant \u00e0 votre pompe \u00e0 puisard, \u00e0 moins que vous ayez une source de courant secondaire.)<\/p><\/li>\r\n                    <li><p>Appelez votre fournisseur d\u2019assurance habitation dans les plus brefs d\u00e9lais. Votre expert en sinistres ouvrira une r\u00e9clamation et notera les d\u00e9tails de votre incident. Chez Square One, nous garantissons un taux de r\u00e9ponse de 2\u00a0heures pour les r\u00e9clamations d\u2019urgence.<\/p><\/li> \r\n                    <li><p>Votre expert en sinistres vous indiquera les mesures \u00e0 prendre pour emp\u00eacher des dommages suppl\u00e9mentaires. Il s\u2019agit d\u2019une condition de votre police d\u2019assurance habitation, d\u2019ailleurs. Dans cette optique, vous pourriez \u00eatre tenu \u00e0 fournir des preuves plus tard pendant le processus de r\u00e9clamation.<\/p><\/li>\r\n                    <li><p>Vous avez int\u00e9r\u00eat \u00e0 ouvrir les fen\u00eatres pour permettre la circulation de l\u2019air, surtout si vous sentez le gaz ou entendez un sifflement. (Dans ce cas, vous pouvez couper le gaz en fermant le robinet d\u2019arr\u00eat principal.)<\/p><\/li>\r\n                    <li><p>Prenez des photos de votre sous-sol inond\u00e9 pour montrer \u00e0 votre expert en sinistres. Ceci peut \u00eatre utile pendant le processus de r\u00e9clamation.<\/p><\/li>\r\n                    <li><p>Une fois que votre expert en sinistres aura enregistr\u00e9 les d\u00e9tails de votre perte, il vous donnera une liste d\u2019entrepreneurs ayant l\u2019expertise et l\u2019exp\u00e9rience pour r\u00e9parer les dommages \u00e0 votre sous-sol.<\/p><\/li>\r\n                    <li><p>Si vous pouvez le faire en toute s\u00e9curit\u00e9, vous n\u2019\u00eates pas oblig\u00e9 d\u2019attendre les professionnels pour sauver vos possessions. Assurez-vous de porter des dispositifs de protection, comme les bottes de caoutchouc, des gants, des lunettes protectrices et un masque, car l\u2019eau peut \u00eatre contamin\u00e9e par les bact\u00e9ries et les eaux d\u2019\u00e9gout brutes. De plus, pensez \u00e0 la logistique de l\u2019enl\u00e8vement des objets mouill\u00e9s. Vous ne voulez certainement pas contaminer ni endommager d\u2019autres parties de votre domicile.<\/p><\/li>\r\n                    <li><p>Pour les inondations plus petites, utilisez un aspirateur de liquides ou normal ou \u00e9pongez pour enlever autant d\u2019eau que possible. Retirez ou enlevez les tapis qui se trouvent pr\u00e8s de la source d\u2019eau.<\/p><\/li>\r\n                    <li><p>R\u00e9duisez l\u2019humidit\u00e9 et la possibilit\u00e9 de la formation de la moisissure \u00e0 l\u2019aide des d\u00e9shumidificateurs.<\/p><\/li>\r\n                    <li><p>N\u2019oubliez pas de conserver tous les re\u00e7us des frais des r\u00e9parations afin de les soumettre \u00e0 votre expert en sinistres.<\/p><\/li>\r\n                <\/ul>\r\n\r\n                <h2 id=\"Insurance\">Consid\u00e9rations en assurance habitation<\/h2>\r\n\r\n                <p>Les d\u00e9g\u00e2ts d\u2019eau sont \u00e0 l\u2019origine de plus de r\u00e9clamations en assurance habitation que le vol et l\u2019incendie ensemble. Le co\u00fbt moyen d\u2019une r\u00e9clamation pour r\u00e9parer un sous-sol inond\u00e9 au Canada s\u2019\u00e9l\u00e8ve \u00e0 43\u00a0000\u00a0$. Par cons\u00e9quent, il est important que votre police vous prot\u00e8ge ad\u00e9quatement. Mais qu\u2019est-ce que cela signifie, au juste?<\/p>\r\n\r\n                <p>Tout d\u2019abord, vous avez besoin d\u2019une police qui comprend la protection contre l\u2019inondation. Vous devrez \u00e9galement prendre en consid\u00e9ration la <a href=\"https:\/\/www.squareone.ca\/resource-centres\/insurance-basics\/choosing-the-right-deductible\" title=\"Qu\u2019est-ce qu\u2019une franchise et quelles sont les solutions propos\u00e9es?\">franchise<\/a> pour ce genre de r\u00e9clamation, ainsi que la r\u00e9putation de votre fournisseur en ce qui concerne le traitement des sinistres. Finalement, la couverture pour les <a href=\"https:\/\/www.squareone.ca\/resource-centres\/insurance-glossary\/loss-of-use\" title=\"D\u00e9finition : frais de subsistance suppl\u00e9mentaires\">frais de subsistance suppl\u00e9mentaires<\/a> est une protection \u00e0 souscrire, car vous pouvez \u00eatre oblig\u00e9 de quitter votre domicile pendant des semaines ou des mois durant les r\u00e9parations.<\/p> \r\n\r\n                <h3>La diff\u00e9rence Square One<\/h3>\r\n\r\n                <p>Square One offre une <a href=\"\/fr\/habitation\/eau\" title=\"Assurance contre les d\u00e9g\u00e2ts d\u2019eau\">couverture contre la plupart des types de d\u00e9g\u00e2ts d\u2019eau<\/a>. De plus, nous vous permettons de choisir les limitations et franchises qui comblent vos besoins. De cette fa\u00e7on, vous pouvez choisir une franchise raisonnable en cas d\u2019inondation. Vous pouvez personnaliser la limitation pour frais de subsistance suppl\u00e9mentaires; en fait, vous pouvez personnaliser toutes vos limitations. Et vous pouvez tout faire ne ligne du confort de votre domicile.<\/p>\r\n\r\n                \r\n                    \r\n                \r\n\r\n                <p><strong>Vous voulez en savoir plus?<\/strong> Consultez notre <a href=\"\/fr\/centres-ressources\/securite-domiciliaire-personnelle\" title=\"Centre de ressources : s\u00e9curit\u00e9 domiciliaire et personnelle\">Centre de ressources&nbsp;: s\u00e9curit\u00e9 domiciliaire et personnelle<\/a> pour d\u00e9couvriri comment prot\u00e9ger votre famille et votre domicile. Ensuite, <a href=\"\/fr\/soumission-assurance-habitation-en-ligne\" title=\"Obtenir une soumission d\u2019assurance habitation en ligne\">obtenez une soumission d'assurance habitation en ligne<\/a> en moins de 5\u00a0minutes et d\u00e9couvrez \u00e0 quel point l\u2019assurance habitation personnalis\u00e9e peut \u00eatre abordable.<\/p>\r\n\r\n                <div class=\"row py-3\">\r\n<div class=\"col-12\">\r\n<div class=\"card review\" style=\"box-shadow: 0 2px 4px rgba(0,0,0,0.07);background-color:#f4f4f4;\">\r\n<div class=\"card-body\">\r\n    <p class=\"text-primary h4\">\u00c0 propos de l\u2019experte&nbsp;: Jackie Kloosterboer<\/p>\r\n    <p>Jackie Kloosterboer exploite une entreprise de communication orale qui s\u2019appelle Survive It. En sa qualit\u00e9 d\u2019experte en pr\u00e9paration aux catastrophes, Jackie organise environ 100&nbsp;ateliers sur la pr\u00e9paration aux catastrophes par an destin\u00e9s aux particuliers et aux groupes. Jackie est d\u00e9cor\u00e9e de la M\u00e9daille du jubil\u00e9 de diamant de la reine Elizabeth II et a re\u00e7u le prix d\u2019excellence de la Northwest Preparedness Society en reconnaissance de son d\u00e9vouement \u00e0 la prestation des services de soutien d\u2019urgence et de l\u2019\u00e9ducation en pr\u00e9paration aux catastrophes.<\/p>\r\n<\/div>\r\n<\/div>\r\n<\/div>\r\n<\/div>\r\n\r\n        <\/div>\r\n    <\/div>\r\n<\/div>\r\n<\/section>\r\n<script type=\"application\/ld+json\">\r\n{\r\n  \"@context\": \"https:\/\/schema.org\",\r\n  \"@type\": \"FAQPage\",\r\n  \"mainEntity\": [{\r\n    \"@type\": \"Question\",\r\n    \"name\": \"Que faire en cas d\u2019inondation de votre sous-sol\",\r\n    \"acceptedAnswer\": {\r\n      \"@type\": \"Answer\",\r\n      \"text\": \"Dans certaines circonstances, l\u2019entretien pr\u00e9ventif a des limites. Si votre sous-sol est inond\u00e9, gardez votre sang-froid et suivez les \u00e9tapes ci-dessous : examinez les dommages, mais ne vous mettez pas en danger; appelez votre fournisseur d\u2019assurance habitation dans les plus brefs d\u00e9lais; vous avez int\u00e9r\u00eat \u00e0 ouvrir les fen\u00eatres pour permettre la circulation de l\u2019air, surtout si vous sentez le gaz ou entend un sifflement; prenez des photos de votre sous-sol inond\u00e9 pour montrer \u00e0 votre expert en sinistres; si vous pouvez le faire en toute s\u00e9curit\u00e9, vous n\u2019\u00eates pas oblig\u00e9 d\u2019attendre les professionnels pour sauver vos possessions; pour les inondations plus petites, utilisez un aspirateur de liquides ou normal ou \u00e9pongez pour enlever autant d\u2019eau que possible; r\u00e9duisez l\u2019humidit\u00e9 et la possibilit\u00e9 de la formation de la moisissure \u00e0 l\u2019aide des d\u00e9shumidificateurs; n\u2019oubliez pas de conserver tous les re\u00e7us des frais des r\u00e9paration afin de les soumettre \u00e0 votre expert en sinistres.\"\r\n    }\r\n  }]\r\n}\r\n\"@context\": \"http:\/\/schema.org\",\r\n\"publisher\": {\r\n\"@type\": \"Organization\",\r\n\"name\": \"Assurances Square One\",\r\n<script type=\"application\/ld+json\" >\r\n{\r\n  \"@context\": \"https:\/\/schema.org\",\r\n  \"@type\": \"WebPage\",\r\n  \"mainEntityOfPage\": {\r\n    \"@type\": \"Article\",\r\n    \"@id\": \"https:\/\/www.squareone.ca\/fr\/centres-ressources\/securite-domiciliaire-personnelle\/preparation-temps-pluvieux\"\r\n  },\r\n  \"author\": [\r\n    {\r\n      \"@type\": \"Person\",\r\n      \"name\": \"Square One team\"\r\n    }\r\n  ],\r\n \"reviewedBy\": [\r\n    {\r\n      \"@type\": \"Person\",\r\n      \"name\": \"Jackie Kloosterboer\",\r\n      \"url\": \"https:\/\/www.squareone.ca\/fr\/a-propos-de-nous\/experts#disaster\"\r\n    }\r\n  ],\r\n  \"headline\": \"Comment pr\u00e9parer pour le temps pluvieux et minimiser les d\u00e9g\u00e2ts caus\u00e9s par les crues d\u2019eau\",\r\n  \"datePublished\": \"\",\r\n  \"dateModified\": \"\",\r\n  \"inLanguage\": \"fr-CA\",\r\n  \"isAccessibleForFree\": true\r\n}\r\n<\/script>","protected":false},"excerpt":{"rendered":"<p>Comment pr\u00e9parer pour le temps pluvieux et minimiser les d\u00e9g\u00e2ts caus\u00e9s par les crues d\u2019eau Article \u00e9valu\u00e9 par Jackie Kloosterboer De nombreux propri\u00e9taires canadiens font face \u00e0 la menace des crues d\u2019eau, surtout en hiver. Des mois de pluie, de gr\u00eale et de vent p\u00e8sent sur votre propri\u00e9t\u00e9. Dans cette optique, il est difficile de [&hellip;]<\/p>\n","protected":false},"author":2,"featured_media":52845,"parent":51337,"menu_order":0,"comment_status":"open","ping_status":"closed","template":"page-article-new.php","meta":{"_acf_changed":false,"footnotes":""},"class_list":["post-78294","page","type-page","status-publish","has-post-thumbnail","hentry"],"acf":[],"_links":{"self":[{"href":"https:\/\/www.squareone.ca\/fr\/wp-json\/wp\/v2\/pages\/78294","targetHints":{"allow":["GET"]}}],"collection":[{"href":"https:\/\/www.squareone.ca\/fr\/wp-json\/wp\/v2\/pages"}],"about":[{"href":"https:\/\/www.squareone.ca\/fr\/wp-json\/wp\/v2\/types\/page"}],"author":[{"embeddable":true,"href":"https:\/\/www.squareone.ca\/fr\/wp-json\/wp\/v2\/users\/2"}],"replies":[{"embeddable":true,"href":"https:\/\/www.squareone.ca\/fr\/wp-json\/wp\/v2\/comments?post=78294"}],"version-history":[{"count":9,"href":"https:\/\/www.squareone.ca\/fr\/wp-json\/wp\/v2\/pages\/78294\/revisions"}],"predecessor-version":[{"id":78337,"href":"https:\/\/www.squareone.ca\/fr\/wp-json\/wp\/v2\/pages\/78294\/revisions\/78337"}],"up":[{"embeddable":true,"href":"https:\/\/www.squareone.ca\/fr\/wp-json\/wp\/v2\/pages\/51337"}],"wp:featuredmedia":[{"embeddable":true,"href":"https:\/\/www.squareone.ca\/fr\/wp-json\/wp\/v2\/media\/52845"}],"wp:attachment":[{"href":"https:\/\/www.squareone.ca\/fr\/wp-json\/wp\/v2\/media?parent=78294"}],"curies":[{"name":"wp","href":"https:\/\/api.w.org\/{rel}","templated":true}]}}