{"id":78433,"date":"2026-03-03T09:01:08","date_gmt":"2026-03-03T17:01:08","guid":{"rendered":"https:\/\/www.squareone.ca\/centres-ressources\/bases-assurance-conseils\/comprendre-changements-franchise-police"},"modified":"2026-03-03T09:10:18","modified_gmt":"2026-03-03T17:10:18","slug":"comprendre-changements-franchise-police","status":"publish","type":"page","link":"https:\/\/www.squareone.ca\/fr\/centres-ressources\/bases-assurance\/changements-franchise-police","title":{"rendered":"Comprendre les changements aux franchises de police"},"content":{"rendered":"<section id='intro' class=\"bg-shape-split bg-sub-page-hero\">\r\n    <div class=\"bg-position\">\r\n        <div class=\"container-fluid\">\r\n            <div class=\"row align-items-center\">\r\n                <div class=\"col-12 col-lg-8\">\r\n                    <h1>Comprendre les changements aux franchises de police<\/h1>\r\n                    <strong>Article r\u00e9dig\u00e9 par l'\u00e9quipe de Square One<\/strong>\r\n                    <p><strong>Article \u00e9valu\u00e9 par <a href=\"https:\/\/www.squareone.ca\/about-us\/experts\/rena-novotny\" title=\"Experte : Rena Novotny\">Rena Novotny<\/a><\/strong><\/p> \r\n                    <p class=\"pb-4\" style=\"margin-top:-24px\">Mis \u00e0 jour le 2 avril 2025<\/p>\r\n                <\/div>\r\n            <\/div>\r\n\r\n            <div class=\"row\">\r\n                <div class=\"col-lg-8\">\r\n                    <p class=\"display-4\">Une <a href=\"https:\/\/www.squareone.ca\/resource-centres\/insurance-glossary\/deductible\" title=\"D\u00e9finition : franchise\">franchise<\/a> est le montant que vous payez avant de recevoir l\u2019indemnit\u00e9 vers\u00e9e par votre fournisseur d\u2019assurance pour les pertes ou dommages assur\u00e9s. Par exemple, admettons que votre <a href=\"https:\/\/www.squareone.ca\/resource-centres\/insurance-basics\/insuring-cell-phone-laptop-smartwatch\" title=\"Comment assurer les t\u00e9l\u00e9phones cellulaires, les portables et les montres intelligentes?\">portable de 1\u00a0500\u00a0$ ait \u00e9t\u00e9 vol\u00e9<\/a> et que vous ayez une franchise de 500\u00a0$. Dans ce cas, vous paierez 500\u00a0$ de votre poche et votre fournisseur d\u2019assurance paiera les 1\u00a0000\u00a0$ restants.<\/p>\r\n                    <p class=\"pt-2\"><img loading=\"lazy\" decoding=\"async\" src=\"https:\/\/cdn.squareone.ca\/wp-content\/uploads\/2011\/10\/30071348\/Underwriting-checklist.jpg\" title=\"Comprendre les changements aux franchises de police\" alt=\"Liste de v\u00e9rification de la souscription\" height=\"248\" width=\"186\" class=\"img-fluid\" rel=\"noopener noreferrer\" \/><\/p>\r\n                <\/div>\r\n\r\n                <div class=\"col-lg-3 offset-lg-1\">          \r\n                    <p class=\"mb-2 display-4 pt-4 pt-lg-0 pt-mb-0\"><strong>Th\u00e8mes<\/strong><\/p>\r\n                        <ul class=\"list-unstyled link-list display-4\">\r\n                            <li><a href='#Why-deductibles-change'>Pourquoi les franchises changent-elles?<\/a><\/li>\r\n                            <li><a href='#Wind-hail-deductible'>Franchise pour la gr\u00eale<\/a><\/li>\r\n                            <li><a href='#Glass-deductible'>Franchise pour le verre supprim\u00e9e pour les copropri\u00e9taires<\/a><\/li>\r\n                            <li><a href=\"#service-line\">Franchise pour conduite de branchement<\/a><\/li>\r\n                        <\/ul>\r\n                <\/div>\r\n            <\/div>  \r\n        <\/div>\r\n    <\/div>\r\n    <div class=\"bg-bottom\"><\/div>\r\n<\/section>\r\n\r\n<section>\r\n    <div class=\"container-fluid py-6\">\r\n        <div class=\"row\">\r\n            <div class=\"col-12 col-lg-8\">\r\n\r\n                <div class=\"row pb-6\">\r\n                    <div class=\"col-12\">\r\n                        <div class=\"card review\" style='background-color:#FFE0C9'>\r\n                            <div class=\"card-body\">\r\n                                <p class=\"h3\">L\u2019essentiel<\/p>\r\n                                <ul class='mb-0'>\r\n                                    <li>Une franchise est le montant qu\u2019un titulaire de police doit payer lorsqu\u2019il pr\u00e9sente une r\u00e9clamation, avant que la compagnie d\u2019assurance r\u00e8gle le reste.<\/li>\r\n                                    <li>De moins en moins de fournisseurs n\u2019offrent plus les franchises basses, en raison du volume et des frais de r\u00e9clamations accrus.<\/li>\r\n                                    <li>Il peut y avoir diverses franchises sur la m\u00eame police, qui sont applicables \u00e0 diff\u00e9rents types de sinistres.<\/li>\r\n                                <\/ul>\r\n                            <\/div>\r\n                        <\/div>\r\n                    <\/div>\r\n                <\/div>              \r\n\r\n                <h2 id=\"Why-deductibles-change\">Pourquoi les franchises changent-elles?<\/h2>\r\n\r\n                <p>Plusieurs fournisseurs d\u2019assurance, y compris Square One, modifient les franchises qu\u2019ils offrent. De nouvelles franchises peuvent \u00eatre ajout\u00e9es \u00e0 la police et les franchises existantes peuvent \u00eatre augment\u00e9es. Ces changements d\u00e9coulent des volumes et co\u00fbts de r\u00e9clamations plus \u00e9lev\u00e9s en raison de ce qui suit\u00a0:<\/p>\r\n\r\n                <ul>\r\n                    <li>Changements m\u00e9t\u00e9orologiques; et<\/li>\r\n                    <li>Syst\u00e8mes d\u2019infrastructure municipaux vieillissants.<\/li>\r\n                <\/ul>\r\n\r\n                <p>Si votre maison est situ\u00e9e dans une r\u00e9gion o\u00f9 le nombre de sinistres est sup\u00e9rieur \u00e0 la moyenne, votre assureur pourrait augmenter vos franchises. Cela signifie que vous pourriez \u00eatre responsable d\u2019un sinistre mineur, mais b\u00e9n\u00e9ficieriez d\u2019une protection contre un sinistre majeur ou un sinistre catastrophique en vertu de votre police.<\/p>\r\n\r\n                <p>Sachez que de nombreux fournisseurs suppriment les franchises moins \u00e9lev\u00e9es. Par exemple, la franchise minimum de 200\u00a0$ a \u00e9t\u00e9 remplac\u00e9e par des minimums de 500\u00a0$ ou 1\u00a0000\u00a0$. Pourquoi? Parce qu\u2019une franchise de 200\u00a0$ n\u2019est pas suffisante selon les normes d\u2019aujourd\u2019hui. Avec une franchise de 200\u00a0$, le co\u00fbt de traitement d&rsquo;un sinistre mineur est souvent sup\u00e9rieur au montant vers\u00e9 au client, et l&rsquo;impact futur de la perte des rabais pour un dossier sans sinistres est souvent sup\u00e9rieur au montant r\u00e9cup\u00e9r\u00e9 dans le cadre d&rsquo;un sinistre mineur.<\/p>\r\n\r\n                <p>Voici quelques exemples de modifications des franchises de Square One.<\/p>\r\n\r\n            <\/div>\r\n        <\/div>\r\n    <\/div>\r\n<\/section>\r\n\r\n\t<section class=\"bg-transparent\">\n\t\t<img decoding=\"async\" src=\"\/sales\/images\/bgs\/bg-mid-page-cta-general-top.svg\" style=\"width: 100%; vertical-align: bottom; position: relative; top: 1px\"\/>\n\t\t\n\t\t<div class=\"bg-darkTeal py-3\">\t\t\t\n\t\t\t<div class=\"container-fluid\">\n\t\t\t\t<div class=\"row d-flex align-items-center pb-5\">\n\t\t\t\t\t<div class=\"col-12 col-md-8 offset-md-2 px-lg-5 pb-5 pb-lg-0\">\n\t\t\t\t\t\t<div class=\"h6 mb-4 text-primary text-uppercase text-center\">\n\t\t\t\t\t\t\tCela ne prend que 5\u00a0minutes \n\t\t\t\t\t\t<\/div>\t\t\n\t\t\t\t\t\t\t\t\t\t\t\n\t\t\t\t\t\t<p class=\"lead px-lg-5 text-white\">\n\t\t\t\t\t\t\t<strong class=\"d-inline-block text-uc-first\">Pr\u00eat \u00e0 obtenir une soumission en ligne? <\/strong> Votre temps est aussi important que vos possessions. Obtenez une soummision en assurance habitation en 5 minutes. C\u2019est moins de temps qu\u2019il n\u2019en faut pour faire la file pour un caf\u00e9.\n\t\t\t\t\t\t<\/p>\t\t\t\n\t\n\t\t\t\t\t\t<div id=\"sq1-qw-b3d8bab1d7dd\" class=\"sq1-quote-widget mb-4 text-white\" data-quote-widget-type=\"HOME\" data-has-custom-text=\"true\">\n\t\t\t\t\t\t\t<div class=\"input-group input-group-focus-within bg-white my-4\">\n\t\t\t\t\t\t\t\t<div>\n\t\t\t\t\t\t\t\t\t<div class=\"input-group-text\">\n\t\t\t\t\t\t\t\t\t\t<i class=\"fa fa-map-marker d-block text-black\"><\/i>\n\t\t\t\t\t\t\t\t\t<\/div>\n\t\t\t\t\t\t\t\t<\/div>\n\t\t\t\t\t\t\t\t<input type=\"text\" class=\"form-control\" style=\"padding: 10px;\" placeholder=\"Enter an address\" aria-label=\"Inscrivez votre adresse pour obtenir une soumission\"\/>\n\t\t\t\t\t\t\t\t<div>\n\t\t\t\t\t\t\t\t\t<button class=\"btn btn-primary\">Obtenir une soumission en ligne d\u00e8s maintenant<\/button>\n\t\t\t\t\t\t\t\t<\/div>\n\t\t\t\t\t\t\t<\/div>\n\t\t\t\t\t\t<\/div>\n\t\t\t\t\t\t\n\t\t\t\t\t\t<p class=\"small text-white\">Avant de commencer, veuillez lire notre <a href=\"https:\/\/www.squareone.ca\/fr\/politique-confidentialite\" target=\"_blank\" rel=\"noreferrer noopener\">Politique de confidentialit\u00e9<\/a> et nos <a href=\"https:\/\/www.squareone.ca\/fr\/conditions-utilisation\" target=\"_blank\" rel=\"noreferrer noopener\">Conditions d\u2019utilisation<\/a>.<\/p>\t\n\t\n\t\t\t\t\t\t<script type=\"text\/javascript\">\n\t\t\t\t\t\t(function() {\n\t\t\t\t\t\t\tdocument.addEventListener('soiMiscJsLoaded', function() {\n\t\t\t\t\t\t        $(document).ready(function() {\n\t\t\t\t\t\t\t\t\tsoiQuoteWidget.processFormWidget('\/sales\/index.php\/json_quote_widget?rand=' +Math.random(), 'qwContainer'); \/\/populate quoting widget with content from symfony.\n\t\t\t\t\t\t\t\t});\n\t\t\t\t\t\t\t});\n\t\t\t\t\t\t})();\n\t\t\t\t\t\t<\/script>\n\t\t\t\t\t<\/div>\n\t\t\t\t<\/div>\n\t\t\t<\/div>\n\t\t<\/div>\n\t\t\n\t\t<img decoding=\"async\" src=\"\/sales\/images\/bgs\/bg-mid-page-cta-general-bottom.svg\" style=\"width: 100%; vertical-align: top\"\/>\t\t\n\t<\/section>\r\n\r\n<section>\r\n    <div class=\"container-fluid py-6\">\r\n        <div class=\"row\">\r\n            <div class=\"col-12 col-lg-8\">\r\n\r\n\r\n                <h2 id=\"Wind-hail-deductible\">Franchise pour la gr\u00eale<\/h2>\r\n\r\n                <p>\u00c0 mesure que la m\u00e9t\u00e9o aux quatre coins du monde devient plus volatile, certaines r\u00e9gions au Canada voient de plus en plus de temp\u00eates de gr\u00eale et de vent. La gr\u00eale peut faire des ravages sur l\u2019ext\u00e9rieur d\u2019une maison en d\u00e9chirant des parties de l\u2019enveloppe du b\u00e2timent, ce qui permet \u00e0 l\u2019eau de p\u00e9n\u00e9trer dans l\u2019int\u00e9rieur. Au Canada, les compagnies d\u2019assurance ont r\u00e9agi diff\u00e9remment face \u00e0 cette r\u00e9alit\u00e9\u00a0: de nombreuses compagnies offrent une couverture pour le toit selon la <a href=\"https:\/\/www.squareone.ca\/resource-centres\/insurance-glossary\/actual-cash-value\" title=\"D\u00e9finition : valeur au jour du sinistre\">valeur au jour du sinistre<\/a>; cela signifie que les r\u00e9clamations pour les dommages caus\u00e9s par la gr\u00eale seraient indemnis\u00e9es en fonction de l\u2019\u00e2ge du toit.<\/p>\r\n\r\n                <p>Square One, elle, impose diff\u00e9rentes franchises dans des r\u00e9gions \u00e0 risque \u00e9lev\u00e9 de gr\u00eale. Dans ces r\u00e9gions, la couverture pour la gr\u00eale est facultative. Si vous d\u00e9cidez de la souscrire, une franchise s\u00e9par\u00e9e s\u2019appliquera aux dommages provoqu\u00e9s par la gr\u00eale. De cette fa\u00e7on, nous pouvons toujours proposer des primes abordables, sans r\u00e9duire la qualit\u00e9 de la couverture offerte \u00e0 nos clients. Chez Square One, \u00e0 condition que le toit du client n\u2019ait pas d\u00e9pass\u00e9 son esp\u00e9rance de vie utile, les frais de r\u00e9paration ou de remplacement seront couverts, sous r\u00e9serve des limitations et exclusions de la police.<\/p>\r\n\r\n                <h2 id=\"Glass-deductible\">La franchise pour le verre a \u00e9t\u00e9 supprim\u00e9e pour les copropri\u00e9taires<\/h2>\r\n\r\n                <p>Par le pass\u00e9, Square One offrait aux <a href=\"https:\/\/www.squareone.ca\/condo\" title=\"Assurance copropri\u00e9taire\">copropri\u00e9taires<\/a> diff\u00e9rentes franchises pour le verre qui faisait partie de leur copropri\u00e9t\u00e9. Ces options ne sont plus offertes, car la plupart des soci\u00e9t\u00e9s de copropri\u00e9taires sont responsables des dommages au verre ext\u00e9rieur. Les copropri\u00e9taires qui n&rsquo;ont pas de protection contre les dommages au verre ext\u00e9rieur ont la possibilit\u00e9 de souscrire notre <a href=\"https:\/\/www.squareone.ca\/resource-centres\/condo-owner\/condo-owners-protection\" title=\"La Garantie pour copropri\u00e9taires de Square One\">Garantie pour copropri\u00e9taires<\/a> qui est assujettie \u00e0 la franchise de police normale.<\/p>\r\n\r\n                <h2 id=\"service-line\">Franchise pour conduite de branchement<\/h2>\r\n\r\n                <p>Les conduites de branchement sont les lignes souterraines \u00e9lectriques, d\u2019eau, d\u2019\u00e9gout, de gaz et de t\u00e9l\u00e9communications qui relient la maison aux lignes publiques (d\u2019habitude sous la rue). Bon nombre de propri\u00e9taires occupants sont \u00e9tonn\u00e9s d\u2019apprendre qu\u2019ils sont personnellement responsables des frais de r\u00e9paration et de remplacement de ces conduites en cas de panne. Square One offre aux maisons admissibles une <a href=\"https:\/\/www.squareone.ca\/fr\/habitation\/conduite-branchement\" title=\"Protection pour conduite de branchement\">couverture pour conduite de branchement<\/a> pour plusieurs types de dommages.<\/p>\r\n\r\n                <p>Si vous souscrivez la couverture pour conduite de branchement, vous verrez une \u00ab\u00a0franchise pour conduite de branchement\u00a0\u00bb dans le libell\u00e9 de votre police. Il s\u2019agit de la franchise que vous paierez si vous pr\u00e9sentez une r\u00e9clamation pour des dommages \u00e0 vos conduites de branchement de votre propri\u00e9t\u00e9.<\/p>\r\n\r\n                <p>Bien que la franchise pour conduite de branchement soit r\u00e9pertori\u00e9e s\u00e9par\u00e9ment, elle est le m\u00eame montant que votre franchise de police normale. Si vous changez votre franchise normale, votre franchise pour conduite de branchement sera automatiquement chang\u00e9e en cons\u00e9quence.<\/p>\r\n\r\n                <p>L\u2019assurance est con\u00e7ue pour r\u00e9gler les sinistres importants qui peuvent provoquer des pertes financi\u00e8res significatives \u00e0 votre famille. En choisissant les franchises appropri\u00e9es, vous pouvez b\u00e9n\u00e9ficier des primes d\u2019assurance concurrentielles, tout en pr\u00e9servant votre couverture pour les incidents dont vous en avez vraiment besoin.<\/p>\r\n\r\n                <p><strong>Vous voulez en savoir plus?<\/strong> Consultez notre <a href=\"\/fr\/centres-ressources\/bases-assurance\" title=\"Centre de ressources : bases de l\u2019assurance habitation\">Centre de ressources&nbsp;: bases de l\u2019assurance habitation<\/a> pour acc\u00e9der \u00e0 des dizaines d\u2019articles pratiques pour vous guider sur les tenants et aboutissants de l\u2019assurance habitation. Ensuite, <a href=\"\/fr\/soumission-assurance-habitation-en-ligne\" title=\"Obtenir une soumission d\u2019assurance habitation en ligne\">obtenez une soumission d'assurance habitation en ligne<\/a> en moins de 5\u00a0minutes et d\u00e9couvrez \u00e0 quel point l\u2019assurance habitation personnalis\u00e9e peut \u00eatre abordable.<\/p>\r\n\r\n                <div class=\"row py-3\">\r\n<div class=\"col-12\">\r\n<div class=\"card review\" style=\"box-shadow: 0 2px 4px rgba(0,0,0,0.07);background-color:#f4f4f4;\">\r\n<div class=\"card-body\">\r\n\t<p class=\"text-primary h4\">\u00c0 propos de l\u2019experte&nbsp;: Rena Novotny<\/p>\r\n\t<p>Rena a commenc\u00e9 sa carri\u00e8re de 23&nbsp;ans \u00e0 titre d\u2019experte en sinistres ind\u00e9pendante o\u00f9 elle s\u2019est sp\u00e9cialis\u00e9e dans les sinistres complexes, de responsabilit\u00e9 civile et de risque sp\u00e9cial. \u00c0 titre de gestionnaire de succursale, Rena embauchait, formait, encadrait et entra\u00eenait plusieurs experts en sinistres. Elle poursuit des \u00e9tudes sup\u00e9rieures \u00e0 temps partiel en neuro-psychologie et traumatisme dans le but d\u2019apprendre comment les deux conditions pourraient toucher l\u2019engagement de l\u2019assur\u00e9 quant aux sinistres catastrophiques. Titulaire d\u2019une ma\u00eetrise en analyse et gestion de conflits, Rena est munie des d\u00e9signations CRM, PAA et d\u2019un certificat en expertise en r\u00e8glement de sinistres, niveau&nbsp;3.<\/p>\r\n<\/div>\r\n<\/div>\r\n<\/div>\r\n<\/div>\r\n\r\n                <\/div>\r\n    <\/div>\r\n<\/div>\r\n<\/section>\r\n<script type=\"application\/ld+json\">\r\n{\r\n  \"@context\": \"https:\/\/schema.org\",\r\n  \"@type\": \"WebPage\",\r\n  \"mainEntityOfPage\": {\r\n    \"@type\": \"Article\",\r\n    \"@id\": \"https:\/\/www.squareone.ca\/fr\/centres-ressources\/bases-assurance\/changements-franchise-police\"\r\n  },\r\n  \"author\": [\r\n    {\r\n      \"@type\": \"Person\",\r\n      \"name\": \"Square One team\"\r\n    }\r\n  ],\r\n  \"reviewedBy\": [\r\n    {\r\n      \"@type\": \"Person\",\r\n      \"name\": \"Rena Novotny\",\r\n      \"url\": \"https:\/\/www.squareone.ca\/fr\/a-propos-de-nous\/experts\/rena-novotny\"\r\n    }\r\n  ],\r\n  \"headline\": \"Comprendre les changements aux franchises de police\",\r\n  \"datePublished\": \"\",\r\n  \"dateModified\": \"\",\r\n  \"inLanguage\": \"fr-CA\",\r\n  \"isAccessibleForFree\": true\r\n}\r\n<\/script>\r\n","protected":false},"excerpt":{"rendered":"<p>Comprendre les changements aux franchises de police Article \u00e9valu\u00e9 par Rena Novotny Une franchise est le montant que vous payez avant de recevoir l\u2019indemnit\u00e9 vers\u00e9e par votre fournisseur d\u2019assurance pour les pertes ou dommages assur\u00e9s. Par exemple, admettons que votre portable de 1\u00a0500\u00a0$ ait \u00e9t\u00e9 vol\u00e9 et que vous ayez une franchise de 500\u00a0$. Dans [&hellip;]<\/p>\n","protected":false},"author":2,"featured_media":0,"parent":50045,"menu_order":30,"comment_status":"open","ping_status":"open","template":"page-article-new.php","meta":{"_acf_changed":false,"footnotes":""},"class_list":["post-78433","page","type-page","status-publish","hentry"],"acf":[],"_links":{"self":[{"href":"https:\/\/www.squareone.ca\/fr\/wp-json\/wp\/v2\/pages\/78433","targetHints":{"allow":["GET"]}}],"collection":[{"href":"https:\/\/www.squareone.ca\/fr\/wp-json\/wp\/v2\/pages"}],"about":[{"href":"https:\/\/www.squareone.ca\/fr\/wp-json\/wp\/v2\/types\/page"}],"author":[{"embeddable":true,"href":"https:\/\/www.squareone.ca\/fr\/wp-json\/wp\/v2\/users\/2"}],"replies":[{"embeddable":true,"href":"https:\/\/www.squareone.ca\/fr\/wp-json\/wp\/v2\/comments?post=78433"}],"version-history":[{"count":2,"href":"https:\/\/www.squareone.ca\/fr\/wp-json\/wp\/v2\/pages\/78433\/revisions"}],"predecessor-version":[{"id":78435,"href":"https:\/\/www.squareone.ca\/fr\/wp-json\/wp\/v2\/pages\/78433\/revisions\/78435"}],"up":[{"embeddable":true,"href":"https:\/\/www.squareone.ca\/fr\/wp-json\/wp\/v2\/pages\/50045"}],"wp:attachment":[{"href":"https:\/\/www.squareone.ca\/fr\/wp-json\/wp\/v2\/media?parent=78433"}],"curies":[{"name":"wp","href":"https:\/\/api.w.org\/{rel}","templated":true}]}}