{"id":78462,"date":"2026-03-06T09:57:54","date_gmt":"2026-03-06T17:57:54","guid":{"rendered":"https:\/\/www.squareone.ca\/centres-ressources\/bases-assurance-conseils\/tempetes-grele"},"modified":"2026-03-06T10:01:08","modified_gmt":"2026-03-06T18:01:08","slug":"tempetes-grele","status":"publish","type":"page","link":"https:\/\/www.squareone.ca\/fr\/centres-ressources\/bases-assurance\/dommages-grele","title":{"rendered":"Les dommages caus\u00e9s par une temp\u00eate de gr\u00eale sont-ils admissibles \u00e0 l\u2019assurance?"},"content":{"rendered":"<section id='intro' class=\"bg-shape-split bg-sub-page-hero\">\r\n    <div class=\"bg-position\">\r\n        <div class=\"container-fluid\">\r\n            <div class=\"row align-items-center\">\r\n                <div class=\"col-12 col-lg-8\">\r\n                    <h1>Les dommages caus\u00e9s par une temp\u00eate de gr\u00eale sont-ils admissibles \u00e0 l\u2019assurance?<\/h1>\r\n                    <strong>Article r\u00e9dig\u00e9 par l'\u00e9quipe de Square One<\/strong>\r\n                    <p><strong>Article \u00e9valu\u00e9 par <a href=\"https:\/\/www.squareone.ca\/about-us\/experts\/rena-novotny\" title=\"Experte : Rena Novotny\">Rena Novotny<\/a><\/strong><\/p> \r\n                    <p class=\"pb-4\" style=\"margin-top:-24px\">Mis \u00e0 jour le 2 avril 2025<\/p>              \r\n                <\/div>\r\n            <\/div>\r\n\r\n            <div class=\"row\">\r\n                <div class=\"col-lg-8\">\r\n                    <p class=\"display-4\">Les temp\u00eates de gr\u00eale sont peut-\u00eatre rares dans les r\u00e9gions plus temp\u00e9r\u00e9es du Canada, comme Vancouver, mais elles se produisent tout de m\u00eame de temps \u00e0 autre. En comparaison, les provinces des Prairies sont plus vuln\u00e9rables \u00e0 des temp\u00eates de gr\u00eale; les villes comme Calgary subissent de <a href=\"https:\/\/ici.radio-canada.ca\/nouvelle\/2179331\/tempete-grele-calgary-degats-maisons\" title=\"Une temp\u00eate de gr\u00eale fait d\u2019importants d\u00e9g\u00e2ts \u00e0 Calgary\" target=\"_blank\" rel=\"noopenor noopener noreferrer\">multiples temp\u00eates de gr\u00eale<\/a> chaque ann\u00e9e. Dans ces r\u00e9gions, les temp\u00eates de gr\u00eale sont l\u2019une des causes les plus courantes des dommages ext\u00e9rieurs d\u00e9clar\u00e9s \u00e0 des fournisseurs d\u2019assurance.<\/p>\r\n                    <p class=\"display-4\">Dans cet article, nous aborderons les tenants et aboutissants de l\u2019assurance habitation et les d\u00e9g\u00e2ts caus\u00e9s par la gr\u00eale.<\/p>\r\n                <\/div>\r\n\r\n                <div class=\"col-lg-3 offset-lg-1\">          \r\n                    <p class=\"mb-2 display-4 pt-4 pt-lg-0 pt-mb-0\"><strong>Th\u00e8mes<\/strong><\/p>\r\n                        <ul class=\"list-unstyled link-list display-4\">\r\n                            <li><a href='#What-causes-hail'>Quelles sont les causes de la gr\u00eale?<\/a><\/li>\r\n                            <li><a href='#Damage-my-home'>La gr\u00eale peut-elle endommager ma maison?<\/a><\/li>\r\n                            <li><a href='#Home-insurance-hail'>L\u2019assurance habitation et les dommages provoqu\u00e9s par la gr\u00eale<\/a><\/li>\r\n                        <\/ul>\r\n                <\/div>\r\n            <\/div>  \r\n        <\/div>\r\n    <\/div>\r\n    <div class=\"bg-bottom\"><\/div>\r\n<\/section>\r\n\r\n<section>\r\n    <div class=\"container-fluid py-6\">\r\n        <div class=\"row\">\r\n            <div class=\"col-12 col-lg-8\">\r\n\r\n                <div class=\"row pb-6\">\r\n                    <div class=\"col-12\">\r\n                        <div class=\"card review\" style='background-color:#FFE0C9'>\r\n                            <div class=\"card-body\">\r\n                                <p class=\"h3\">L\u2019essentiel<\/p>\r\n                                <ul class='mb-0'>\r\n                                    <li>La gr\u00eale se forme lorsque des courants ascendants chauds poussent les gouttelettes d&rsquo;eau au-dessus de l&rsquo;altitude de cong\u00e9lation, provoquant leur solidification et leur chute sous forme de gr\u00ealons.<\/li>\r\n                                    <li>Les temp\u00eates de gr\u00eale peuvent gravement endommager les maisons, les autos et les autres biens.<\/li>\r\n                                    <li>La plupart des polices d\u2019assurance habitation couvrent les dommages provoqu\u00e9s par la gr\u00eale, bien qu\u2019il puisse avoir une franchise plus \u00e9lev\u00e9e ou des conditions.<\/li>\r\n                                <\/ul>\r\n                            <\/div>\r\n                        <\/div>\r\n                    <\/div>\r\n                <\/div>              \r\n\r\n            <h2 id=\"What-causes-hail\">Quelles sont les causes de la gr\u00eale?<\/h2>\r\n\r\n            <p>Pendant une temp\u00eate, de forts courants ascendants d&rsquo;air chaud et des courants descendants d&rsquo;air froid commencent \u00e0 circuler dans les nuages de la cellule orageuse. Les courants ascendants transportent les gouttelettes d&rsquo;eau au-dessus de l&rsquo;altitude de cong\u00e9lation, o\u00f9 elles se transforment en gouttelettes de glace. Ensuite, les courants descendants entra\u00eenent les gouttelettes gel\u00e9es dans l&rsquo;air plus chaud, provoquant leur d\u00e9gel partiel. L\u00e0, il rencontre davantage d&rsquo;eau avant d&rsquo;\u00eatre \u00e0 nouveau capt\u00e9 par un autre courant ascendant, o\u00f9 il reg\u00e8le et grossit lorsqu&rsquo;il traverse \u00e0 nouveau l&rsquo;air froid.<\/p>\r\n\r\n            <p>Si ce cycle se r\u00e9p\u00e8te suffisamment de fois, la gouttelette gel\u00e9e grossit de plus en plus jusqu&rsquo;\u00e0 ce qu&rsquo;elle soit finalement assez lourde pour tomber au sol sous forme de gr\u00eale. Plus une cellule orageuse est forte, plus elle peut recycler longtemps ces gouttelettes de glace, produisant ainsi des gr\u00ealons de plus en plus gros, pouvant parfois atteindre la taille d&rsquo;une balle de golf ou d&rsquo;un pamplemousse.<\/p>\r\n\r\n            <h2 id=\"Damage-my-home\">La gr\u00eale peut-elle endommager ma maison?<\/h2>\r\n\r\n            <p>Nous avons tous vu comment la gr\u00eale peut endommager les voitures. Dans les provinces des Prairies, certaines concessionnaires d\u2019automobiles utilisent des tentes et abris pour emp\u00eacher les dommages s\u00e9v\u00e8res que m\u00eame une temp\u00eate de gr\u00eale mineure peut causer. Si les gr\u00ealons sont suffisamment grands, ils peuvent endommager les maisons, \u00e9galement. Les maisons sont plus difficiles \u00e0 prot\u00e9ger comparativement \u00e0 des v\u00e9hicules; apr\u00e8s tout, une tente ne prot\u00e9gera pas votre maison contre une temp\u00eate de gr\u00eale.<\/p>\r\n\r\n            <p>Certaines composantes de la maison sont plus susceptibles \u00e0 des dommages provoqu\u00e9s par la gr\u00eale\u00a0:<p>\r\n\r\n            <ul>\r\n                <li><p><strong>Bardeaux et les bardeaux de fentes\u00a0:<\/strong> \u00c9tant donn\u00e9 que le toit est expos\u00e9 aux \u00e9l\u00e9ments m\u00e9t\u00e9orologiques, c\u2019est la partie de la maison qui est la plus vuln\u00e9rable \u00e0 des dommages provoqu\u00e9s par la gr\u00eale. Les gr\u00ealons petits et moyens peuvent \u00e9roder les <a href=\"https:\/\/www.squareone.ca\/fr\/centres-ressources\/ameliorations-domiciliaires\/types-de-toiture\" title=\"Initiation aux types de toiture\">bardeaux d\u2019asphalte<\/a>, ce qui cause des pertes granulaires, des fissures ou des petites perforations dans les bardeaux. Les gr\u00ealons moyens \u00e0 grands peuvent fissurer et percer le bardage de fente et les bardeaux. Les maisons \u00e9quip\u00e9es de panneaux de toiture m\u00e9talliques, bien que r\u00e9sistantes \u00e0 certaines tailles de gr\u00ealons, peuvent tout de m\u00eame se bosseler ou se froisser lorsqu&rsquo;elles absorbent l&rsquo;impact des gr\u00ealons tombants.<\/p><\/li>\r\n                <li><p><strong>Puits de lumi\u00e8re\u00a0:<\/strong> Bien que les puits de lumi\u00e8re soient construits pour r\u00e9sister la gr\u00eale, il n\u2019y a aucune garantie contre les gr\u00ealons massifs. Si un gr\u00ealon suffisamment gros frappe un puits de lumi\u00e8re au bon endroit, il peut la fissurer ou la briser, comme n&rsquo;importe quelle autre fen\u00eatre.<\/p><\/li>\r\n                <li><p><strong>Bandes d\u2019\u00e9tanch\u00e9it\u00e9, chemin\u00e9es et goutti\u00e8res\u00a0:<\/strong> La plupart des chemin\u00e9es, bandes d\u2019\u00e9tanch\u00e9it\u00e9 et goutti\u00e8res sont faites d\u2019aluminium. Bien qu\u2019il s\u2019agisse d\u2019une mati\u00e8re durable, l\u2019aluminium peut toujours \u00eatre fissur\u00e9 et \u00e9br\u00e9ch\u00e9 par les gr\u00ealons \u00e9normes. Les gr\u00ealons peuvent obstruer les <a href=\"https:\/\/www.squareone.ca\/resource-centres\/getting-to-know-your-home\/gutters-and-downspouts\" title=\"Initiation aux goutti\u00e8res et aux tuyaux de descente\">goutti\u00e8res et les tuyaux de descente<\/a>, ce qui peut causer le d\u00e9bordement de l\u2019eau ou m\u00eame l\u2019effondrement de la goutti\u00e8re si le poids de la gr\u00eale ou de l\u2019eau est trop lourd.<\/p><\/li>\r\n            <\/ul>\r\n\r\n            <p>En fonction de la force du vent, la gr\u00eale peut \u00e9galement descendre en biais. Effectivement, la gr\u00eale pouss\u00e9e par le vent est assez courante. En plus d\u2019endommager le toit, la gr\u00eale peut \u00e9galement endommager le <a href=\"https:\/\/www.squareone.ca\/resource-centres\/getting-to-know-your-home\/siding\" title=\"Initiation au bardage de votre habitation\">bardage<\/a>, les patios, les terrasses et les fen\u00eatres. \u00c0 part la maison elle-m\u00eame, la gr\u00eale peut endommager les <a href=\"https:\/\/www.squareone.ca\/resource-centres\/homeowner\/insuring-your-landscaping\" title=\"Comment assurer l\u2019am\u00e9nagement paysager, les cl\u00f4tures et l\u2019\u00e9quipement de jardinage\">plantes et les arbres<\/a>. Pour cette raison, il est important de faire attention aux branches anciennes, fragiles ou volumineuses qui s&rsquo;\u00e9tendent au-dessus de votre maison et qui pourraient se briser sous le poids de la gr\u00eale.<\/p>\r\n\r\n            <\/div>\r\n        <\/div>\r\n    <\/div>\r\n<\/section>\r\n\r\n\t<section class=\"bg-transparent\">\n\t\t<img decoding=\"async\" src=\"\/sales\/images\/bgs\/bg-mid-page-cta-general-top.svg\" style=\"width: 100%; vertical-align: bottom; position: relative; top: 1px\"\/>\n\t\t\n\t\t<div class=\"bg-darkTeal py-3\">\t\t\t\n\t\t\t<div class=\"container-fluid\">\n\t\t\t\t<div class=\"row d-flex align-items-center pb-5\">\n\t\t\t\t\t<div class=\"col-12 col-md-8 offset-md-2 px-lg-5 pb-5 pb-lg-0\">\n\t\t\t\t\t\t<div class=\"h6 mb-4 text-primary text-uppercase text-center\">\n\t\t\t\t\t\t\tCela ne prend que 5\u00a0minutes \n\t\t\t\t\t\t<\/div>\t\t\n\t\t\t\t\t\t\t\t\t\t\t\n\t\t\t\t\t\t<p class=\"lead px-lg-5 text-white\">\n\t\t\t\t\t\t\t<strong class=\"d-inline-block text-uc-first\">Pr\u00eat \u00e0 obtenir une soumission en ligne? <\/strong> Votre temps est aussi pr\u00e9cieux que vos possessions. Obtenez une soumission d'assurance habitation en <strong>5 minutes<\/strong>. C\u2019est moins de temps qu\u2019il n\u2019en faut pour faire la file pour un caf\u00e9.\n\t\t\t\t\t\t<\/p>\t\t\t\n\t\n\t\t\t\t\t\t<div id=\"sq1-qw-dce469815286\" class=\"sq1-quote-widget mb-4 text-white\" data-quote-widget-type=\"HOME\" data-has-custom-text=\"true\">\n\t\t\t\t\t\t\t<div class=\"input-group input-group-focus-within bg-white my-4\">\n\t\t\t\t\t\t\t\t<div>\n\t\t\t\t\t\t\t\t\t<div class=\"input-group-text\">\n\t\t\t\t\t\t\t\t\t\t<i class=\"fa fa-map-marker d-block text-black\"><\/i>\n\t\t\t\t\t\t\t\t\t<\/div>\n\t\t\t\t\t\t\t\t<\/div>\n\t\t\t\t\t\t\t\t<input type=\"text\" class=\"form-control\" style=\"padding: 10px;\" placeholder=\"Enter an address\" aria-label=\"Inscrivez votre adresse pour obtenir une soumission\"\/>\n\t\t\t\t\t\t\t\t<div>\n\t\t\t\t\t\t\t\t\t<button class=\"btn btn-primary\">Obtenir une soumission en ligne d\u00e8s maintenant<\/button>\n\t\t\t\t\t\t\t\t<\/div>\n\t\t\t\t\t\t\t<\/div>\n\t\t\t\t\t\t<\/div>\n\t\t\t\t\t\t\n\t\t\t\t\t\t<p class=\"small text-white\">Avant de commencer, veuillez lire notre <a href=\"https:\/\/www.squareone.ca\/fr\/politique-confidentialite\" target=\"_blank\" rel=\"noreferrer noopener\">Politique de confidentialit\u00e9<\/a> et nos <a href=\"https:\/\/www.squareone.ca\/fr\/conditions-utilisation\" target=\"_blank\" rel=\"noreferrer noopener\">Conditions d\u2019utilisation<\/a>.<\/p>\t\n\t\n\t\t\t\t\t\t<script type=\"text\/javascript\">\n\t\t\t\t\t\t(function() {\n\t\t\t\t\t\t\tdocument.addEventListener('soiMiscJsLoaded', function() {\n\t\t\t\t\t\t        $(document).ready(function() {\n\t\t\t\t\t\t\t\t\tsoiQuoteWidget.processFormWidget('\/sales\/index.php\/json_quote_widget?rand=' +Math.random(), 'qwContainer'); \/\/populate quoting widget with content from symfony.\n\t\t\t\t\t\t\t\t});\n\t\t\t\t\t\t\t});\n\t\t\t\t\t\t})();\n\t\t\t\t\t\t<\/script>\n\t\t\t\t\t<\/div>\n\t\t\t\t<\/div>\n\t\t\t<\/div>\n\t\t<\/div>\n\t\t\n\t\t<img decoding=\"async\" src=\"\/sales\/images\/bgs\/bg-mid-page-cta-general-bottom.svg\" style=\"width: 100%; vertical-align: top\"\/>\t\t\n\t<\/section>\r\n\r\n<section>\r\n    <div class=\"container-fluid py-6\">\r\n        <div class=\"row\">\r\n            <div class=\"col-12 col-lg-8\">\r\n\r\n            <h2 id=\"home-insurance\">Le vice cach\u00e9 et l\u2019assurance habitation<\/h2>\r\n\r\n            <p>La plupart des <a href=\"https:\/\/www.squareone.ca\/home\" title=\"Assurance habitation\">polices d\u2019assurance habitation<\/a> offrent de la couverture contre les dommages caus\u00e9s par la gr\u00eale, mais les franchises et limitations varient. Les plantes d&rsquo;ext\u00e9rieur sont g\u00e9n\u00e9ralement exclues, donc si vous avez des plantes ou arbres particuli\u00e8rement pr\u00e9cieux, vous pouvez les prot\u00e9ger \u00e0 l&rsquo;aide d&rsquo;une esp\u00e8ce d\u2019abri, comme de grands pots ou un filet que vous pouvez tirer par-dessus en cas de temp\u00eate.<\/p>\r\n\r\n            <p>Que vous ayez souscrit une police d\u2019assurance habitation <a href=\"https:\/\/www.squareone.ca\/resource-centres\/insurance-basics\/home-insurance-policy-types\" title=\"Initiation aux diff\u00e9rents types d\u2019assurance habitation\">compr\u00e9hensive ou risques d\u00e9sign\u00e9s<\/a>, les dommages au-del\u00e0 de votre franchise seraient probablement couverts, \u00e0 condition que les dommages provoqu\u00e9s par la gr\u00eale soient inclus dans votre police. \u00c0 la lumi\u00e8re du nombre de sinistres accrus caus\u00e9s par la gr\u00eale et le vent, certains assureurs ont modifi\u00e9 leurs polices afin d&rsquo;imposer des franchises diff\u00e9rentes et plus \u00e9lev\u00e9es dans les r\u00e9gions particuli\u00e8rement expos\u00e9es aux temp\u00eates de gr\u00eale. Certains fournisseurs offrent la possibilit\u00e9 de payer plus pour une franchise pour la gr\u00eale moins \u00e9lev\u00e9e. Si vous n\u2019\u00eates pas s\u00fbr comment la couverture pour la gr\u00eale s\u2019applique \u00e0 votre police, communiquez avec votre fournisseur d\u2019assurance pour passer en revue votre couverture.<\/p>\r\n\r\n            <p>Les polices de Square One comprennent la <a href=\"\/habitation\/grele\" title=\"Assurance contre les dommages provoqu\u00e9s par la gr\u00eale\">couverture pour la gr\u00eale<\/a> par d\u00e9faut dans la plupart des r\u00e9gions. Dans certaines r\u00e9gions \u00e0 risque \u00e9lev\u00e9, la couverture pour la gr\u00eale est facultative.<\/p>\r\n\r\n            <p>Si votre toiture \u00e9tait d\u00e9j\u00e0 vieille et us\u00e9e avant que la gr\u00eale ne cause des dommages, il est possible que votre assureur ne paie pas la totalit\u00e9 des frais de remplacement. Il peut vous offrir un r\u00e8glement selon la d\u00e9pr\u00e9ciation pour tenir compte de l\u2019usure du toit. Depreciation\u00a0\u00bb>depreciation<\/a> to your settlement to account for wear and tear that left the roof vulnerable to hail damage. Certains fournisseurs d\u2019assurance ont m\u00eame modifi\u00e9 leurs polices afin de d\u00e9pr\u00e9cier les toitures, quels que soient les causes des dommages ou l&rsquo;\u00e9tat dans lequel se trouvait la toiture avant la survenance du sinistre.<\/p>\r\n\r\n            <p>Il y a \u00e9galement des limitations sur la couverture pour le bardage. Si une temp\u00eate de gr\u00eale endommage seulement un ou deux c\u00f4t\u00e9s d&rsquo;une maison, la plupart des polices d&rsquo;assurance habitation ne couvriront que le co\u00fbt de remplacement du rev\u00eatement ext\u00e9rieur de ces c\u00f4t\u00e9s. La police couvrirait le co\u00fbt du remplacement du rev\u00eatement endommag\u00e9 par un nouveau rev\u00eatement provenant du m\u00eame fabricant, de la m\u00eame couleur et du m\u00eame style (\u00e0 condition qu&rsquo;il soit encore disponible).<\/p>\r\n\r\n            <p>Parfois, un nouveau rev\u00eatement peut sembler diff\u00e9rent de l&rsquo;ancien, m\u00eame s&rsquo;il est exactement du m\u00eame style et de la m\u00eame couleur que l&rsquo;ancien. Les rev\u00eatements ext\u00e9rieurs se d\u00e9colorent avec le temps; il est donc pratiquement impossible de trouver un nouveau rev\u00eatement qui corresponde \u00e0 celui qui s&rsquo;est d\u00e9color\u00e9. Malheureusement, la plupart des polices d&rsquo;assurance habitation ne couvrent pas le remplacement complet du rev\u00eatement ext\u00e9rieur d&rsquo;une maison dans le seul but d&rsquo;obtenir une couleur assortie. Cependant, ils peuvent le faire si le rev\u00eatement d&rsquo;origine n&rsquo;est plus disponible.<\/p>\r\n\r\n            <p>Les maisons mobiles ou pr\u00e9fabriqu\u00e9es ne sont souvent pas couvertes pour certains types de dommages caus\u00e9s par la gr\u00eale. Si vous vivez dans une maison mobile ou pr\u00e9fabriqu\u00e9e, demandez \u00e0 votre fournisseur d\u2019assurance de passer en revue votre couverture avec vous et de vous aider \u00e0 comprendre ce \u00e0 quoi vous pouvez vous attendre en cas de sinistre.<\/p>\r\n\r\n            <p>V\u00e9rifiez votre police d\u2019assurance habitation ou contactez votre assureur pour conna\u00eetre les modalit\u00e9s de votre contrat. Ainsi, vous ne serez pas pris au d\u00e9pourvu si la gr\u00eale endommage votre maison.<\/p>\r\n\r\n            <p>Il est important de vous assurer que vous disposez de la couverture d&rsquo;assurance habitation la plus compl\u00e8te possible. De cette fa\u00e7on, vous serez prot\u00e9g\u00e9 contre les dommages au toit ou aux fen\u00eatres caus\u00e9s par la gr\u00eale. Vous serez \u00e9galement prot\u00e9g\u00e9 contre les <a href=\"\/fr\/habitation\/eau\" title=\"Assurance contre les d\u00e9g\u00e2ts d\u2019eau\">d\u00e9g\u00e2ts d\u2019eau<\/a> \u00e0 l\u2019int\u00e9rieur de la maison d\u00e9coulant des dommages provoqu\u00e9s par la gr\u00eale.<\/p>\r\n\r\n            <p><strong>Vous voulez en savoir plus?<\/strong> Consultez notre <a href=\"\/fr\/centres-ressources\/bases-assurance\" title=\"Centre de ressources : bases de l\u2019assurance habitation\">Centre de ressources&nbsp;: bases de l\u2019assurance habitation<\/a> pour acc\u00e9der \u00e0 des dizaines d\u2019articles pratiques pour vous guider sur les tenants et aboutissants de l\u2019assurance habitation. Ensuite, <a href=\"\/fr\/soumission-assurance-habitation-en-ligne\" title=\"Obtenir une soumission d\u2019assurance habitation en ligne\">obtenez une soumission d'assurance habitation en ligne<\/a> en moins de 5\u00a0minutes et d\u00e9couvrez \u00e0 quel point l\u2019assurance habitation personnalis\u00e9e peut \u00eatre abordable.<\/p>\r\n\r\n            <div class=\"row py-3\">\r\n<div class=\"col-12\">\r\n<div class=\"card review\" style=\"box-shadow: 0 2px 4px rgba(0,0,0,0.07);background-color:#f4f4f4;\">\r\n<div class=\"card-body\">\r\n\t<p class=\"text-primary h4\">\u00c0 propos de l\u2019experte&nbsp;: Rena Novotny<\/p>\r\n\t<p>Rena a commenc\u00e9 sa carri\u00e8re de 23&nbsp;ans \u00e0 titre d\u2019experte en sinistres ind\u00e9pendante o\u00f9 elle s\u2019est sp\u00e9cialis\u00e9e dans les sinistres complexes, de responsabilit\u00e9 civile et de risque sp\u00e9cial. \u00c0 titre de gestionnaire de succursale, Rena embauchait, formait, encadrait et entra\u00eenait plusieurs experts en sinistres. Elle poursuit des \u00e9tudes sup\u00e9rieures \u00e0 temps partiel en neuro-psychologie et traumatisme dans le but d\u2019apprendre comment les deux conditions pourraient toucher l\u2019engagement de l\u2019assur\u00e9 quant aux sinistres catastrophiques. Titulaire d\u2019une ma\u00eetrise en analyse et gestion de conflits, Rena est munie des d\u00e9signations CRM, PAA et d\u2019un certificat en expertise en r\u00e8glement de sinistres, niveau&nbsp;3.<\/p>\r\n<\/div>\r\n<\/div>\r\n<\/div>\r\n<\/div>\r\n\r\n        <\/div>\r\n    <\/div>\r\n<\/div>\r\n<\/section>\r\n<script type=\"application\/ld+json\">\r\n{\r\n  \"@context\": \"https:\/\/schema.org\",\r\n  \"@type\": \"WebPage\",\r\n  \"mainEntityOfPage\": {\r\n    \"@type\": \"Article\",\r\n    \"@id\": \"https:\/\/www.squareone.ca\/fr\/centres-ressources\/bases-assurance\/dommages-grele\"\r\n  },\r\n  \"author\": [\r\n    {\r\n      \"@type\": \"Person\",\r\n      \"name\": \"Square One team\"\r\n    }\r\n  ],\r\n  \"reviewedBy\": [\r\n    {\r\n      \"@type\": \"Person\",\r\n      \"name\": \"Rena Novotny\",\r\n      \"url\": \"https:\/\/www.squareone.ca\/fr\/a-propos-de-nous\/experts\/rena-novotny\"\r\n    }\r\n  ],\r\n  \"headline\": \"Les dommages caus\u00e9s par une temp\u00eate de gr\u00eale sont-ils admissibles \u00e0 l\u2019assurance?\",\r\n  \"datePublished\": \"\",\r\n  \"dateModified\": \"\",\r\n  \"inLanguage\": \"fr-CA\",\r\n  \"isAccessibleForFree\": true\r\n}\r\n<\/script>\r\n<script type=\"application\/ld+json\">\r\n{\r\n  \"@context\": \"https:\/\/schema.org\",\r\n  \"@type\": \"FAQPage\",\r\n  \"mainEntity\": [{\r\n    \"@type\": \"Question\",\r\n    \"name\": \"Quelles sont les causes de la gr\u00eale?\",\r\n    \"acceptedAnswer\": {\r\n      \"@type\": \"Answer\",\r\n      \"text\": \"<p>Pendant une temp\u00eate, de forts courants ascendants d'air chaud et des courants descendants d'air froid commencent \u00e0 circuler dans les nuages de la cellule orageuse. Les courants ascendants transportent les gouttelettes d'eau au-dessus de l'altitude de cong\u00e9lation, o\u00f9 elles se transforment en gouttelettes de glace. Ensuite, les courants descendants entra\u00eenent les gouttelettes gel\u00e9es dans l'air plus chaud, provoquant leur d\u00e9gel partiel. L\u00e0, il rencontre davantage d'eau avant d'\u00eatre \u00e0 nouveau capt\u00e9 par un autre courant ascendant, o\u00f9 il reg\u00e8le et grossit lorsqu'il traverse \u00e0 nouveau l'air froid.<\/p>\r\n<p>Si ce cycle se r\u00e9p\u00e8te suffisamment de fois, la gouttelette gel\u00e9e grossit de plus en plus jusqu'\u00e0 ce qu'elle soit finalement assez lourde pour tomber au sol sous forme de gr\u00eale. Plus une cellule orageuse est forte, plus elle peut recycler longtemps ces gouttelettes de glace, produisant ainsi des gr\u00ealons de plus en plus gros, pouvant parfois atteindre la taille d'une balle de golf ou d'un pamplemousse.<\/p>\"\r\n    }\r\n  },{\r\n    \"@type\": \"Question\",\r\n    \"name\": \"La gr\u00eale peut-elle endommager ma maison?\",\r\n    \"acceptedAnswer\": {\r\n      \"@type\": \"Answer\",\r\n      \"text\": \"Nous avons tous vu comment la gr\u00eale peut endommager les voitures. Dans les provinces des Prairies, certaines concessionnaires d\u2019automobiles ont des tentes et abris emp\u00eachent les dommages s\u00e9v\u00e8res que m\u00eame une temp\u00eate de gr\u00eale mineure peut causer. Si les gr\u00ealons sont suffisamment grands, ils peuvent endommager les maisons, \u00e9galement. Les maisons sont plus difficiles \u00e0 prot\u00e9ger comparativement \u00e0 des v\u00e9hicules; apr\u00e8s tout, une tente ne prot\u00e9gera pas votre maison contre une temp\u00eate de gr\u00eale. Certaines composantes de la maison sont plus susceptibles \u00e0 des dommages provoqu\u00e9s par la gr\u00eale : bardeaux et les bardeaux de fentes; puits de lumi\u00e8re; bandes d\u2019\u00e9tanch\u00e9it\u00e9, chemin\u00e9es et goutti\u00e8res. En fonction de la force du vent, la gr\u00eale peut \u00e9galement descendre en biais. Effectivement, la gr\u00eale pouss\u00e9e par le vent est assez courante. En plus d\u2019endommager le toit, la gr\u00eale peut \u00e9galement endommager le bardage, les patios, les terrasses et les fen\u00eatres. Au-del\u00e0 de la maison elle-m\u00eame, la gr\u00eale peut causer des ravages sur les plantes et les arbres. Pour cette raison, il est important de faire attention aux branches anciennes, fragiles ou volumineuses qui s'\u00e9tendent au-dessus de votre maison et qui pourraient se briser sous le poids de la gr\u00eale.\"\r\n    }\r\n  }]\r\n}\r\n<\/script>\r\n","protected":false},"excerpt":{"rendered":"<p>Les dommages caus\u00e9s par une temp\u00eate de gr\u00eale sont-ils admissibles \u00e0 l\u2019assurance? Article \u00e9valu\u00e9 par Rena Novotny Les temp\u00eates de gr\u00eale sont peut-\u00eatre rares dans les r\u00e9gions plus temp\u00e9r\u00e9es du Canada, comme Vancouver, mais elles se produisent tout de m\u00eame de temps \u00e0 autre. En comparaison, les provinces des Prairies sont plus vuln\u00e9rables \u00e0 des [&hellip;]<\/p>\n","protected":false},"author":2,"featured_media":0,"parent":50045,"menu_order":20,"comment_status":"open","ping_status":"closed","template":"page-article-new.php","meta":{"_acf_changed":false,"footnotes":""},"class_list":["post-78462","page","type-page","status-publish","hentry"],"acf":[],"_links":{"self":[{"href":"https:\/\/www.squareone.ca\/fr\/wp-json\/wp\/v2\/pages\/78462","targetHints":{"allow":["GET"]}}],"collection":[{"href":"https:\/\/www.squareone.ca\/fr\/wp-json\/wp\/v2\/pages"}],"about":[{"href":"https:\/\/www.squareone.ca\/fr\/wp-json\/wp\/v2\/types\/page"}],"author":[{"embeddable":true,"href":"https:\/\/www.squareone.ca\/fr\/wp-json\/wp\/v2\/users\/2"}],"replies":[{"embeddable":true,"href":"https:\/\/www.squareone.ca\/fr\/wp-json\/wp\/v2\/comments?post=78462"}],"version-history":[{"count":1,"href":"https:\/\/www.squareone.ca\/fr\/wp-json\/wp\/v2\/pages\/78462\/revisions"}],"predecessor-version":[{"id":78463,"href":"https:\/\/www.squareone.ca\/fr\/wp-json\/wp\/v2\/pages\/78462\/revisions\/78463"}],"up":[{"embeddable":true,"href":"https:\/\/www.squareone.ca\/fr\/wp-json\/wp\/v2\/pages\/50045"}],"wp:attachment":[{"href":"https:\/\/www.squareone.ca\/fr\/wp-json\/wp\/v2\/media?parent=78462"}],"curies":[{"name":"wp","href":"https:\/\/api.w.org\/{rel}","templated":true}]}}