{"id":78511,"date":"2026-03-11T08:25:32","date_gmt":"2026-03-11T15:25:32","guid":{"rendered":"https:\/\/www.squareone.ca\/centres-ressources\/lexique-assurance\/definition-depreciation"},"modified":"2026-03-31T15:01:12","modified_gmt":"2026-03-31T22:01:12","slug":"definition-depreciation","status":"publish","type":"page","link":"https:\/\/www.squareone.ca\/fr\/centres-ressources\/lexique-assurance\/depreciation","title":{"rendered":"D\u00e9finition : d\u00e9pr\u00e9ciation"},"content":{"rendered":"<section id='intro' class=\"bg-shape-split bg-sub-page-hero\">\r\n\t<div class=\"bg-position\">\r\n\t\t<div class=\"container-fluid\">\r\n\t\t\t<div class=\"row align-items-center\">\r\n\t\t\t\t<div class=\"col-12 col-lg-8\">                \r\n\t\t\t\t\t<h1>D\u00e9pr\u00e9ciation<\/h1>\r\n\t\t\t\t\t<strong>Article r\u00e9dig\u00e9 par <a href=\"\/fr\/a-propos-de-nous\/contributeurs#seamus-mckale\" title=\"Auteur : Seamus McKale\">Seamus McKale<\/a><\/strong>\r\n                                        <p class=\"pb-3\"><strong>Article \u00e9valu\u00e9 par <a href=\"\/fr\/a-propos-de-nous\/experts\/daniel-mirkovic\" title=\"Expert : Daniel Mirkovic\">Daniel Mirkovic<\/a><\/strong><\/p> \r\n\t\t\t\t\t<p class=\"pb-4\" style=\"margin-top:-24px\">Mis \u00e0 jour le 10 septembre 2025<\/p>\r\n\t\t\t\t<\/div>\r\n\t\t\t<\/div>\r\n\r\n\t\t\t<div class=\"row\">\r\n\t\t\t\t<div class=\"col-lg-8\">\r\n\t\t\t\t\t<p class='mb-0'>Nom<\/p>\r\n\t\t\t\t\t<p>d\u00e9\u00b7pr\u00e9\u00b7ci\u00b7a\u00b7tion | dep\u0281esjasj\u0254\u0303<\/p>\r\n\t\t\t\t\t<p class=\"display-4\"><strong><span class='text-orange'>D\u00e9finition\u00a0:<\/span> Une m\u00e9thode de comptabilit\u00e9 qui amortit le co\u00fbt d\u2019un actif sur les ann\u00e9es de sa vie utile.<\/strong><\/p>\r\n\t\t\t\t\t<p class=\"display-4\"><i>Les grandes soci\u00e9t\u00e9s appliquent syst\u00e9matiquement la <strong>d\u00e9pr\u00e9ciation<\/strong> \u00e0 leurs actifs \u00e0 des fins fiscales et de comptabilit\u00e9.<\/i><\/p>                   \r\n\t\t\t\t<\/div>\r\n\r\n\t\t\t\t<div class=\"col-lg-3 offset-lg-1\">          \r\n\t\t\t\t\t<p class=\"mb-2 display-4 pt-4 pt-lg-0 pt-mb-0\"><strong>Th\u00e8mes<\/strong><\/p>\r\n\t\t\t\t\t<ul class=\"list-unstyled link-list display-4\">\r\n\t\t\t\t\t\t<li><a href='#What-it-is'>Qu\u2019est-ce que la d\u00e9pr\u00e9ciation?<\/a><\/li>\r\n\t\t\t\t\t\t<li><a href='#Insurance'>La d\u00e9pr\u00e9ciation et l\u2019assurance<\/a><\/li>\r\n\t\t\t\t\t\t<li><a href='#Calculation'>Calcul de la d\u00e9pr\u00e9ciation<\/a><\/li>\r\n\t\t\t\t\t<\/ul>\r\n\t\t\t\t<\/div>\r\n\t\t\t<\/div>  \r\n\t\t<\/div>\r\n\t<\/div>\r\n\t<div class=\"bg-bottom\"><\/div>\r\n<\/section>\r\n\r\n<section>\r\n    <div class=\"container-fluid py-6\">\r\n        <div class=\"row\">\r\n            <div class=\"col-12 col-lg-8\">\r\n                <div class=\"row pb-6\">\r\n                    <div class=\"col-12\">\r\n                        <div class=\"card review\" style='background-color:#FFE0C9'>\r\n                            <div class=\"card-body\">\r\n                                <p class=\"h3\">L\u2019essentiel<\/p>\r\n                                <ul class='mb-0'>\r\n\t\t\t\t\t<li>La d\u00e9pr\u00e9ciation signifie l&rsquo;amortissement de la valeur d\u2019un article au cours de sa vie utile.<\/li>\r\n\t\t\t\t\t<li>Normalement, les assureurs r\u00e8glent les r\u00e9clamations selon la valeur \u00e0 neuf ou la valeur au jour du sinistre.<\/li>\r\n\t\t\t\t\t<li>Les compagnies d\u2019assurance utilisent la d\u00e9pr\u00e9ciation pour calculer la valeur au jour du sinistre.<\/li>\r\n                                <\/ul>\r\n                            <\/div>\r\n                        <\/div>\r\n                    <\/div>\r\n                <\/div>\r\n\r\n\t\t\t\t<h2 id=\"What-it-is\">Qu\u2019est-ce que la d\u00e9pr\u00e9ciation?<\/h2>\r\n\t\t\t\t<p>Tout simplement, la d\u00e9pr\u00e9ciation consiste \u00e0 r\u00e9partir le co\u00fbt d&rsquo;un bien sur la dur\u00e9e d&rsquo;utilisation de celui-ci.<\/p>\r\n\r\n\t\t\t\t<p>La valeur d\u2019un article d\u00e9pr\u00e9cie par ann\u00e9e de vie utile de l\u2019article. La notion de vie utile est importante en d\u00e9pr\u00e9ciation; on en reviendra.<\/p>\r\n\r\n\t\t\t\t<p>La d\u00e9pr\u00e9ciation est une m\u00e9thode de comptabilit\u00e9. Les entreprises l\u2019utilisent pour amortir les frais des achats importants sur plusieurs ann\u00e9es.<\/p>\r\n\r\n\t\t\t\t<p>Il y a de nombreuses raisons pour lesquelles les comptables utilisent la d\u00e9pr\u00e9ciation. Nous n\u2019entrerons pas trop dans les d\u00e9tails de la m\u00e9thodologie; voici une explication abr\u00e9g\u00e9e\u00a0:<\/p>\r\n\t\t\t\t<ul>\r\n\t\t\t\t\t<li><p>L\u2019appariement des co\u00fbts aux revenus g\u00e9n\u00e9r\u00e9s est un <a href=\"https:\/\/www.bdc.ca\/fr\/articles-outils\/argent-finance\/gerer-finances\/essentiels-comptabilite-tout-proprietaires-entreprise-doivent-savoir\" title=\"Les essentiels de la comptabilit\u00e9 : Tout ce que les propri\u00e9taires d\u2019entreprise doivent savoir\" rel=\"noopener noreferrer\" target=\"_blank\">principe important de la comptabilit\u00e9<\/a>. Par exemple, lorsqu\u2019une compagnie ach\u00e8te une machine d\u2019une valeur de 100\u00a0000\u00a0$ et compte utiliser cette machine pour g\u00e9n\u00e9rer des recettes pendant 10\u00a0ans, la compagnie amortira la d\u00e9pense de 100\u00a0000\u00a0$ sur les 10\u00a0ans.<\/p><\/li>\r\n\t\t\t\t\t<li><p>Une compagnie emploie cette m\u00e9thode \u00e0 des fins fiscales. De cette fa\u00e7on, elle peut r\u00e9duire son revenu imposable sur la p\u00e9riode de d\u00e9pr\u00e9ciation, au lieu de payer des imp\u00f4ts sur le montant total de l\u2019achat.<\/p><\/li>\r\n\t\t\t\t<\/ul>\r\n\r\n\t\t\t\t<p>Cela dit, nous ne sommes pas l\u00e0 pour vous donner des le\u00e7ons sur la comptabilit\u00e9, mais plut\u00f4t pour parler de l\u2019assurance.<\/p>\r\n\r\n\r\n\t\t\t\t<h2 id=\"Insurance\">Que signifie la d\u00e9pr\u00e9ciation en assurance?<\/h2>\r\n\t\t\t\t<p>Les compagnies d\u2019assurance utilisent la d\u00e9pr\u00e9ciation dans le cadre du processus de r\u00e8glement de sinistres.<\/p>\r\n\t\t\t\t\r\n\t\t\t\t<p>Ils utilisent deux m\u00e9thodes principales pour d\u00e9terminer les montants de r\u00e8glement de sinistre\u00a0:<\/p>\r\n\t\t\t\t\r\n\t\t\t\t<p>Il s&rsquo;agit de la <a href=\"\/fr\/centres-ressources\/lexique-assurance\/valeur-a-neuf\" title=\"D\u00e9finition : valeur \u00e0 neuf\">valeur \u00e0 neuf<\/a> et la <a href=\"\/fr\/centres-ressources\/lexique-assurance\/valeur-jour-sinistre\" title=\"D\u00e9finition : valeur au jour du sinistre\">valeur au jour du sinistre<\/a>. Cliquez sur le lien pour une explication plus d\u00e9taill\u00e9e ou lisez la suite pour la version abr\u00e9g\u00e9e.<\/p>\r\n\t\t\t\t\r\n\t\t\t\t<p>La valeur \u00e0 neuf correspond au montant qu\u2019il faudrait payer pour remplacer un article par un article neuf similaire.<\/p>\r\n\t\t\t\t\r\n\t\t\t\tLa valeur au jour du sinistre correspond au co\u00fbt de remplacement diminu\u00e9 de la d\u00e9pr\u00e9ciation.<\/p>\r\n\t\t\t\t\r\n\t\t\t\t<p class=\"mb-0\">Prenons un exemple\u00a0:<\/p>\r\n\r\n\t\t\t\t<div class=\"row py-6\">\r\n\t\t\t\t\t<div class=\"col-12\">\r\n\t\t\t\t\t\t<div class=\"card review\" style='background-color:#B5E0EB'>\r\n\t\t\t\t\t\t\t<div class=\"card-body\">\r\n\t\t\t\t\t\t\t\t<p class=\"display-4\"><strong>Exemple<\/strong><\/p>\r\n\t\t\t\t\t\t\t\t<p><i>Martina a une police d\u2019assurance locataire pour couvrir sa propri\u00e9t\u00e9 personnelle (entre autres). Un tuyau \u00e9clat\u00e9 dans sa suite de sous-sol ab\u00eeme son sectionnel dispendieux. Elle d\u00e9cide de ne pas le remplacer. Elle informe son <a href=\"\/fr\/centres-ressources\/lexique-assurance\/expert-en-sinistres\" title=\"D\u00e9finition : expert en sinistres\">expert en sinistres<\/a> qu\u2019elle pr\u00e9f\u00e8re recevoir un r\u00e8glement en esp\u00e8ces.<\/i><\/p> \r\n\r\n\t\t\t\t\t\t\t\t<p><i>Son expert en sinistres d\u00e9termine qu\u2019un sectionnel neuf semblable co\u00fbterait 6\u00a0000\u00a0$.<\/i><\/p>\r\n\t\t\t\t\t\t\t<\/div>\r\n\t\t\t\t\t\t<\/div>\r\n\t\t\t\t\t<\/div>\r\n\t\t\t\t<\/div>\r\n\r\n\t\t\t\t<p>Dans cet exemple, la valeur au jour du sinistre du sectionnel serait de 6\u00a0000\u00a0$. C\u2019est le montant que son assureur paierait pour remplacer le sectionnel par un meuble neuf.<\/p>\r\n\r\n\t\t\t\t<p>Toutefois, Martina a choisi un r\u00e8glement en esp\u00e8ces au lieu d\u2019un sectionnel neuf. Avant d\u2019indemniser sa cliente, la compagnie d\u2019assurance appliquera la d\u00e9pr\u00e9ciation au co\u00fbt de remplacement.<\/p>\r\n\r\n\t\t\t\t<p>Le co\u00fbt de remplacement d\u00e9pr\u00e9ci\u00e9 ou la valeur au jour du sinistre est le montant que l\u2019assureur de Martina paierait pour r\u00e9gler la r\u00e9clamation.<\/p>\r\n\r\n\t\t\t\t<p>C&rsquo;est ainsi que les assureurs utilisent le plus souvent la d\u00e9pr\u00e9ciation. La plupart des polices d\u2019assurance habitation r\u00e8glent les <a href=\"\/fr\/centres-ressources\/bases-assurance\/remplacement-biens-meubles\" title=\"Article : Comprendre la couverture pour le r\u00e8glement selon la valeur \u00e0 neuf\">biens endommag\u00e9s selon la valeur \u00e0 neuf<\/a>, mais l\u2019assur\u00e9 peut choisir un r\u00e8glement en esp\u00e8ces aussi.<\/p> \r\n\r\n\t\t\t\t<p>La plupart des polices offrent la possibilit\u00e9 de recevoir un r\u00e8glement en esp\u00e8ces selon la valeur \u00e0 neuf. Assurez-vous de passer en revue votre police ou communiquez avec votre assureur si vous voulez des pr\u00e9cisions sur votre police.<\/p>\r\n\r\n\r\n\t\t\t<\/div>\r\n\t\t<\/div>\r\n\t<\/div>\r\n<\/section>\r\n\r\n\t<section class=\"bg-transparent\">\n\t\t<img decoding=\"async\" src=\"\/sales\/images\/bgs\/bg-mid-page-cta-general-top.svg\" style=\"width: 100%; vertical-align: bottom; position: relative; top: 1px\"\/>\n\t\t\n\t\t<div class=\"bg-darkTeal py-3\">\t\t\t\n\t\t\t<div class=\"container-fluid\">\n\t\t\t\t<div class=\"row d-flex align-items-center pb-5\">\n\t\t\t\t\t<div class=\"col-12 col-md-8 offset-md-2 px-lg-5 pb-5 pb-lg-0\">\n\t\t\t\t\t\t<div class=\"h6 mb-4 text-primary text-uppercase text-center\">\n\t\t\t\t\t\t\tCela ne prend que 5\u00a0minutes \n\t\t\t\t\t\t<\/div>\t\t\n\t\t\t\t\t\t\t\t\t\t\t\n\t\t\t\t\t\t<p class=\"lead px-lg-5 text-white\">\n\t\t\t\t\t\t\t<strong class=\"d-inline-block text-uc-first\">Pr\u00eat \u00e0 obtenir une soumission en ligne? <\/strong> Votre temps est aussi important que vos possessions. Obtenez une soummision en assurance habitation en 5 minutes. C\u2019est moins de temps qu\u2019il n\u2019en faut pour faire la file pour un caf\u00e9.\n\t\t\t\t\t\t<\/p>\t\t\t\n\t\n\t\t\t\t\t\t<div id=\"sq1-qw-02b465d4e993\" class=\"sq1-quote-widget mb-4 text-white\" data-quote-widget-type=\"HOME\" data-has-custom-text=\"true\">\n\t\t\t\t\t\t\t<div class=\"input-group input-group-focus-within bg-white my-4\">\n\t\t\t\t\t\t\t\t<div>\n\t\t\t\t\t\t\t\t\t<div class=\"input-group-text\">\n\t\t\t\t\t\t\t\t\t\t<i class=\"fa fa-map-marker d-block text-black\"><\/i>\n\t\t\t\t\t\t\t\t\t<\/div>\n\t\t\t\t\t\t\t\t<\/div>\n\t\t\t\t\t\t\t\t<input type=\"text\" class=\"form-control\" style=\"padding: 10px;\" placeholder=\"Enter an address\" aria-label=\"Inscrivez votre adresse pour obtenir une soumission\"\/>\n\t\t\t\t\t\t\t\t<div>\n\t\t\t\t\t\t\t\t\t<button class=\"btn btn-primary\">Obtenir une soumission en ligne d\u00e8s maintenant<\/button>\n\t\t\t\t\t\t\t\t<\/div>\n\t\t\t\t\t\t\t<\/div>\n\t\t\t\t\t\t<\/div>\n\t\t\t\t\t\t\n\t\t\t\t\t\t<p class=\"small text-white\">Avant de commencer, veuillez lire notre <a href=\"https:\/\/www.squareone.ca\/fr\/politique-confidentialite\" target=\"_blank\" rel=\"noreferrer noopener\">Politique de confidentialit\u00e9<\/a> et nos <a href=\"https:\/\/www.squareone.ca\/fr\/conditions-utilisation\" target=\"_blank\" rel=\"noreferrer noopener\">Conditions d\u2019utilisation<\/a>.<\/p>\t\n\t\n\t\t\t\t\t\t<script type=\"text\/javascript\">\n\t\t\t\t\t\t(function() {\n\t\t\t\t\t\t\tdocument.addEventListener('soiMiscJsLoaded', function() {\n\t\t\t\t\t\t        $(document).ready(function() {\n\t\t\t\t\t\t\t\t\tsoiQuoteWidget.processFormWidget('\/sales\/index.php\/json_quote_widget?rand=' +Math.random(), 'qwContainer'); \/\/populate quoting widget with content from symfony.\n\t\t\t\t\t\t\t\t});\n\t\t\t\t\t\t\t});\n\t\t\t\t\t\t})();\n\t\t\t\t\t\t<\/script>\n\t\t\t\t\t<\/div>\n\t\t\t\t<\/div>\n\t\t\t<\/div>\n\t\t<\/div>\n\t\t\n\t\t<img decoding=\"async\" src=\"\/sales\/images\/bgs\/bg-mid-page-cta-general-bottom.svg\" style=\"width: 100%; vertical-align: top\"\/>\t\t\n\t<\/section>\r\n\r\n<section class='py-6'>\r\n\t<div class=\"container-fluid\">\r\n\t\t<div class=\"row\">\r\n\t\t\t<div class=\"col-12 col-lg-8\">\r\n\r\n\r\n\t\t\t<h2 id=\"Calculation\">Comment calcule-t-on la d\u00e9pr\u00e9ciation?<\/h2>\r\n\t\t\t<p>Il existe de nombreuses m\u00e9thodes utilis\u00e9es par les comptables pour calculer la d\u00e9pr\u00e9ciation, mais nous allons nous en tenir \u00e0 la m\u00e9thode la plus courante et la plus simple : la d\u00e9pr\u00e9ciation lin\u00e9aire.<\/p>\r\n\r\n\t\t\t<p>Le calcul de la d\u00e9pr\u00e9ciation pour un article faisant l\u2019objet d\u2019une r\u00e9clamation en assurance n\u2019est pas compliqu\u00e9.<\/p>\r\n\r\n\t\t\t<h3>\u00c9tape 1<\/h3>\r\n\t\t\t<p>La premi\u00e8re \u00e9tape, c\u2019est d\u2019\u00e9tablir la vie utile de l\u2019article.<\/p>\r\n\r\n\t\t\t<p>La <a href=\"https:\/\/www.bdc.ca\/fr\/articles-outils\/boite-outils-entrepreneur\/gabarits-documents-guides-affaires\/glossaire\/depreciation\" title=\"D\u00e9pr\u00e9ciation\" rel=\"noopener noreferrer\" target=\"_blank\">vie utile<\/a> est une estimation de la dur\u00e9e pendant laquelle l&rsquo;article sera utilis\u00e9. Les experts en sinistres consultent divers guides et r\u00e8glements pour d\u00e9terminer la vie utile d\u2019un article, au lieu de la d\u00e9terminer au cas le cas.<\/p>\r\n\r\n\t\t\t<p>Revenons \u00e0 notre exemple du sectionnel de Martina\u00a0: disons que le sectionnel a une vie utile de 10\u00a0ans.<\/p>\r\n\r\n\t\t\t<h3>\u00c9tape 2<\/h3>\r\n\t\t\t<p>La deuxi\u00e8me \u00e9tape, c\u2019est d\u2019\u00e9tablir la valeur \u00e0 neuf de l\u2019article ou le co\u00fbt de remplacement de l\u2019article par un article neuf de m\u00eame type et qualit\u00e9. La valeur \u00e0 neuf du sectionnel de Martina est de 6\u00a0000\u00a0$.<\/p>\r\n\r\n\t\t\t<h3>\u00c9tape 3<\/h3>\r\n\t\t\t<p>Et maintenant un peu de math\u00e9matique.<\/p>\r\n\r\n\t\t\t<p>Nous savons que la vie utile du sectionnel est de 10\u00a0ans et sa valeur \u00e0 neuf est de 6\u00a0000\u00a0$. Calculons la d\u00e9pr\u00e9ciation.<\/p>\r\n\r\n\t\t\t<p>R\u00e9partissons les 6\u00a0000\u00a0$ sur la vie utile de 10\u00a0ans du sectionnel. Cela donne un total de 600\u00a0$ par an. La valeur du sectionnel donc d\u00e9pr\u00e9cie par 600\u00a0$ par an.<\/p>\r\n\r\n\r\n\t\t\t\t<p class=\"text-center display-4\"><strong>6\u00a0000\u00a0$ \/ 600\u00a0$ = 600\u00a0$<\/strong><\/p>\r\n\t\t\t\t<p class=\"text-center\"><strong>(valeur \u00e0 neuf) \/ (vie utile) = (d\u00e9pr\u00e9ciation annuelle)<\/strong><\/p>   \r\n\r\n\r\n\t\t\t<h3>\u00c9tape 4<\/h3>\r\n\t\t\t<p>La derni\u00e8re \u00e9tape, c\u2019est de calculer la valeur au jour du sinistre. On applique la d\u00e9pr\u00e9ciation annuelle pour chaque ann\u00e9e de vie du sectionnel et d\u00e9duit ce montant de la valeur \u00e0 neuf.<\/p>\r\n\t\t\t\r\n\t\t\t<p>Martina avait le sectionnel pendant 6\u00a0ans avant que l\u2019inondation l\u2019ait d\u00e9truit.<\/p>\r\n\r\n\t\t\t\t<p class=\"text-center display-4\"><strong>600\u00a0$ x 6 = 3\u00a0600\u00a0$<\/strong><\/p>\r\n\t\t\t\t<p class=\"text-center\"><strong>(d\u00e9pr\u00e9ciation annuelle) \/ (nombre d\u2019ann\u00e9es d\u2019utilisation) = (d\u00e9pr\u00e9ciation totale)<\/strong><\/p> \r\n\r\n\t\t\t<p>Depuis l\u2019achat du sectionnel, sa valeur a baiss\u00e9 de 3\u00a0600\u00a0$ en raison de la d\u00e9pr\u00e9ciation. Par cons\u00e9quent, on d\u00e9duit 3\u00a0600\u00a0$ de la valeur \u00e0 neuf&#8230;<\/p>\r\n\r\n\r\n\t\t\t\t<p class=\"text-center display-4\"><strong>6\u00a0000\u00a0$ &#8211; 3\u00a0600\u00a0$ = 2\u00a0400\u00a0$<\/strong><\/p>\r\n\t\t\t\t<p class=\"text-center\"><strong>(valeur \u00e0 neuf) &#8211; (d\u00e9pr\u00e9ciation totale) = (valeur au jour du sinistre)<\/strong><\/p> \r\n\r\n\r\n\t\t\t<p>&#8230;ce qui donne 2\u00a0400\u00a0$. La valeur au jour du sinistre du sectionnel est donc de 2\u00a0400\u00a0$. Ceci est le montant que l\u2019assureur remettra \u00e0 Martina pour r\u00e9gler le sinistre (apr\u00e8s d\u00e9duction de la franchise).<\/p>\r\n\r\n\t\t\t<p>Chez Square One, nous utilisons la notion de d\u00e9pr\u00e9ciation limit\u00e9e. Cela signifie que la d\u00e9pr\u00e9ciation ne d\u00e9passera pas 50\u00a0%, peu importe la vie utile restante.<\/p>\r\n\r\n\t\t\t\t<p><strong>Vous recherchez une d\u00e9finition en assurance?<\/strong> Consultez notre <a href=\"\/fr\/centres-ressources\/lexique-assurance\" title=\"Centre de ressources : lexique de l'assurance\">Centre de ressources&nbsp;: lexique de l\u2019assurance<\/a> pour acc\u00e9der \u00e0 des d\u00e9finitions faciles \u00e0 comprendre des termes les plus courants de l'assurance. Ensuite, <a href=\"\/fr\/soumission-assurance-habitation-en-ligne\" title=\"Obtenir une soumission d\u2019assurance habitation en ligne\">obtenez une soumission d'assurance habitation en ligne<\/a> en moins de 5\u00a0minutes et d\u00e9couvrez \u00e0 quel point l\u2019assurance habitation personnalis\u00e9e peut \u00eatre abordable.<\/p>\r\n\r\n\t\t\t\t<div class=\"row py-3\">\r\n<div class=\"col-12\">\r\n<div class=\"card review\" style=\"box-shadow: 0 2px 4px rgba(0,0,0,0.07);background-color:#f4f4f4;\">\r\n<div class=\"card-body\">\r\n\t<p class=\"text-primary h4\">\u00c0 propos de l\u2019expert&nbsp;: Daniel Mirkovic<\/p>\r\n\t<p>Cofondateur de Square One comptant plus de 25&nbsp;ans dans le secteur de l\u2019assurance, Daniel \u00e9tait vice-pr\u00e9sident des services d\u2019assurance et de voyage de la British Columbia Automobile Association (BCAA). Daniel est titulaire d'un baccalaur\u00e9at \u00e8s commerce et d'une ma\u00eetrise \u00e8s administration des affaires, tous deux obtenus \u00e0 la Sauder School of Business de l'universit\u00e9 de la Colombie-Britannique. Daniel est muni de la d\u00e9signation CAAC et d\u2019un certificat en assurance de dommages niveau&nbsp;3 en Colombie-Britannique, en Alberta, en Saskatchewan, au Manitoba et en Ontario.<\/p>\r\n<\/div>\r\n<\/div>\r\n<\/div>\r\n<\/div>\r\n\r\n\t\t\t<\/div>\r\n\t\t<\/div>\r\n\t<\/div>\r\n<\/section>\r\n<script type=\"application\/ld+json\">\r\n{\r\n  \"@context\": \"https:\/\/schema.org\",\r\n  \"@graph\": [\r\n    {\r\n      \"@type\": [\"WebPage\", \"DefinedTerm\"],\r\n      \"@id\": \"https:\/\/www.squareone.ca\/centres-ressources\/lexique-assurance\/depreciation\",\r\n      \"url\": \"https:\/\/www.squareone.ca\/centres-ressources\/lexique-assurance\/depreciation\",\r\n      \"inLanguage\": \"fr-CA\",\r\n      \"isAccessibleForFree\": true,\r\n      \"name\": \"D\u00e9pr\u00e9ciation\",\r\n      \"description\": \"Une m\u00e9thode de comptabilit\u00e9 qui distribue le co\u00fbt d\u2019un actif pendant sa vie utile.\",\r\n      \"inDefinedTermSet\": {\r\n        \"@type\": \"DefinedTermSet\",\r\n        \"name\": \"Lexique de l\u2019assurance de Square One\",\r\n        \"url\": \"https:\/\/www.squareone.ca\/fr\/centres-ressources\/lexique-assurance\"\r\n      },\r\n      \"publisher\": {\r\n        \"@id\": \"https:\/\/www.squareone.ca\/fr\"\r\n      },\r\n      \"author\": {\r\n        \"@id\": \"#seamus-mckale\"\r\n      },\r\n      \"reviewedBy\": {\r\n        \"@id\": \"https:\/\/www.squareone.ca\/fr\/a-propos-de-nous\/experts\/daniel-mirkovic\"\r\n      }\r\n    },\r\n    {\r\n      \"@type\": \"InsuranceAgency\",\r\n      \"@id\": \"https:\/\/www.squareone.ca\/fr\",\r\n      \"name\": \"Assurances Square One\",\r\n      \"url\": \"https:\/\/www.squareone.ca\/fr\",\r\n      \"logo\": \"https:\/\/cdn.squareone.ca\/wp-content\/uploads\/2021\/04\/09094743\/square-one-logomark-default-md-1.png\",\r\n      \"address\": {\r\n        \"@type\": \"PostalAddress\",\r\n        \"streetAddress\": \"1410-650 W Georgia St\",\r\n        \"addressLocality\": \"Vancouver\",\r\n        \"addressRegion\": \"BC\",\r\n        \"postalCode\": \"V6B 4N8\",\r\n        \"addressCountry\": \"CA\"\r\n      },\r\n      \"telephone\": \"+1-855-331-6933\",\r\n      \"areaServed\": [\"BC\", \"AB\", \"SK\", \"MB\", \"ON\", \"QC\"],\r\n      \"feesAndCommissionsSpecification\": \"https:\/\/www.squareone.ca\/fr\/transparence\"\r\n    },\r\n    {\r\n      \"@type\": \"Person\",\r\n      \"@id\": \"#seamus-mckale\",\r\n      \"name\": \"Seamus McKale\",\r\n      \"url\": \"https:\/\/www.squareone.ca\/fr\/a-propos-de-nous\/membres-equipe#seamus-mckale\",\r\n      \"description\": \"Seamus a 15 ans d\u2019exp\u00e9rience en marketing, avec sp\u00e9cialisation en publicit\u00e9 multim\u00e9dia, r\u00e9daction technique et contenu sur l\u2019assurance personnelle.\",\r\n      \"jobTitle\": \"Sp\u00e9cialiste de marketing de contenu\",\r\n      \"worksFor\": {\r\n        \"@id\": \"https:\/\/www.squareone.ca\/fr\"\r\n      },\r\n      \"hasCredential\": [\r\n        {\r\n          \"@type\": \"EducationalOccupationalCredential\",\r\n          \"name\": \"Certificat en assurance de dommages de la C.-B., niveau 1\"\r\n        },\r\n        {\r\n          \"@type\": \"EducationalOccupationalCredential\",\r\n          \"name\": \"Certificat en assurance de dommages de l\u2019Ontario\"\r\n        }\r\n      ],\r\n      \"knowsAbout\": [\r\n        \"Marketing\",\r\n        \"Publicit\u00e9 multim\u00e9dia\",\r\n        \"R\u00e9daction technique\",\r\n        \"Assurance des particuliers\"\r\n      ],\r\n      \"sameAs\": [\r\n        \"https:\/\/www.linkedin.com\/in\/seamus-m-83801a2b\/\"\r\n      ]\r\n    },\r\n    {\r\n      \"@type\": \"Person\",\r\n      \"@id\": \"https:\/\/www.squareone.ca\/fr\/a-propos-de-nous\/experts\/daniel-mirkovic\",\r\n      \"name\": \"Daniel Mirkovic\",\r\n      \"url\": \"https:\/\/www.squareone.ca\/fr\/a-propos-de-nous\/experts\/daniel-mirkovic\",\r\n      \"description\": \"Daniel poss\u00e8de de vastes connaissances en assurance, acquises au cours de plus de 25 ans d\u2019exp\u00e9rience dans le secteur.\",\r\n      \"jobTitle\": \"Cofondateur et PDG\",\r\n      \"worksFor\": {\r\n        \"@id\": \"https:\/\/www.squareone.ca\/fr\"\r\n      },\r\n      \"alumniOf\": {\r\n        \"@type\": \"CollegeOrUniversity\",\r\n        \"name\": \"Sauder School of Business at the University of British Columbia\"\r\n      },\r\n      \"hasCredential\": [\r\n        {\r\n          \"@type\": \"EducationalOccupationalCredential\",\r\n          \"name\": \"Courtier d\u2019assurance agr\u00e9\u00e9 du Canada (CAAC)\"\r\n        },\r\n        {\r\n          \"@type\": \"EducationalOccupationalCredential\",\r\n          \"name\": \"Certificat en assurance de dommages, niveau 3 (BC, AB, SK, MB, ON)\"\r\n        }\r\n      ],\r\n      \"knowsAbout\": [\r\n        \"Assurance propri\u00e9taire occupant\",\r\n        \"Assurance locataire\",\r\n        \"Assurance copropri\u00e9taire\",\r\n        \"Assurance auto\",\r\n        \"Assurance automobile de collection\",\r\n        \"Assurance maladie\",\r\n        \"Assurance-vie\",\r\n        \"L\u2019assurance invalidit\u00e9 de longue dur\u00e9e\",\r\n        \"Assurance v\u00e9t\u00e9rinaire\",\r\n        \"Assurance-voyage\",\r\n        \"Planification d\u2019affaires et strat\u00e9gique\",\r\n        \"Publicit\u00e9 s'adressant directement aux consommateurs\",\r\n        \"D\u00e9veloppement des produits\",\r\n        \"Conception de l\u2019exp\u00e9rience des utilisateurs\"\r\n      ],\r\n      \"sameAs\": [\r\n        \"https:\/\/www.linkedin.com\/in\/danielmirkovic\"\r\n      ]\r\n    },\r\n    {\r\n      \"@type\": \"FAQPage\",\r\n      \"mainEntity\": [\r\n        {\r\n          \"@type\": \"Question\",\r\n          \"name\": \"Qu\u2019est-ce que la d\u00e9pr\u00e9ciation?\",\r\n          \"acceptedAnswer\": {\r\n            \"@type\": \"Answer\",\r\n            \"text\": \"Tout simplement, la d\u00e9pr\u00e9ciation consiste \u00e0 r\u00e9partir le co\u00fbt d'un bien sur la dur\u00e9e d'utilisation de celui-ci. La valeur d\u2019un article d\u00e9pr\u00e9cie par ann\u00e9e de vie utile de l\u2019article. La notion de vie utile est importante; on en reviendra.\"\r\n          }\r\n        },\r\n        {\r\n          \"@type\": \"Question\",\r\n          \"name\": \"Que signifie la d\u00e9pr\u00e9ciation en assurance?\",\r\n          \"acceptedAnswer\": {\r\n            \"@type\": \"Answer\",\r\n            \"text\": \"Les assureurs utilisent deux m\u00e9thodes principales pour d\u00e9cider les montants de r\u00e8glement de sinistre : la valeur \u00e0 neuf ou la valeur au jour du sinistre. La valeur \u00e0 neuf correspond au montant qu\u2019il faudrait payer pour remplacer un article par un article neuf similaire. La valeur au jour du sinistre est le co\u00fbt de remplacement moins la d\u00e9pr\u00e9ciation.\"\r\n          }\r\n        }\r\n      ]\r\n    }\r\n  ]\r\n}\r\n<\/script>","protected":false},"excerpt":{"rendered":"<p>D\u00e9pr\u00e9ciation Article \u00e9valu\u00e9 par Daniel Mirkovic Nom d\u00e9\u00b7pr\u00e9\u00b7ci\u00b7a\u00b7tion | dep\u0281esjasj\u0254\u0303 D\u00e9finition\u00a0: Une m\u00e9thode de comptabilit\u00e9 qui amortit le co\u00fbt d\u2019un actif sur les ann\u00e9es de sa vie utile. Les grandes soci\u00e9t\u00e9s appliquent syst\u00e9matiquement la d\u00e9pr\u00e9ciation \u00e0 leurs actifs \u00e0 des fins fiscales et de comptabilit\u00e9. Th\u00e8mes Qu\u2019est-ce que la d\u00e9pr\u00e9ciation? La d\u00e9pr\u00e9ciation et l\u2019assurance Calcul [&hellip;]<\/p>\n","protected":false},"author":2,"featured_media":0,"parent":53157,"menu_order":0,"comment_status":"closed","ping_status":"closed","template":"page-article-new.php","meta":{"_acf_changed":false,"footnotes":""},"class_list":["post-78511","page","type-page","status-publish","hentry"],"acf":[],"_links":{"self":[{"href":"https:\/\/www.squareone.ca\/fr\/wp-json\/wp\/v2\/pages\/78511","targetHints":{"allow":["GET"]}}],"collection":[{"href":"https:\/\/www.squareone.ca\/fr\/wp-json\/wp\/v2\/pages"}],"about":[{"href":"https:\/\/www.squareone.ca\/fr\/wp-json\/wp\/v2\/types\/page"}],"author":[{"embeddable":true,"href":"https:\/\/www.squareone.ca\/fr\/wp-json\/wp\/v2\/users\/2"}],"replies":[{"embeddable":true,"href":"https:\/\/www.squareone.ca\/fr\/wp-json\/wp\/v2\/comments?post=78511"}],"version-history":[{"count":3,"href":"https:\/\/www.squareone.ca\/fr\/wp-json\/wp\/v2\/pages\/78511\/revisions"}],"predecessor-version":[{"id":78689,"href":"https:\/\/www.squareone.ca\/fr\/wp-json\/wp\/v2\/pages\/78511\/revisions\/78689"}],"up":[{"embeddable":true,"href":"https:\/\/www.squareone.ca\/fr\/wp-json\/wp\/v2\/pages\/53157"}],"wp:attachment":[{"href":"https:\/\/www.squareone.ca\/fr\/wp-json\/wp\/v2\/media?parent=78511"}],"curies":[{"name":"wp","href":"https:\/\/api.w.org\/{rel}","templated":true}]}}