{"id":78531,"date":"2026-03-12T15:13:36","date_gmt":"2026-03-12T22:13:36","guid":{"rendered":"https:\/\/www.squareone.ca\/centres-ressources\/lexique-assurance\/definition-depreciation-limitee"},"modified":"2026-03-31T14:57:13","modified_gmt":"2026-03-31T21:57:13","slug":"definition-depreciation-limitee","status":"publish","type":"page","link":"https:\/\/www.squareone.ca\/fr\/centres-ressources\/lexique-assurance\/depreciation-limitee","title":{"rendered":"D\u00e9finition : d\u00e9pr\u00e9ciation limit\u00e9e"},"content":{"rendered":"<section id='intro' class=\"bg-shape-split bg-sub-page-hero\">\r\n\t<div class=\"bg-position\">\r\n\t\t<div class=\"container-fluid\">\r\n\t\t\t<div class=\"row align-items-center\">\r\n\t\t\t\t<div class=\"col-12 col-lg-8\">                \r\n\t\t\t\t\t<h1>D\u00e9pr\u00e9ciation limit\u00e9e<\/h1>\r\n\t\t\t\t\t<strong>Article r\u00e9dig\u00e9 par <a href=\"\/fr\/a-propos-de-nous\/contributeurs#seamus-mckale\" title=\"Auteur : Seamus McKale\">Seamus McKale<\/a><\/strong>\r\n                                        <p class=\"pb-3\"><strong>Article \u00e9valu\u00e9 par <a href=\"\/fr\/a-propos-de-nous\/experts\/daniel-mirkovic\" title=\"Expert : Daniel Mirkovic\">Daniel Mirkovic<\/a><\/strong><\/p> \r\n\t\t\t\t\t<p class=\"pb-4\" style=\"margin-top:-24px\">Mis \u00e0 jour le 10 septembre 2025<\/p>\r\n\t\t\t\t<\/div>\r\n\t\t\t<\/div>\r\n\r\n\t\t\t<div class=\"row\">\r\n\t\t\t\t<div class=\"col-lg-8\">\r\n\t\t\t\t\t<p class='mb-0'>Nom<\/p>\r\n\t\t\t\t\t<p>d\u00e9\u00b7pr\u00e9\u00b7ci\u00b7a\u00b7tion lim\u00b7it\u00b7\u00e9e | dep\u0281esjasj\u0254\u0303 limite<\/p>\r\n\t\t\t\t\t<p class=\"display-4\"><strong><span class='text-orange'>D\u00e9finition\u00a0:<\/span> Une forme de d\u00e9pr\u00e9ciation o\u00f9 les actifs ne sont pas d\u00e9pr\u00e9ci\u00e9s en dessous d\u2019un pourcentage sp\u00e9cifi\u00e9 de leur co\u00fbt de remplacement.<\/strong><\/p>\r\n\t\t\t\t\t<p class=\"display-4\"><i>Le r\u00e8glement sera effectu\u00e9 selon la <strong>d\u00e9pr\u00e9ciation limit\u00e9e<\/strong>.<\/i><\/p>                   \r\n\t\t\t\t<\/div>\r\n\r\n\t\t\t\t<div class=\"col-lg-3 offset-lg-1\">          \r\n\t\t\t\t\t<p class=\"mb-2 display-4 pt-4 pt-lg-0 pt-mb-0\"><strong>Th\u00e8mes<\/strong><\/p>\r\n\t\t\t\t\t<ul class=\"list-unstyled link-list display-4\">\r\n\t\t\t\t\t\t<li><a href='#What-it-is'>Qu\u2019est-ce que la d\u00e9pr\u00e9ciation limit\u00e9e?<\/a><\/li>\r\n\t\t\t\t\t\t<li><a href='#How-it-works'>La d\u00e9pr\u00e9ciation limit\u00e9e et l\u2019assurance habitation<\/a><\/li>\r\n\t\t\t\t\t<\/ul>\r\n\t\t\t\t<\/div>\r\n\t\t\t<\/div>  \r\n\t\t<\/div>\r\n\t<\/div>\r\n\t<div class=\"bg-bottom\"><\/div>\r\n<\/section>\r\n\r\n<section>\r\n    <div class=\"container-fluid py-6\">\r\n        <div class=\"row\">\r\n            <div class=\"col-12 col-lg-8\">\r\n                <div class=\"row pb-6\">\r\n                    <div class=\"col-12\">\r\n                        <div class=\"card review\" style='background-color:#FFE0C9'>\r\n                            <div class=\"card-body\">\r\n                                <p class=\"h3\">L\u2019essentiel<\/p>\r\n                                <ul class='mb-0'>\r\n\t\t\t\t\t<li>La d\u00e9pr\u00e9ciation est la pratique de diminuer la valeur d\u2019un objet au fil du temps.<\/li>\r\n\t\t\t\t\t<li>La d\u00e9pr\u00e9ciation limit\u00e9e est un plafond qui d\u00e9termine dans quelle mesure la valeur d&rsquo;un bien peut \u00eatre r\u00e9duite par la d\u00e9pr\u00e9ciation.<\/li>\r\n\t\t\t\t\t<li>Chez Square One, la d\u00e9pr\u00e9ciation limit\u00e9e d&rsquo;un bien est fix\u00e9e \u00e0 50\u00a0% de son co\u00fbt de remplacement.<\/li>\r\n                                <\/ul>\r\n                            <\/div>\r\n                        <\/div>\r\n                    <\/div>\r\n                <\/div>\r\n\r\n\t\t\t\t<h2 id=\"What-it-is\">Qu\u2019est-ce que la d\u00e9pr\u00e9ciation limit\u00e9e en assurance habitation?<\/h2>\r\n\t\t\t\t<p>La d\u00e9pr\u00e9ciation est la pratique de diminuer la valeur d\u2019un article au fil du temps. Pour la d\u00e9finition compl\u00e8te, consultez notre <a href=\"\/resource-centres\/insurance-glossary\/depreciation\" title=\"D\u00e9finition : d\u00e9pr\u00e9ciation\">d\u00e9finition<\/a>.<\/p> \r\n\t\t\t\t\r\n\t\t\t\t<p>Normalement, un objet peut \u00eatre d\u00e9pr\u00e9ci\u00e9 jusqu\u2019\u00e0 z\u00e9ro, ce qui signifie que l\u2019objet serait sans valeur \u00e0 un moment donn\u00e9.<\/p>\r\n\t\t\t\t\r\n\t\t\t\t<p>La d\u00e9pr\u00e9ciation limit\u00e9e est une version modifi\u00e9e de la d\u00e9pr\u00e9ciation o\u00f9 la d\u00e9pr\u00e9ciation s\u2019arr\u00eate \u00e0 un certain pourcentage de la valeur originale, peu importe l\u2019\u00e2ge de l\u2019article. Par exemple, une disposition de d\u00e9pr\u00e9ciation limit\u00e9e peut imposer un plafond de d\u00e9pr\u00e9ciation de 50\u00a0% de la valeur originale, au lieu de poursuivre la d\u00e9pr\u00e9ciation \u00e0 z\u00e9ro.<\/p>\r\n\t\t\t\t\r\n\t\t\t\t<p>La d\u00e9pr\u00e9ciation limit\u00e9e est plus r\u00e9pandue en assurance automobile qu\u2019en assurance habitation, mais Square One l\u2019offre quand m\u00eame dans ses polices d\u2019assurance habitation.<\/p>\r\n\r\n\r\n\t\t\t\t<h2 id=\"How-it-works\">Comment se d\u00e9roule la d\u00e9pr\u00e9ciation limit\u00e9e en assurance habitation?<\/h2>\r\n\t\t\t\t<p>En assurance habitation, la d\u00e9pr\u00e9ciation s\u2019applique au processus de r\u00e8glement de sinistres.<\/p>\r\n\t\t\t\t\r\n\t\t\t\t<p>Lorsqu\u2019un assur\u00e9 pr\u00e9sente une r\u00e9clamation pour les biens perdus, endommag\u00e9s ou d\u00e9truits, les compagnies d\u2019assurance ne d\u00e9terminent pas le r\u00e8glement au hasard. L\u2019indemnisation est d\u00e9termin\u00e9e par les \u00ab\u00a0modalit\u00e9s de r\u00e8glement\u00a0\u00bb, un terme qui se trouve dans presque toutes les polices d\u2019assurance.<\/p>\r\n\t\t\t\t\r\n\t\t\t\t<p>Les modalit\u00e9s de r\u00e8glement \u00e9noncent la mani\u00e8re dont l\u2019assureur indemnisera une r\u00e9clamation. D\u2019habitude, une police comprend de multiples modalit\u00e9s de r\u00e8glement en fonction du type de sinistre, entre autres.<\/p>\r\n\t\t\t\t\r\n\t\t\t\t<p>Parmi les modalit\u00e9s de r\u00e8glement les plus courantes, on retrouve\u00a0le co\u00fbt de remplacement, le co\u00fbt de r\u00e9paration ou de reconstruction garanti, la <a href=\"\/fr\/centres-ressources\/lexique-assurance\/valeur-jour-sinistre\" title=\"D\u00e9finition : valeur au jour du sinistre\">valeur au jour du sinistre<\/a> ou la valeur convenue.<\/p> \r\n\t\t\t\t\r\n\t\t\t\t<p>La plupart des polices d\u2019assurance habitation n\u2019offrent pas la d\u00e9pr\u00e9ciation limit\u00e9e dans le cadre de leurs modalit\u00e9s de r\u00e8glement. Voici l\u2019approche de Square One\u00a0:\r\n\t\t\t\t<ul>\r\n\t\t\t\t\t<li><p>Lorsqu\u2019un assur\u00e9 pr\u00e9sente une r\u00e9clamation pour des biens perdus ou endommag\u00e9s, nous la r\u00e9parerons ou remplacerons selon la valeur \u00e0 neuf. Effectivement, nous indemniserons l\u2019assur\u00e9 du <a href=\"\/fr\/centres-ressources\/lexique-assurance\/valeur-a-neuf\" title=\"D\u00e9finition : valeur \u00e0 neuf\">co\u00fbt de remplacement<\/a> du bien endommag\u00e9 par un bien de qualit\u00e9 \u00e9gale.<\/p><\/li>\r\n\t\t\t\t\t\r\n\t\t\t\t\t<li><p>Si le bien ne peut pas \u00eatre r\u00e9par\u00e9 ou remplac\u00e9 ou si l\u2019assur\u00e9 pr\u00e9f\u00e9rait un r\u00e8glement en esp\u00e8ces, nous indemniserons l\u2019assur\u00e9 selon la valeur au jour du sinistre. La valeur au jour du sinistre est le co\u00fbt de remplacement moins la d\u00e9pr\u00e9ciation, mais Square One applique souvent la d\u00e9pr\u00e9ciation limit\u00e9e. Peu importe l\u2019\u00e2ge du bien, la d\u00e9pr\u00e9ciation ne d\u00e9passera pas 50\u00a0% de son co\u00fbt de remplacement (dans la plupart des cas). Pour les biens non fonctionnels au moment du sinistre (comme un t\u00e9l\u00e9phone cellulaire de 12\u00a0ans rang\u00e9 dans un tiroir), nous proc\u00e9derons \u00e0 un r\u00e8glement selon la valeur au jour du sinistre.<\/p><\/li>\r\n\t\t\t\t<\/ul>\r\n\r\n\r\n\t\t\t\t<p class=\"mb-0\">Examinons un exemple th\u00e9orique de la d\u00e9pr\u00e9ciation limit\u00e9e\u00a0:<\/p>\r\n\r\n\t\t\t\t<div class=\"row py-6\">\r\n\t\t\t\t\t<div class=\"col-12\">\r\n\t\t\t\t\t\t<div class=\"card review\" style='background-color:#B5E0EB'>\r\n\t\t\t\t\t\t\t<div class=\"card-body\">\r\n\t\t\t\t\t\t\t\t<p class=\"display-4\"><strong>Exemple<\/strong><\/p>\r\n\t\t\t\t\t\t\t\t<p><i>Thomas, Robert et Roland sont des fr\u00e8res qui vivent dans le m\u00eame immeuble. Ils ont tous les trois le m\u00eame syst\u00e8me de cin\u00e9ma \u00e0 domicile. Thomas et Robert ont souscrit une <a href=\"\/fr\/locataire\" title=\"Square One : assurance locataire\">assurance locataire<\/a> chez Square One, alors que Ronald a souscrit une assurance locataire avec un autre fournisseur. Tous les trois ont une franchise de 500\u00a0$.<\/i><\/p>\r\n\r\n\t\t\t\t\t\t\t\t<p><i>Un incendie dans l\u2019immeuble d\u00e9truit les trois syst\u00e8mes de cin\u00e9ma \u00e0 domicile et chaque fr\u00e8re pr\u00e9sente une r\u00e9clamation aupr\u00e8s de leur fournisseur d\u2019assurance. Les trois r\u00e9clamations ont \u00e9t\u00e9 approuv\u00e9es.<\/i><\/p>\r\n\r\n\t\t\t\t\t\t\t\t<p><i>Thomas, un client de Square One, veut que son syst\u00e8me de cin\u00e9ma \u00e0 domicile soit remplac\u00e9. Son expert en sinistres d\u00e9termine qu\u2019il co\u00fbterait 12\u00a0000\u00a0$ pour remplacer son syst\u00e8me par un syst\u00e8me neuf semblable. \u00c9tant donn\u00e9 que Thomas compte remplacer son syst\u00e8me, sa r\u00e9clamation est r\u00e9gl\u00e9e selon la valeur \u00e0 neuf\u00a0: Il re\u00e7oit 11\u00a0500\u00a0$ pour remplacer son syst\u00e8me de cin\u00e9ma \u00e0 domicile\u00a0: la valeur \u00e0 neuf moins sa <a href=\"\/fr\/centres-ressources\/lexique-assurance\/franchise\" title=\"Franchise\">franchise<\/a> (500\u00a0$).<\/i><\/p>\t\t\t\t\t\t\t\t\r\n\r\n\t\t\t\t\t\t\t\t<p><i>Robert, \u00e9galement client de Square One, ne veut pas de nouveau syst\u00e8me. Il informe l\u2019expert en sinistres qu\u2019il souhaiterait recevoir un r\u00e8glement en esp\u00e8ces. Sa r\u00e9clamation est r\u00e9gl\u00e9e selon la valeur au jour du sinistre. Son syst\u00e8me avait plus de 10\u00a0ans. En fonction des lignes directrices de la d\u00e9pr\u00e9ciation, l\u2019expert en sinistres a d\u00e9termin\u00e9 que la valeur du syst\u00e8me a diminu\u00e9 de 70 %. Cependant, la police de Robert comprend la d\u00e9pr\u00e9ciation limit\u00e9e; par cons\u00e9quent, le calcul de la d\u00e9pr\u00e9ciation ne d\u00e9passera pas 50\u00a0%. Robert re\u00e7oit une indemnisation de 3\u2009100 $ pour remplacer un objet d\u2019une valeur initiale de 12\u2009000 $. La d\u00e9pr\u00e9ciation de 70 % (8\u2009400 $) et la franchise (500 $) sont d\u00e9duites du montant total.<\/i><\/p>\r\n\r\n\t\t\t\t\t\t\t\t<p><i>Ronald, lui, a une police d\u2019assurance locataire qui n\u2019offre pas la d\u00e9pr\u00e9ciation limit\u00e9e. Il souhaite recevoir une indemnisation en esp\u00e8ces. \u00c9tant donn\u00e9 qu\u2019il a le m\u00eame syst\u00e8me que ses deux fr\u00e8res, son expert en sinistres l&rsquo;informe que la valeur du syst\u00e8me a d\u00e9pr\u00e9ci\u00e9 de 70\u00a0%. Ronald re\u00e7oit un r\u00e8glement de 3\u00a0100\u00a0$ : le co\u00fbt de remplacement de 12\u00a0000\u00a0$, moins 70\u00a0% de la d\u00e9pr\u00e9ciation (8\u00a0400\u00a0$), moins sa franchise (500\u00a0$).<\/i><\/p>\t\t\t\t\t\t\t\t\r\n\t\t\t\t\t\t\t<\/div>\r\n\t\t\t\t\t\t<\/div>\r\n\t\t\t\t\t<\/div>\r\n\t\t\t\t<\/div>\r\n\r\n\t\t\t\t<p><strong>Vous recherchez une d\u00e9finition en assurance?<\/strong> Consultez notre <a href=\"\/fr\/centres-ressources\/lexique-assurance\" title=\"Centre de ressources : lexique de l'assurance\">Centre de ressources&nbsp;: lexique de l\u2019assurance<\/a> pour acc\u00e9der \u00e0 des d\u00e9finitions faciles \u00e0 comprendre des termes les plus courants de l'assurance. Ensuite, <a href=\"\/fr\/soumission-assurance-habitation-en-ligne\" title=\"Obtenir une soumission d\u2019assurance habitation en ligne\">obtenez une soumission d'assurance habitation en ligne<\/a> en moins de 5\u00a0minutes et d\u00e9couvrez \u00e0 quel point l\u2019assurance habitation personnalis\u00e9e peut \u00eatre abordable.<\/p>\r\n\r\n\t\t\t\t<div class=\"row py-3\">\r\n<div class=\"col-12\">\r\n<div class=\"card review\" style=\"box-shadow: 0 2px 4px rgba(0,0,0,0.07);background-color:#f4f4f4;\">\r\n<div class=\"card-body\">\r\n\t<p class=\"text-primary h4\">\u00c0 propos de l\u2019expert&nbsp;: Daniel Mirkovic<\/p>\r\n\t<p>Cofondateur de Square One comptant plus de 25&nbsp;ans dans le secteur de l\u2019assurance, Daniel \u00e9tait vice-pr\u00e9sident des services d\u2019assurance et de voyage de la British Columbia Automobile Association (BCAA). Daniel est titulaire d'un baccalaur\u00e9at \u00e8s commerce et d'une ma\u00eetrise \u00e8s administration des affaires, tous deux obtenus \u00e0 la Sauder School of Business de l'universit\u00e9 de la Colombie-Britannique. Daniel est muni de la d\u00e9signation CAAC et d\u2019un certificat en assurance de dommages niveau&nbsp;3 en Colombie-Britannique, en Alberta, en Saskatchewan, au Manitoba et en Ontario.<\/p>\r\n<\/div>\r\n<\/div>\r\n<\/div>\r\n<\/div>\r\n\r\n\t\t\t<\/div>\r\n\t\t<\/div>\r\n\t<\/div>\r\n<\/section>\r\n<script type=\"application\/ld+json\">\r\n{\r\n  \"@context\": \"https:\/\/schema.org\",\r\n  \"@graph\": [\r\n    {\r\n      \"@type\": [\"WebPage\", \"DefinedTerm\"],\r\n      \"@id\": \"https:\/\/www.squareone.ca\/centres-ressources\/lexique-assurance\/depreciation-limitee\",\r\n      \"url\": \"https:\/\/www.squareone.ca\/centres-ressources\/lexique-assurance\/depreciation-limitee\",\r\n      \"inLanguage\": \"fr-CA\",\r\n      \"isAccessibleForFree\": true,\r\n      \"name\": \"D\u00e9pr\u00e9ciation limit\u00e9e\",\r\n      \"description\": \"Une forme de d\u00e9pr\u00e9ciation o\u00f9 les actifs ne sont pas d\u00e9pr\u00e9ci\u00e9s en dessous d\u2019un pourcentage sp\u00e9cifi\u00e9 de leur co\u00fbt de remplacement.\",\r\n      \"inDefinedTermSet\": {\r\n        \"@type\": \"DefinedTermSet\",\r\n        \"name\": \"Lexique de l\u2019assurance de Square One\",\r\n        \"url\": \"https:\/\/www.squareone.ca\/fr\/centres-ressources\/lexique-assurance\"\r\n      },\r\n      \"publisher\": {\r\n        \"@id\": \"https:\/\/www.squareone.ca\/fr\"\r\n      },\r\n      \"author\": {\r\n        \"@id\": \"#seamus-mckale\"\r\n      },\r\n      \"reviewedBy\": {\r\n        \"@id\": \"https:\/\/www.squareone.ca\/fr\/a-propos-de-nous\/experts\/daniel-mirkovic\"\r\n      }\r\n    },\r\n    {\r\n      \"@type\": \"InsuranceAgency\",\r\n      \"@id\": \"https:\/\/www.squareone.ca\/fr\",\r\n      \"name\": \"Assurances Square One\",\r\n      \"url\": \"https:\/\/www.squareone.ca\/fr\",\r\n      \"logo\": \"https:\/\/cdn.squareone.ca\/wp-content\/uploads\/2021\/04\/09094743\/square-one-logomark-default-md-1.png\",\r\n      \"address\": {\r\n        \"@type\": \"PostalAddress\",\r\n        \"streetAddress\": \"1410-650 W Georgia St\",\r\n        \"addressLocality\": \"Vancouver\",\r\n        \"addressRegion\": \"BC\",\r\n        \"postalCode\": \"V6B 4N8\",\r\n        \"addressCountry\": \"CA\"\r\n      },\r\n      \"telephone\": \"+1-855-331-6933\",\r\n      \"areaServed\": [\"BC\", \"AB\", \"SK\", \"MB\", \"ON\", \"QC\"],\r\n      \"feesAndCommissionsSpecification\": \"https:\/\/www.squareone.ca\/fr\/transparence\"\r\n    },\r\n    {\r\n      \"@type\": \"Person\",\r\n      \"@id\": \"#seamus-mckale\",\r\n      \"name\": \"Seamus McKale\",\r\n      \"url\": \"https:\/\/www.squareone.ca\/fr\/a-propos-de-nous\/membres-equipe#seamus-mckale\",\r\n      \"description\": \"Seamus a 15 ans d\u2019exp\u00e9rience en marketing, avec sp\u00e9cialisation en publicit\u00e9 multim\u00e9dia, r\u00e9daction technique et contenu sur l\u2019assurance personnelle.\",\r\n      \"jobTitle\": \"Sp\u00e9cialiste de marketing de contenu\",\r\n      \"worksFor\": {\r\n        \"@id\": \"https:\/\/www.squareone.ca\/fr\"\r\n      },\r\n      \"hasCredential\": [\r\n        {\r\n          \"@type\": \"EducationalOccupationalCredential\",\r\n          \"name\": \"Certificat en assurance de dommages de la C.-B., niveau 1\"\r\n        },\r\n        {\r\n          \"@type\": \"EducationalOccupationalCredential\",\r\n          \"name\": \"Certificat en assurance de dommages de l\u2019Ontario\"\r\n        }\r\n      ],\r\n      \"knowsAbout\": [\r\n        \"Marketing\",\r\n        \"Publicit\u00e9 multim\u00e9dia\",\r\n        \"R\u00e9daction technique\",\r\n        \"Assurance des particuliers\"\r\n      ],\r\n      \"sameAs\": [\r\n        \"https:\/\/www.linkedin.com\/in\/seamus-m-83801a2b\/\"\r\n      ]\r\n    },\r\n    {\r\n      \"@type\": \"Person\",\r\n      \"@id\": \"https:\/\/www.squareone.ca\/fr\/a-propos-de-nous\/experts\/daniel-mirkovic\",\r\n      \"name\": \"Daniel Mirkovic\",\r\n      \"url\": \"https:\/\/www.squareone.ca\/fr\/a-propos-de-nous\/experts\/daniel-mirkovic\",\r\n      \"description\": \"Daniel poss\u00e8de de vastes connaissances en assurance, acquises au cours de plus de 25 ans d\u2019exp\u00e9rience dans le secteur.\",\r\n      \"jobTitle\": \"Cofondateur et PDG\",\r\n      \"worksFor\": {\r\n        \"@id\": \"https:\/\/www.squareone.ca\/fr\"\r\n      },\r\n      \"alumniOf\": {\r\n        \"@type\": \"CollegeOrUniversity\",\r\n        \"name\": \"Sauder School of Business at the University of British Columbia\"\r\n      },\r\n      \"hasCredential\": [\r\n        {\r\n          \"@type\": \"EducationalOccupationalCredential\",\r\n          \"name\": \"Courtier d\u2019assurance agr\u00e9\u00e9 du Canada (CAAC)\"\r\n        },\r\n        {\r\n          \"@type\": \"EducationalOccupationalCredential\",\r\n          \"name\": \"Certificat en assurance de dommages, niveau 3 (BC, AB, SK, MB, ON)\"\r\n        }\r\n      ],\r\n      \"knowsAbout\": [\r\n        \"Assurance propri\u00e9taire occupant\",\r\n        \"Assurance locataire\",\r\n        \"Assurance copropri\u00e9taire\",\r\n        \"Assurance auto\",\r\n        \"Assurance automobile de collection\",\r\n        \"Assurance maladie\",\r\n        \"Assurance-vie\",\r\n        \"L\u2019assurance invalidit\u00e9 de longue dur\u00e9e\",\r\n        \"Assurance v\u00e9t\u00e9rinaire\",\r\n        \"Assurance-voyage\",\r\n        \"Planification d\u2019affaires et strat\u00e9gique\",\r\n        \"Publicit\u00e9 s'adressant directement aux consommateurs\",\r\n        \"D\u00e9veloppement des produits\",\r\n        \"Conception de l\u2019exp\u00e9rience des utilisateurs\"\r\n      ],\r\n      \"sameAs\": [\r\n        \"https:\/\/www.linkedin.com\/in\/danielmirkovic\"\r\n      ]\r\n    },\r\n    {\r\n      \"@type\": \"FAQPage\",\r\n      \"mainEntity\": [\r\n        {\r\n          \"@type\": \"Question\",\r\n          \"name\": \"Qu\u2019est-ce que la d\u00e9pr\u00e9ciation limit\u00e9e dans le cadre de l\u2019assurance habitation?\",\r\n          \"acceptedAnswer\": {\r\n            \"@type\": \"Answer\",\r\n            \"text\": \"La d\u00e9pr\u00e9ciation est la pratique de diminuer la valeur d\u2019un article au fil du temps. La d\u00e9pr\u00e9ciation limit\u00e9e est une version modifi\u00e9e de la d\u00e9pr\u00e9ciation o\u00f9 la d\u00e9pr\u00e9ciation s\u2019arr\u00eate \u00e0 un certain pourcentage de la valeur originale, peu importe l\u2019\u00e2ge de l\u2019article.\"\r\n          }\r\n        },\r\n        {\r\n          \"@type\": \"Question\",\r\n          \"name\": \"Qu\u2019est-ce que la d\u00e9pr\u00e9ciation limit\u00e9e dans le cadre de l\u2019assurance habitation?\",\r\n          \"acceptedAnswer\": {\r\n            \"@type\": \"Answer\",\r\n            \"text\": \"En assurance habitation, la d\u00e9pr\u00e9ciation s\u2019applique au processus de r\u00e8glement de sinistres. Lorsqu\u2019un assur\u00e9 pr\u00e9sente une r\u00e9clamation pour les biens perdus, endommag\u00e9s ou d\u00e9truits, les compagnies d\u2019assurance ne d\u00e9terminent pas le r\u00e8glement au hasard. L\u2019indemnisation est d\u00e9termin\u00e9e par les \u00ab modalit\u00e9s de r\u00e8glement \u00bb, un terme qui se trouve dans presque toutes les polices d\u2019assurance.\"\r\n          }\r\n        }\r\n      ]\r\n    }\r\n  ]\r\n}\r\n<\/script>","protected":false},"excerpt":{"rendered":"<p>D\u00e9pr\u00e9ciation limit\u00e9e Article \u00e9valu\u00e9 par Daniel Mirkovic Nom d\u00e9\u00b7pr\u00e9\u00b7ci\u00b7a\u00b7tion lim\u00b7it\u00b7\u00e9e | dep\u0281esjasj\u0254\u0303 limite D\u00e9finition\u00a0: Une forme de d\u00e9pr\u00e9ciation o\u00f9 les actifs ne sont pas d\u00e9pr\u00e9ci\u00e9s en dessous d\u2019un pourcentage sp\u00e9cifi\u00e9 de leur co\u00fbt de remplacement. Le r\u00e8glement sera effectu\u00e9 selon la d\u00e9pr\u00e9ciation limit\u00e9e. Th\u00e8mes Qu\u2019est-ce que la d\u00e9pr\u00e9ciation limit\u00e9e? La d\u00e9pr\u00e9ciation limit\u00e9e et l\u2019assurance habitation [&hellip;]<\/p>\n","protected":false},"author":2,"featured_media":0,"parent":53157,"menu_order":0,"comment_status":"closed","ping_status":"closed","template":"page-article-new.php","meta":{"_acf_changed":false,"footnotes":""},"class_list":["post-78531","page","type-page","status-publish","hentry"],"acf":[],"_links":{"self":[{"href":"https:\/\/www.squareone.ca\/fr\/wp-json\/wp\/v2\/pages\/78531","targetHints":{"allow":["GET"]}}],"collection":[{"href":"https:\/\/www.squareone.ca\/fr\/wp-json\/wp\/v2\/pages"}],"about":[{"href":"https:\/\/www.squareone.ca\/fr\/wp-json\/wp\/v2\/types\/page"}],"author":[{"embeddable":true,"href":"https:\/\/www.squareone.ca\/fr\/wp-json\/wp\/v2\/users\/2"}],"replies":[{"embeddable":true,"href":"https:\/\/www.squareone.ca\/fr\/wp-json\/wp\/v2\/comments?post=78531"}],"version-history":[{"count":2,"href":"https:\/\/www.squareone.ca\/fr\/wp-json\/wp\/v2\/pages\/78531\/revisions"}],"predecessor-version":[{"id":78688,"href":"https:\/\/www.squareone.ca\/fr\/wp-json\/wp\/v2\/pages\/78531\/revisions\/78688"}],"up":[{"embeddable":true,"href":"https:\/\/www.squareone.ca\/fr\/wp-json\/wp\/v2\/pages\/53157"}],"wp:attachment":[{"href":"https:\/\/www.squareone.ca\/fr\/wp-json\/wp\/v2\/media?parent=78531"}],"curies":[{"name":"wp","href":"https:\/\/api.w.org\/{rel}","templated":true}]}}