{"id":78558,"date":"2026-03-18T11:28:08","date_gmt":"2026-03-18T18:28:08","guid":{"rendered":"https:\/\/www.squareone.ca\/centres-ressources\/lexique-assurance\/definition-montant-reglement-maximum"},"modified":"2026-03-24T10:05:35","modified_gmt":"2026-03-24T17:05:35","slug":"definition-montant-reglement-maximum","status":"publish","type":"page","link":"https:\/\/www.squareone.ca\/fr\/centres-ressources\/lexique-assurance\/limitation","title":{"rendered":"D\u00e9finition : Limitation"},"content":{"rendered":"<section id='intro' class=\"bg-shape-split bg-sub-page-hero\">\r\n\t<div class=\"bg-position\">\r\n\t\t<div class=\"container-fluid\">\r\n\t\t\t<div class=\"row align-items-center\">\r\n\t\t\t\t<div class=\"col-12 col-lg-8\">                \r\n\t\t\t\t\t<h1>Limitation<\/h1>\r\n\t\t\t\t\t<strong>Article r\u00e9dig\u00e9 par <a href=\"\/fr\/a-propos-de-nous\/contributeurs#seamus-mckale\" title=\"Auteur : Seamus McKale\">Seamus McKale<\/a><\/strong>\r\n                                        <p class=\"pb-3\"><strong>Article \u00e9valu\u00e9 par <a href=\"https:\/\/www.squareone.ca\/about-us\/experts\/daniel-mirkovic\" title=\"Expert : Daniel Mirkovic\">Daniel Mirkovic<\/a><\/strong><\/p> \r\n\t\t\t\t\t<p class=\"pb-4\" style=\"margin-top:-24px\">Mis \u00e0 jour le 10 septembre 2025<\/p>\r\n\t\t\t\t<\/div>\r\n\t\t\t<\/div>\r\n\r\n\t\t\t<div class=\"row\">\r\n\t\t\t\t<div class=\"col-lg-8\">\r\n\t\t\t\t\t<p class='mb-0'>Nom<\/p>\r\n\t\t\t\t\t<p>lim-i-ta-tion | \u02c8limitasj\u0254\u0303<\/p>\r\n\t\t\t\t\t<p class=\"display-4\"><strong><span class='text-orange'>D\u00e9finition\u00a0:<\/span> le montant maximal que le contrat d&rsquo;assurance versera en cas de sinistre.<\/strong><\/p>\r\n\t\t\t\t\t<p class=\"display-4\"><i>Sa police d\u2019assurance comprend une <strong>limitation<\/strong> maximale de 5\u00a0000\u00a0$ pour les bijoux.<\/i><\/p>                   \r\n\t\t\t\t<\/div>\r\n\r\n\t\t\t\t<div class=\"col-lg-3 offset-lg-1\">          \r\n\t\t\t\t\t<p class=\"mb-2 display-4 pt-4 pt-lg-0 pt-mb-0\"><strong>Th\u00e8mes<\/strong><\/p>\r\n\t\t\t\t\t<ul class=\"list-unstyled link-list display-4\">\r\n\t\t\t\t\t\t<li><a href='#What-it-is'>Qu\u2019est-ce qu\u2019une limitation?<\/a><\/li>\r\n\t\t\t\t\t\t<li><a href=\"#Choose\">Choix de limitations de couverture<\/a><\/li>\r\n\t\t\t\t\t<\/ul>\r\n\t\t\t\t<\/div>\r\n\t\t\t<\/div>  \r\n\t\t<\/div>\r\n\t<\/div>\r\n\t<div class=\"bg-bottom\"><\/div>\r\n<\/section>\r\n\r\n<section>\r\n    <div class=\"container-fluid py-6\">\r\n        <div class=\"row\">\r\n            <div class=\"col-12 col-lg-8\">\r\n                <div class=\"row pb-6\">\r\n                    <div class=\"col-12\">\r\n                        <div class=\"card review\" style='background-color:#FFE0C9'>\r\n                            <div class=\"card-body\">\r\n                                <p class=\"h3\">L\u2019essentiel<\/p>\r\n                                <ul class='mb-0'>\r\n\t\t\t\t\t<li>Les montants de r\u00e8glement maximum correspondent au montant maximal en dollars qu&rsquo;une police d&rsquo;assurance couvrira pour un sinistre donn\u00e9.<\/li>\r\n\t\t\t\t\t<li>Les polices d\u2019assurance ont des limitations diff\u00e9rentes selon la couverture.<\/li>\r\n\t\t\t\t\t<li>Il vaut la peine de prendre le temps de v\u00e9rifier si votre police comprend des limitations qui comblent vos besoins en assurance.<\/li>\r\n                                <\/ul>\r\n                            <\/div>\r\n                        <\/div>\r\n                    <\/div>\r\n                <\/div>\r\n\r\n\t\t\t\t<h2 id=\"What-it-is\">Qu\u2019est-ce qu\u2019une limitation?<\/h2>\r\n\t\t\t\t\r\n\t\t\t\t<p>Il est rare de trouver une police d&rsquo;assurance qui offre une couverture illimit\u00e9e. Au contraire, une police d&rsquo;assurance pr\u00e9voit des montants de r\u00e8glement maximum pour les diff\u00e9rents types de sinistres. Il s\u2019agit de limitations ou de montants de r\u00e8glement maximum.<\/p>\r\n\t\t\t\t\r\n\t\t\t\t<p>Une police d&rsquo;assurance peut comporter plusieurs montants de r\u00e8glement maximum, qui s&rsquo;appliquent \u00e0 diff\u00e9rents types de sinistres.<\/p>\r\n\t\t\t\t\r\n\t\t\t\t<p>Par exemple, une police d\u2019assurance propri\u00e9taire occupant pourrait payer un maximum de 300\u00a0000\u00a0$ pour reconstruire la maison, un maximum de 1\u00a0million de dollars pour les r\u00e9clamations en responsabilit\u00e9 civile et un maximum de 10\u00a0000\u00a0$ pour les dommages au <a href=\"https:\/\/www.squareone.ca\/resource-centres\/insurance-glossary\/detached-structures\" title=\"D\u00e9finition : d\u00e9pendances\">garage ind\u00e9pendant<\/a>.<\/p> \r\n\t\t\t\t\r\n\t\t\t\t<p>Le libell\u00e9 de votre police d\u00e9crit chacune des limitations.<\/p>\r\n\t\t\t\t\r\n\t\t\t\t<p>Lorsque vous souscrivez une nouvelle police d&rsquo;assurance, vous pouvez choisir d&rsquo;augmenter ou de r\u00e9duire certaines limitations en fonction de vos besoins en mati\u00e8re de couverture. Par exemple, votre assureur peut inclure par d\u00e9faut une couverture de responsabilit\u00e9 civile d&rsquo;un montant maximal de 1\u00a0000\u00a0000\u00a0$ et vous permettre d&rsquo;augmenter ce montant en \u00e9change d&rsquo;une prime plus \u00e9lev\u00e9e, si vous le souhaitez.<\/p>\r\n\t\t\t\t\r\n\t\t\t\t<p>De nombreuses polices d&rsquo;assurance habitation pr\u00e9voient des limitations sp\u00e9cifiques pour certains biens sp\u00e9ciaux. Par exemple, une police peut comprendre une limitation de 100\u00a0000\u00a0$ pour les biens meubles, mais une limitation sp\u00e9ciale de 5\u00a0000\u00a0$ pour les <a href=\"https:\/\/www.squareone.ca\/resource-centres\/insurance-basics\/insuring-jewellery\" title=\"L\u2019assurance est-elle offerte pour les bijoux?\">bijoux<\/a>. Cela signifie que le montant de r\u00e8glement maximum que l\u2019assureur versera serait de 5\u00a0000\u00a0$, peu importe le montant de la limitation pour les biens meubles.<\/p>\r\n\t\t\t\t\r\n\t\t\t\t<p>Vous pouvez augmenter ces sous-limitations sp\u00e9ciales en souscrivant un <a href=\"https:\/\/www.squareone.ca\/resource-centres\/insurance-glossary\/endorsement\" title=\"D\u00e9finition : avenant\">avenant<\/a> aupr\u00e8s de votre fournisseur d\u2019assurance. Ces avenants comprennent \u00e9galement des primes plus \u00e9lev\u00e9es.<\/p>\r\n\t\t\t\t\r\n\t\t\t\t<p>L\u2019approche de Square One est un peu diff\u00e9rent.<\/p>\r\n\t\t\t\t\r\n\t\t\t\t<p>Nous n\u2019avons pas de sous-limitations sp\u00e9ciales pour les biens sp\u00e9ciaux. \u00c0 la place, les biens sp\u00e9ciaux, comme les bijoux ou les objets de collection, sont exclus des polices par d\u00e9faut (pour ne pas vous obliger d\u2019assurer les biens que vous ne poss\u00e9dez pas). Nos clients peuvent choisir leurs propres limitations de couverture pour chaque <a href=\"https:\/\/www.squareone.ca\/resource-centres\/insurance-basics\/insuring-specialty-property\" title=\"Square One: Comment assurer les biens sp\u00e9ciaux\">type de biens sp\u00e9ciaux<\/a>.<\/p>\r\n\t\t\t\t\r\n\t\t\t\t<p>Dans la plupart des polices d\u2019assurance habitation, chaque montant de r\u00e8glement maximum est r\u00e9gl\u00e9 <a href=\"https:\/\/www.squareone.ca\/resource-centres\/insurance-glossary\/occurrence\" title=\"D\u00e9finition : sinistre\">par sinistre<\/a>. Occurrence\u00a0\u00bb>per occurrence<\/a>. Cela signifie que si vous pr\u00e9sentez plus d\u2019une r\u00e9clamation pendant l\u2019ann\u00e9e, chaque r\u00e9clamation serait admissible au montant maximal de couverture. Les r\u00e9clamations multiples ne s&rsquo;additionnent pas lors du calcul du montant maximal payable.<\/p>\r\n\r\n\t\t\t\t\r\n\t\t\t\t<h2 id=\"Choose\">Comment choisir une limitation de couverture?<\/h2>\r\n\t\t\t\t<p>Maintenant que vous savez ce que sont les limitations en assurance, c\u2019est le moment de choisir une limitation qui vous convient? Si vos limitations sont trop basses, vous \u00eates sous-assur\u00e9 et votre police ne suffira pas \u00e0 couvrir un sinistre important, ce qui va \u00e0 l&rsquo;encontre de l&rsquo;int\u00e9r\u00eat m\u00eame d&rsquo;avoir une assurance.<\/p> \r\n\r\n\t\t\t\t<p>En revanche, si vous choisissez des montants de couverture trop \u00e9lev\u00e9s, vous finirez par payer plus de primes que n\u00e9cessaire.<\/p>\r\n\r\n\t\t\t\t<p>Choisir les bonnes limitations de couverture n&rsquo;est pas aussi difficile qu&rsquo;il n&rsquo;y para\u00eet, mais il faut tenir compte de diff\u00e9rents \u00e9l\u00e9ments selon le montant qui vous int\u00e9resse.<\/p>\r\n\r\n\t\t\t\t<h3>Logement\/Couverture A<\/h3> \r\n\t\t\t\t<p>Ce montant correspond au montant maximal que votre assureur versera pour la r\u00e9paration ou le remplacement de votre habitation proprement dite. Cette limitation doit \u00eatre suffisamment \u00e9lev\u00e9e pour couvrir le co\u00fbt de reconstruction de l&rsquo;ensemble de la structure, en tenant compte de la main-d&rsquo;\u0153uvre, des mat\u00e9riaux de construction, des am\u00e9liorations impos\u00e9es par les r\u00e8glements municipaux, etc. <\/p>\r\n\r\n\t\t\t\t<p>Heureusement, les assureurs peuvent estimer ce montant pour vous en fonction de l&rsquo;\u00e2ge de votre habitation, de son type de construction, de son emplacement et d&rsquo;autres facteurs. Vous devrez peut-\u00eatre augmenter la limitation au-del\u00e0 de leur estimation si votre maison comporte des \u00e9l\u00e9ments sur mesure co\u00fbteux, tels que des plans de travail en marbre ou des planchers en bois franc.<\/p>\r\n\r\n\t\t\t\t<p>De nombreux fournisseurs d\u2019assurance, dont Square One, offrent la couverture de a <href=\"\/fr\/centres-ressources\/proprietaire-occupant\/couverture-cout-reparation-reconstruction-garanti\" title=\"Co\u00fbt de r\u00e9paration ou de reconstruction garanti : le guide int\u00e9gral\">Co\u00fbt de r\u00e9paration ou de reconstruction garanti<\/a>. Si vous \u00eates admissible \u00e0 la couverture de Co\u00fbt de remplacement garanti, votre police couvrira l&rsquo;int\u00e9gralit\u00e9 des frais de reconstruction de votre logement, m\u00eame si ceux-ci d\u00e9passent la limitation de couverture pr\u00e9vue par la police. Toutefois, pour en b\u00e9n\u00e9ficier, vous devrez assurer votre domicile pour un montant au moins \u00e9gal \u00e0 la valeur de reconstruction estim\u00e9e par l&rsquo;assureur.<\/p>\r\n\r\n\t\t\t\t<h3>D\u00e9pendances\/Couverture B<\/h3> \r\n\t\t\t\t<p>Cette limite de couverture s&rsquo;applique aux constructions non rattach\u00e9es \u00e0 la maison, telles que les cabanons, les pavillons ou les pontons. De nombreux assureurs calculent cette limite en pourcentage de la Couverture\u00a0A, mais cela ne convient pas aux propri\u00e9taires occupants qui ne poss\u00e8dent aucune d\u00e9pendance (ou plusieurs d\u00e9pendances de grande valeur).<\/p>\r\n\r\n\t\t\t\t<p>Pour d\u00e9terminer le montant ad\u00e9quat de votre couverture pour les d\u00e9pendances, il faudrait estimer le co\u00fbt de remplacement ou de reconstruction de l&rsquo;ensemble de vos d\u00e9pendances en une seule fois.<\/p>\r\n\r\n\t\t\t\t<h3>Biens meubles\/Couverture C<\/h3> \r\n\t\t\t\t<p>Cette limitation s&rsquo;applique \u00e0 vos biens mobiliers, tels que les meubles, les appareils \u00e9lectrom\u00e9nagers ou les v\u00eatements. De nombreux fournisseurs d\u2019assurance habitation calculent cette limitation en pourcentage de la couverture du b\u00e2timent. Cependant, cela ne correspond pas forc\u00e9ment \u00e0 la limitation de couverture dont vous avez besoin.\r\n\t\t\t\t\r\n\t\t\t\t<p>Pour d\u00e9terminer le montant de la garantie de contenu dont vous avez besoin, commencez par dresser un <a href=\"\/fr\/centres-ressources\/bases-assurance\/assurer-possessions-neuves\" title=\"Comment faire un inventaire de la maison\">inventaire de vos biens<\/a>. Une fois votre inventaire en main, vous pouvez estimer le co\u00fbt de remplacement de tous vos biens.<\/p>\r\n\t\t\t\t\r\n\t\t\t\t<p>Si votre assureur impose des sous-limitations pour les objets de valeur, tels que les bijoux ou les antiquit\u00e9s, et que vous poss\u00e9dez de tels objets, vous devrez peut-\u00eatre lui demander d&rsquo;ajouter un avenant afin d&rsquo;augmenter la sous-limitation. <\/p>\r\n\r\n\t\t\t\t<p>Si vous n&rsquo;\u00eates pas certain de la valeur d&rsquo;un bien sp\u00e9cial particulier, vous devrez peut-\u00eatre le faire \u00e9valuer avant de d\u00e9cider du montant de la couverture \u00e0 souscrire.<\/p>\r\n\t\t\t\t\r\n\t\t\t\t<h3>Frais de subsistance suppl\u00e9mentaires\/Couverture D<\/h3> \r\n\t\t\t\t<p>La <a href=\"https:\/\/www.squareone.ca\/resource-centres\/insurance-glossary\/loss-of-use\" title=\"D\u00e9finition : frais de subsistance suppl\u00e9mentaires\">couverture pour les frais de subsistance suppl\u00e9mentaires<\/a> vous aide \u00e0 payer les frais d\u2019h\u00e9bergement si vous devez temporairement quitter votre domicile suivant un sinistre assur\u00e9.<\/p> \r\n\r\n\t\t\t\t<p>Afin de d\u00e9terminer la limitation pour les frais de subsistance suppl\u00e9mentaires, il faut calculer combien vous d\u00e9penseriez en h\u00f4tels, repas, transports, h\u00e9bergement d\u2019animaux de compagnie, entre autres, si vous ne pouviez pas vivre chez vous pendant une p\u00e9riode prolong\u00e9e. La reconstruction compl\u00e8te d&rsquo;une maison peut prendre plusieurs mois, voire plus d&rsquo;un an. En tant que locataire, vous avez besoin d&rsquo;une couverture pour les frais de subsistance suppl\u00e9mentaires pendant la dur\u00e9e que vous estimez n\u00e9cessaire pour trouver un nouveau logement \u00e0 louer.<\/p>\r\n\r\n\t\t\t\tSi vous avez de la famille \u00e0 proximit\u00e9 chez qui vous pourriez s\u00e9journer \u00e0 long terme, vous pourriez vous contenter d&rsquo;une couverture pour les frais de subsistance suppl\u00e9mentaires moins \u00e9lev\u00e9e, mais assurez-vous que cette option est r\u00e9ellement envisageable.<\/p>\r\n\r\n\t\t\t\t<h3>Responsabilit\u00e9 civile\/Couverture E<\/h3> \r\n\t\t\t\t<p>La couverture pour responsabilit\u00e9 civile vous prot\u00e8ge si vous \u00eates tenu <a href=\"https:\/\/www.squareone.ca\/resource-centres\/insurance-basics\/liability-insurance\" title=\"Assurance responsabilit\u00e9 civile\">l\u00e9galement responsable<\/a> de dommages et oblig\u00e9 de payer des dommages-int\u00e9r\u00eats. Selon la nature de votre responsabilit\u00e9, les dommages-int\u00e9r\u00eats peuvent s&rsquo;\u00e9lever \u00e0 plusieurs millions de dollars. Square One recommande une limitation de couverture pour responsabilit\u00e9 civile de 1\u00a0million de dollars. En r\u00e8gle g\u00e9n\u00e9rale, vous ne devriez pas opter pour une limite inf\u00e9rieure \u00e0 500\u00a0000\u00a0$, m\u00eame si votre assureur vous le permet.<\/p>\r\n\r\n\t\t\t\t<p>La couverture pour responsabilit\u00e9 civile est g\u00e9n\u00e9ralement peu co\u00fbteuse; il est donc judicieux de choisir une limitation plus \u00e9lev\u00e9e pour vous assurer d&rsquo;\u00eatre couvert dans les pires sc\u00e9narios.<\/p>\r\n\r\n\t\t\t\t<p>Selon votre fournisseur d\u2019assurance, vous n&rsquo;aurez peut-\u00eatre pas la possibilit\u00e9 de modifier toutes les diff\u00e9rentes limitations de couverture de votre police. Les clients de Square One peuvent personnaliser la plupart de leurs limitations de couverture en fonction de leurs besoins.<\/p>\r\n\r\n\t\t\t\t<p>Si vous avez des doutes quant au choix des limitations, communiquez avec votre agent ou votre courtier d&rsquo;assurance. Ils seront en mesure de vous donner des conseils sur toutes les limitations de votre police.<\/p>\r\n\r\n\t\t\t\t<p><strong>Vous recherchez une d\u00e9finition en assurance?<\/strong> Consultez notre <a href=\"\/fr\/centres-ressources\/lexique-assurance\" title=\"Centre de ressources : lexique de l'assurance\">Centre de ressources&nbsp;: lexique de l\u2019assurance<\/a> pour acc\u00e9der \u00e0 des d\u00e9finitions faciles \u00e0 comprendre des termes les plus courants de l'assurance. Ensuite, <a href=\"\/fr\/soumission-assurance-habitation-en-ligne\" title=\"Obtenir une soumission d\u2019assurance habitation en ligne\">obtenez une soumission d'assurance habitation en ligne<\/a> en moins de 5\u00a0minutes et d\u00e9couvrez \u00e0 quel point l\u2019assurance habitation personnalis\u00e9e peut \u00eatre abordable.<\/p>\r\n\r\n\t\t\t\t<div class=\"row py-3\">\r\n<div class=\"col-12\">\r\n<div class=\"card review\" style=\"box-shadow: 0 2px 4px rgba(0,0,0,0.07);background-color:#f4f4f4;\">\r\n<div class=\"card-body\">\r\n\t<p class=\"text-primary h4\">\u00c0 propos de l\u2019expert&nbsp;: Daniel Mirkovic<\/p>\r\n\t<p>Cofondateur de Square One comptant plus de 25&nbsp;ans dans le secteur de l\u2019assurance, Daniel \u00e9tait vice-pr\u00e9sident des services d\u2019assurance et de voyage de la British Columbia Automobile Association (BCAA). Daniel est titulaire d'un baccalaur\u00e9at \u00e8s commerce et d'une ma\u00eetrise \u00e8s administration des affaires, tous deux obtenus \u00e0 la Sauder School of Business de l'universit\u00e9 de la Colombie-Britannique. Daniel est muni de la d\u00e9signation CAAC et d\u2019un certificat en assurance de dommages niveau&nbsp;3 en Colombie-Britannique, en Alberta, en Saskatchewan, au Manitoba et en Ontario.<\/p>\r\n<\/div>\r\n<\/div>\r\n<\/div>\r\n<\/div>\r\n\r\n\t\t\t<\/div>\r\n\t\t<\/div>\r\n\t<\/div>\r\n<\/section>\r\n<script type=\"application\/ld+json\">\r\n{\r\n  \"@context\": \"https:\/\/schema.org\",\r\n  \"@graph\": [\r\n    {\r\n      \"@type\": [\"WebPage\", \"DefinedTerm\"],\r\n      \"@id\": \"https:\/\/www.squareone.ca\/fr\/centres-ressources\/lexique-assurance\/limitation\",\r\n      \"url\": \"https:\/\/www.squareone.ca\/fr\/centres-ressources\/lexique-assurance\/limitation\",\r\n      \"inLanguage\": \"fr-CA\",\r\n      \"isAccessibleForFree\": true,\r\n      \"name\": \"Limitations\",\r\n      \"description\": \"Le montant maximal que le contrat d'assurance versera en cas de sinistre.\",\r\n      \"inDefinedTermSet\": {\r\n        \"@type\": \"DefinedTermSet\",\r\n        \"name\": \"Lexique de l\u2019assurance de Square One\",\r\n        \"url\": \"https:\/\/www.squareone.ca\/fr\/centres-ressources\/lexique-assurance\"\r\n      },\r\n      \"publisher\": {\r\n        \"@id\": \"https:\/\/www.squareone.ca\/fr\"\r\n      },\r\n      \"author\": {\r\n        \"@id\": \"#seamus-mckale\"\r\n      },\r\n      \"reviewedBy\": {\r\n        \"@id\": \"https:\/\/www.squareone.ca\/fr\/a-propos-de-nous\/experts\/daniel-mirkovic\"\r\n      }\r\n    },\r\n    {\r\n      \"@type\": \"InsuranceAgency\",\r\n      \"@id\": \"https:\/\/www.squareone.ca\/fr\",\r\n      \"name\": \"Assurances Square One\",\r\n      \"url\": \"https:\/\/www.squareone.ca\/fr\",\r\n      \"logo\": \"https:\/\/cdn.squareone.ca\/wp-content\/uploads\/2021\/04\/09094743\/square-one-logomark-default-md-1.png\",\r\n      \"address\": {\r\n        \"@type\": \"PostalAddress\",\r\n        \"streetAddress\": \"1410-650 W Georgia St\",\r\n        \"addressLocality\": \"Vancouver\",\r\n        \"addressRegion\": \"BC\",\r\n        \"postalCode\": \"V6B 4N8\",\r\n        \"addressCountry\": \"CA\"\r\n      },\r\n      \"telephone\": \"+1-855-331-6933\",\r\n      \"areaServed\": [\"BC\", \"AB\", \"SK\", \"MB\", \"ON\", \"QC\"],\r\n      \"feesAndCommissionsSpecification\": \"https:\/\/www.squareone.ca\/fr\/transparence\"\r\n    },\r\n    {\r\n      \"@type\": \"Person\",\r\n      \"@id\": \"#seamus-mckale\",\r\n      \"name\": \"Seamus McKale\",\r\n      \"url\": \"https:\/\/www.squareone.ca\/fr\/a-propos-de-nous\/membres-equipe#seamus-mckale\",\r\n      \"description\": \"Seamus a 15 ans d\u2019exp\u00e9rience en marketing, avec sp\u00e9cialisation en publicit\u00e9 multim\u00e9dia, r\u00e9daction technique et contenu sur l\u2019assurance personnelle.\",\r\n      \"jobTitle\": \"Sp\u00e9cialiste de marketing de contenu\",\r\n      \"worksFor\": {\r\n        \"@id\": \"https:\/\/www.squareone.ca\/fr\"\r\n      },\r\n      \"hasCredential\": [\r\n        {\r\n          \"@type\": \"EducationalOccupationalCredential\",\r\n          \"name\": \"Certificat en assurance de dommages de la C.-B., niveau 1\"\r\n        },\r\n        {\r\n          \"@type\": \"EducationalOccupationalCredential\",\r\n          \"name\": \"Certificat en assurance de dommages de l\u2019Ontario\"\r\n        }\r\n      ],\r\n      \"knowsAbout\": [\r\n        \"Marketing\",\r\n        \"Publicit\u00e9 multim\u00e9dia\",\r\n        \"R\u00e9daction technique\",\r\n        \"Assurance des particuliers\"\r\n      ],\r\n      \"sameAs\": [\r\n        \"https:\/\/www.linkedin.com\/in\/seamus-m-83801a2b\/\"\r\n      ]\r\n    },\r\n    {\r\n      \"@type\": \"Person\",\r\n      \"@id\": \"https:\/\/www.squareone.ca\/fr\/a-propos-de-nous\/experts\/daniel-mirkovic\",\r\n      \"name\": \"Daniel Mirkovic\",\r\n      \"url\": \"https:\/\/www.squareone.ca\/fr\/a-propos-de-nous\/experts\/daniel-mirkovic\",\r\n      \"description\": \"Daniel poss\u00e8de de vastes connaissances en assurance, acquises au cours de plus de 25 ans d\u2019exp\u00e9rience dans le secteur.\",\r\n      \"jobTitle\": \"Cofondateur et PDG\",\r\n      \"worksFor\": {\r\n        \"@id\": \"https:\/\/www.squareone.ca\/fr\"\r\n      },\r\n      \"alumniOf\": {\r\n        \"@type\": \"CollegeOrUniversity\",\r\n        \"name\": \"Sauder School of Business at the University of British Columbia\"\r\n      },\r\n      \"hasCredential\": [\r\n        {\r\n          \"@type\": \"EducationalOccupationalCredential\",\r\n          \"name\": \"Courtier d\u2019assurance agr\u00e9\u00e9 du Canada (CAAC)\"\r\n        },\r\n        {\r\n          \"@type\": \"EducationalOccupationalCredential\",\r\n          \"name\": \"Certificat en assurance de dommages, niveau 3 (BC, AB, SK, MB, ON)\"\r\n        }\r\n      ],\r\n      \"knowsAbout\": [\r\n        \"Assurance propri\u00e9taire occupant\",\r\n        \"Assurance locataire\",\r\n        \"Assurance copropri\u00e9taire\",\r\n        \"Assurance auto\",\r\n        \"Assurance automobile de collection\",\r\n        \"Assurance maladie\",\r\n        \"Assurance-vie\",\r\n        \"L\u2019assurance invalidit\u00e9 de longue dur\u00e9e\",\r\n        \"Assurance v\u00e9t\u00e9rinaire\",\r\n        \"Assurance-voyage\",\r\n        \"Planification d\u2019affaires et strat\u00e9gique\",\r\n        \"Publicit\u00e9 s'adressant directement aux consommateurs\",\r\n        \"D\u00e9veloppement des produits\",\r\n        \"Conception de l\u2019exp\u00e9rience des utilisateurs\"\r\n      ],\r\n      \"sameAs\": [\r\n        \"https:\/\/www.linkedin.com\/in\/danielmirkovic\"\r\n      ]\r\n    },\r\n    {\r\n      \"@type\": \"FAQPage\",\r\n      \"mainEntity\": {\r\n        \"@type\": \"Question\",\r\n        \"name\": \"Qu'est-ce qu'une limitation en assurance?\",\r\n        \"acceptedAnswer\": {\r\n          \"@type\": \"Answer\",\r\n          \"text\": \"Les limitations sont les montants de r\u00e8glement maximum pour les diff\u00e9rents types de sinistres Une police d'assurance peut comporter plusieurs montants de r\u00e8glement maximum, qui s'appliquent \u00e0 diff\u00e9rents types de sinistres.\"\r\n        }\r\n      }\r\n    }\r\n  ]\r\n}\r\n<\/script>","protected":false},"excerpt":{"rendered":"<p>Limitation Article \u00e9valu\u00e9 par Daniel Mirkovic Nom lim-i-ta-tion | \u02c8limitasj\u0254\u0303 D\u00e9finition\u00a0: le montant maximal que le contrat d&rsquo;assurance versera en cas de sinistre. Sa police d\u2019assurance comprend une limitation maximale de 5\u00a0000\u00a0$ pour les bijoux. Th\u00e8mes Qu\u2019est-ce qu\u2019une limitation? Choix de limitations de couverture L\u2019essentiel Les montants de r\u00e8glement maximum correspondent au montant maximal en [&hellip;]<\/p>\n","protected":false},"author":2,"featured_media":0,"parent":53157,"menu_order":0,"comment_status":"closed","ping_status":"closed","template":"page-article-new.php","meta":{"_acf_changed":false,"footnotes":""},"class_list":["post-78558","page","type-page","status-publish","hentry"],"acf":[],"_links":{"self":[{"href":"https:\/\/www.squareone.ca\/fr\/wp-json\/wp\/v2\/pages\/78558","targetHints":{"allow":["GET"]}}],"collection":[{"href":"https:\/\/www.squareone.ca\/fr\/wp-json\/wp\/v2\/pages"}],"about":[{"href":"https:\/\/www.squareone.ca\/fr\/wp-json\/wp\/v2\/types\/page"}],"author":[{"embeddable":true,"href":"https:\/\/www.squareone.ca\/fr\/wp-json\/wp\/v2\/users\/2"}],"replies":[{"embeddable":true,"href":"https:\/\/www.squareone.ca\/fr\/wp-json\/wp\/v2\/comments?post=78558"}],"version-history":[{"count":2,"href":"https:\/\/www.squareone.ca\/fr\/wp-json\/wp\/v2\/pages\/78558\/revisions"}],"predecessor-version":[{"id":78615,"href":"https:\/\/www.squareone.ca\/fr\/wp-json\/wp\/v2\/pages\/78558\/revisions\/78615"}],"up":[{"embeddable":true,"href":"https:\/\/www.squareone.ca\/fr\/wp-json\/wp\/v2\/pages\/53157"}],"wp:attachment":[{"href":"https:\/\/www.squareone.ca\/fr\/wp-json\/wp\/v2\/media?parent=78558"}],"curies":[{"name":"wp","href":"https:\/\/api.w.org\/{rel}","templated":true}]}}