{"id":78610,"date":"2026-03-24T09:27:39","date_gmt":"2026-03-24T16:27:39","guid":{"rendered":"https:\/\/www.squareone.ca\/centres-ressources\/bases-assurance-conseils\/protection-de-vos-bijoux"},"modified":"2026-03-26T09:04:15","modified_gmt":"2026-03-26T16:04:15","slug":"protection-de-vos-bijoux","status":"publish","type":"page","link":"https:\/\/www.squareone.ca\/fr\/centres-ressources\/bases-assurance\/assurance-bijoux","title":{"rendered":"L\u2019assurance est-elle offerte pour les bijoux?"},"content":{"rendered":"<section id='intro' class=\"bg-shape-split bg-sub-page-hero\">\r\n    <div class=\"bg-position\">\r\n        <div class=\"container-fluid\">\r\n            <div class=\"row align-items-center\">\r\n                <div class=\"col-12 col-lg-8\">\r\n                    <h1>L\u2019assurance est-elle offerte pour les bijoux?<\/h1>\r\n                    <strong>Article r\u00e9dig\u00e9 par l'\u00e9quipe de Square One<\/strong>\r\n                    <p><strong>Article \u00e9valu\u00e9 par <a href=\"\/a-propos-de-nous\/experts\/rena-novotny\" title=\"Experte : Rena Novotny\">Rena Novotny<\/a><\/strong><\/p> \r\n                    <p class=\"pb-4\" style=\"margin-top:-24px\">Mis \u00e0 jour le 26 ao\u00fbt 2025<\/p>\r\n                <\/div>\r\n            <\/div>\r\n\r\n            <div class=\"row\">\r\n                <div class=\"col-lg-8\">\r\n                    <p class=\"display-4\">Savez-vous si votre <a href=\"\/fr\/habitation\" title=\"Assurance habitation\">police d\u2019assurance habitation<\/a> couvre vos bijoux ou montres? Les clients souscrivant une assurance habitation nous demandent souvent pourquoi notre syst\u00e8me de soumission en ligne leur demande de choisir une limitation de couverture pour les bijoux, car ils pensent que les autres polices d&rsquo;assurance incluent automatiquement une couverture pour les bijoux.<\/p>\r\n                    <p class=\"display-4\">C&rsquo;est une hypoth\u00e8se hasardeuse; en r\u00e9alit\u00e9, la plupart des polices d&rsquo;assurance limitent fortement le montant indemnis\u00e9 en cas de perte ou de d\u00e9t\u00e9rioration de bijoux et de montres.<\/p>\r\n\t\t\t\t\t\r\n\t\t\t\t<\/div>\t\r\n                <div class=\"col-lg-3 offset-lg-1\">          \r\n                    <p class=\"mb-2 display-4 pt-4 pt-lg-0 pt-mb-0\"><strong>Th\u00e8mes<\/strong><\/p>\r\n                        <ul class=\"list-unstyled link-list display-4\">\r\n                            <li><a href='#How-home-insurance-policies-work'>Comment fonctionnent-elles la plupart des polices?<\/a><\/li>\r\n                            <li><a href='#Square-One-difference'>La diff\u00e9rence Square One?<\/a><\/li>\r\n                            <li><a href='#Lost-stolen-destroyed-fire'>Perdus, vol\u00e9s ou d\u00e9truits<\/a><\/li>\r\n                            <li><a href='#Coverage'>Choix de limitation<\/a><\/li>\r\n                            <li><a href='#Insure-more-than-paid'>Bijoux \u00e0 rabais<\/a><\/li>\r\n                        <\/ul>\r\n                <\/div>\r\n            <\/div>  \r\n        <\/div>\r\n    <\/div>\r\n    <div class=\"bg-bottom\"><\/div>\r\n<\/section>\r\n\r\n<section>\r\n    <div class=\"container-fluid py-6\">\r\n        <div class=\"row\">\r\n            <div class=\"col-12 col-lg-8\">\r\n\r\n                <div class=\"row pb-6\">\r\n                    <div class=\"col-12\">\r\n                        <div class=\"card review\" style='background-color:#FFE0C9'>\r\n                            <div class=\"card-body\">\r\n                                <p class=\"h3\">L\u2019essentiel<\/p>\r\n                                <ul class='mb-0'>\r\n                                    <li>L&rsquo;assurance habitation couvre g\u00e9n\u00e9ralement les bijoux, bien qu&rsquo;il puisse y avoir une sous-limitation par sinistre.<\/li>\r\n                                    <li>Chez Square One, il est possible de personnaliser la limitation de couverture des bijoux en fonction de leur valeur r\u00e9elle.<\/li>\r\n                                    <li>Il est recommand\u00e9 de faire \u00e9valuer ses bijoux afin de s&rsquo;assurer qu&rsquo;ils sont correctement assur\u00e9s.<\/li>\r\n                                <\/ul>\r\n                            <\/div>\r\n                        <\/div>\r\n                    <\/div>\r\n                <\/div>            \t\r\n\r\n<h2 id=\"How-home-insurance-policies-work\">Comment fonctionnent-elles la plupart des polices?<\/h2>\r\n<p>La plupart des polices d\u2019assurance habitation comprennent une limitation de couverture pour vos possessions personnelles ou biens meubles dans les polices d\u2019assurance <a href=\"\/fr\/coproprietaire\" title=\"Assurance copropri\u00e9taire\">copropri\u00e9taire<\/a> ou <a href=\"\/fr\/locataire\" title=\"Assurance locataire\">locataire<\/a>. Cette section de la police couvre vos effets personnels, qui comprennent souvent des objets tels que des bijoux et des montres. Toutefois, vous devez consulter le libell\u00e9 exact de la police pour comprendre l&rsquo;\u00e9tendue r\u00e9elle de la couverture. La plupart des fournisseurs d\u2019assurance habitation offrent de la couverture pour les bijoux avec un <a href=\"https:\/\/www.squareone.ca\/fr\/centres-ressources\/lexique-assurance\/limitation\" title=\"D\u00e9finition : montants de r\u00e8glement maximum\">montants de r\u00e8glement maximum<\/a> de 6\u00a0000\u00a0$ ou moins par sinistre. Cela peut constituer un probl\u00e8me majeur, en particulier pour les clients qui ont achet\u00e9 ou accumul\u00e9 au fil du temps un certain nombre d&rsquo;objets de valeur.<\/p>\r\n\r\n<p>Par exemple\u00a0: dans le cadre de nombreuses polices d&rsquo;assurance habitation, une personne poss\u00e9dant 20\u00a0000\u00a0$ de bijoux et de montres ne recevra que 6\u00a0000\u00a0$ en cas de vol de l&rsquo;ensemble de ses biens \u2013 elle perdrait ainsi 14\u00a0000\u00a0$ de valeur. De plus, les clients qui ne poss\u00e8dent en r\u00e9alit\u00e9 ni bijoux ni montres paient tout de m\u00eame une prime qui inclut la couverture de ce type de biens, m\u00eame s\u2019ils n\u2019auront peut-\u00eatre jamais besoin de faire une demande d\u2019indemnisation \u00e0 ce titre.<\/p>\r\n<p>Vous souhaitez savoir \u00e0 quoi ressemblent les polices de Square One? T\u00e9l\u00e9chargez un <a href=\"\/sales\/documents\/fr\/Libell\u00e9-de-la-police-assurance-habitation.pdf\" target=\"new\">\u00e9chantillon<\/a> de notre police d\u2019assurance habitation. <\/p>\r\n\r\n<h2 id=\"Square-One-difference\">La diff\u00e9rence Square One<\/h2>\r\n<p>Chez Square One, nous voyons l\u2019assurance diff\u00e9remment. Nos polices d\u2019assurance habitation, copropri\u00e9taire et locataire <a href=\"\/fr\/centres-ressources\/bases-assurance\/types-de-polices-assurance-habitation\" title=\"Initiation aux diff\u00e9rents types d\u2019assurance habitation\">compr\u00e9hensives<\/a> ne comprennent pas automatiquement la couverture pour les bijoux. De cette mani\u00e8re, les clients qui n\u2019ont pas besoin d\u2019assurer ces objets peuvent choisir de ne pas le faire, afin de r\u00e9duire le montant de la prime. Les clients qui souhaitent assurer leurs bijoux peuvent alors souscrire exactement le montant de couverture dont ils ont besoin, moyennant une prime calcul\u00e9e pr\u00e9cis\u00e9ment en fonction de ce montant.<\/p>\r\n\r\n<h2 id=\"Lost-stolen-destroyed-fire\">Que se passe-t-il si mes bijoux sont perdus, vol\u00e9s ou d\u00e9truits dans un incendie?<\/h2>\r\n<p>La premi\u00e8re chose \u00e0 faire sera probablement de pr\u00e9senter une r\u00e9clamation. La suite d\u00e9pendra du type de couverture que vous avez souscrite et de ce que vous choisirez de faire\u00a0: remplacerez-vous l&rsquo;objet ou accepterez-vous un paiement en esp\u00e8ces \u00e0 la place?<\/p>\r\n\r\n<p>La plupart des polices modernes offrent une assurance selon le <a href=\"\/fr\/centres-ressources\/bases-assurance\/remplacement-biens-meubles\" title=\"Comprendre la couverture du co\u00fbt de remplacement\">co\u00fbt de remplacement<\/a>, qui vise \u00e0 remplacer les biens perdus ou endommag\u00e9s par des articles neufs de style et de qualit\u00e9 semblables. Par exemple\u00a0: si votre bague est vol\u00e9e, votre police par d\u00e9faut vous aidera \u00e0 remplacer la bague vol\u00e9e par une bague neuve de style et de qualit\u00e9 semblables, \u00e0 concurrence de la limitation de couverture que vous avez souscrite. Si vous d\u00e9cidez ne pas remplacer un bijou couvert, le r\u00e8glement sera effectu\u00e9 selon la <a href=\"\/fr\/centres-ressources\/lexique-assurance\/valeur-jour-sinistre\" title=\"D\u00e9finition : valeur au jour du sinistre\">valeur au jour du sinistre<\/a>. Cela signifie que la d\u00e9pr\u00e9ciation sera appliqu\u00e9e, de sorte que le montant que vous recevrez pourrait \u00eatre inf\u00e9rieur \u00e0 celui que vous auriez obtenu si vous aviez effectivement remplac\u00e9 la bague par un nouvel article de type et de qualit\u00e9 semblable.<\/p>\r\n\r\n            <\/div>\r\n        <\/div>\r\n    <\/div>\r\n<\/section>\r\n\r\n\t<section class=\"bg-transparent\">\n\t\t<img decoding=\"async\" src=\"\/sales\/images\/bgs\/bg-mid-page-cta-general-top.svg\" style=\"width: 100%; vertical-align: bottom; position: relative; top: 1px\"\/>\n\t\t\n\t\t<div class=\"bg-darkTeal py-3\">\t\t\t\n\t\t\t<div class=\"container-fluid\">\n\t\t\t\t<div class=\"row d-flex align-items-center pb-5\">\n\t\t\t\t\t<div class=\"col-12 col-md-8 offset-md-2 px-lg-5 pb-5 pb-lg-0\">\n\t\t\t\t\t\t<div class=\"h6 mb-4 text-primary text-uppercase text-center\">\n\t\t\t\t\t\t\tCela ne prend que 5\u00a0minutes \n\t\t\t\t\t\t<\/div>\t\t\n\t\t\t\t\t\t\t\t\t\t\t\n\t\t\t\t\t\t<p class=\"lead px-lg-5 text-white\">\n\t\t\t\t\t\t\t<strong class=\"d-inline-block text-uc-first\">Pr\u00eat \u00e0 obtenir une soumission en ligne? <\/strong> Votre temps est aussi important que vos possessions. Obtenez une soummision en assurance habitation en 5 minutes. C\u2019est moins de temps qu\u2019il n\u2019en faut pour faire la file pour un caf\u00e9.\n\t\t\t\t\t\t<\/p>\t\t\t\n\t\n\t\t\t\t\t\t<div id=\"sq1-qw-77338267a32c\" class=\"sq1-quote-widget mb-4 text-white\" data-quote-widget-type=\"HOME\" data-has-custom-text=\"true\">\n\t\t\t\t\t\t\t<div class=\"input-group input-group-focus-within bg-white my-4\">\n\t\t\t\t\t\t\t\t<div>\n\t\t\t\t\t\t\t\t\t<div class=\"input-group-text\">\n\t\t\t\t\t\t\t\t\t\t<i class=\"fa fa-map-marker d-block text-black\"><\/i>\n\t\t\t\t\t\t\t\t\t<\/div>\n\t\t\t\t\t\t\t\t<\/div>\n\t\t\t\t\t\t\t\t<input type=\"text\" class=\"form-control\" style=\"padding: 10px;\" placeholder=\"Enter an address\" aria-label=\"Inscrivez votre adresse pour obtenir une soumission\"\/>\n\t\t\t\t\t\t\t\t<div>\n\t\t\t\t\t\t\t\t\t<button class=\"btn btn-primary\">Obtenir une soumission en ligne d\u00e8s maintenant<\/button>\n\t\t\t\t\t\t\t\t<\/div>\n\t\t\t\t\t\t\t<\/div>\n\t\t\t\t\t\t<\/div>\n\t\t\t\t\t\t\n\t\t\t\t\t\t<p class=\"small text-white\">Avant de commencer, veuillez lire notre <a href=\"https:\/\/www.squareone.ca\/fr\/politique-confidentialite\" target=\"_blank\" rel=\"noreferrer noopener\">Politique de confidentialit\u00e9<\/a> et nos <a href=\"https:\/\/www.squareone.ca\/fr\/conditions-utilisation\" target=\"_blank\" rel=\"noreferrer noopener\">Conditions d\u2019utilisation<\/a>.<\/p>\t\n\t\n\t\t\t\t\t\t<script type=\"text\/javascript\">\n\t\t\t\t\t\t(function() {\n\t\t\t\t\t\t\tdocument.addEventListener('soiMiscJsLoaded', function() {\n\t\t\t\t\t\t        $(document).ready(function() {\n\t\t\t\t\t\t\t\t\tsoiQuoteWidget.processFormWidget('\/sales\/index.php\/json_quote_widget?rand=' +Math.random(), 'qwContainer'); \/\/populate quoting widget with content from symfony.\n\t\t\t\t\t\t\t\t});\n\t\t\t\t\t\t\t});\n\t\t\t\t\t\t})();\n\t\t\t\t\t\t<\/script>\n\t\t\t\t\t<\/div>\n\t\t\t\t<\/div>\n\t\t\t<\/div>\n\t\t<\/div>\n\t\t\n\t\t<img decoding=\"async\" src=\"\/sales\/images\/bgs\/bg-mid-page-cta-general-bottom.svg\" style=\"width: 100%; vertical-align: top\"\/>\t\t\n\t<\/section>\r\n\r\n<section>\r\n    <div class=\"container-fluid py-6\">\r\n        <div class=\"row\">\r\n            <div class=\"col-12 col-lg-8\">\r\n\r\n<h2 id=\"Coverage\">Comment choisir la limitation de couverture pour mes bijoux et montres?<\/h2>\r\n<p>De nombreux clients ont du mal \u00e0 d\u00e9terminer le montant de couverture requis pour remplacer l&rsquo;ensemble de leurs bijoux en cas de sinistre important. Cela s&rsquo;av\u00e8re particuli\u00e8rement difficile lorsque vous h\u00e9ritez de bijoux ou que vous les recevez en cadeau\u00a0: comment choisir le montant de la limitation de couverture alors que vous n&rsquo;avez pas achet\u00e9 l&rsquo;objet?<\/p>\r\n\r\n<p>Nous recommandons vivement que vous obteniez une estimation de vos bijoux. De nombreux bijoutiers et d\u00e9taillants proposent des services d&rsquo;\u00e9valuation \u00e0 un prix modique; en \u00e9change, ils examineront minutieusement vos bijoux et vous remettront un rapport d\u00e9taill\u00e9 les d\u00e9crivant, accompagn\u00e9 de photographies agrandies, ainsi qu&rsquo;une estimation approximative de leur \u00ab\u00a0co\u00fbt de remplacement actuel\u00a0\u00bb. Cette estimation, major\u00e9e des taxes de vente en vigueur dans votre r\u00e9gion, vous indique le montant de l&rsquo;assurance que vous devriez souscrire afin de b\u00e9n\u00e9ficier d&rsquo;une couverture suffisante pour remplacer l&rsquo;objet en cas de sinistre.<\/p>\r\n\r\n<p>\u00c0 mesure que les march\u00e9s internationaux restent relativement volatils, le <a href=\"https:\/\/montrealgold.ca\/sell-to-us\/todays-gold-prices\/\" title=\"Prix de l\u2019or, de l\u2019argent et du platine\" rel=\"noopenor noopener noreferrer\" target=\"_blank\">prix des pierres pr\u00e9cieuses et des m\u00e9taux pr\u00e9cieux<\/a> continue \u00e0 fluctuer. Pour vous assurer que votre couverture reste ad\u00e9quate, nous vous recommandons de faire r\u00e9\u00e9valuer vos biens au moins une fois tous les trois ans; dans de nombreux cas, vous pouvez demander \u00e0 l&rsquo;expert initial de vous donner son avis pour savoir si la valeur de votre bien a consid\u00e9rablement \u00e9volu\u00e9 et s&rsquo;il est n\u00e9cessaire de proc\u00e9der \u00e0 une r\u00e9\u00e9valuation compl\u00e8te.<\/p>\r\n\r\n<p>Un autre avantage de faire \u00e9valuer vos bijoux, c\u2019est qu&rsquo;une estimation sera utile en cas de r\u00e9clamation. Au lieu d&rsquo;essayer de remonter dans le temps, de rechercher de vieilles photos et de fouiller dans vos souvenirs pour tenter de d\u00e9crire l&rsquo;objet et n\u00e9gocier un <a href=\"\/fr\/centres-ressources\/lexique-assurance\/reglement-en-assurance\" D\u00e9finition : r\u00e8glement en assurance>r\u00e8glement<\/a>, vous et votre expert en sinistres pouvez utiliser l\u2019estimation pour d\u00e9crire l\u2019objet concern\u00e9 par la demande d\u2019indemnisation. Cela peut consid\u00e9rablement acc\u00e9l\u00e9rer le processus de recherche ou de conception d\u2019un objet de remplacement correspondant \u00e0 votre objet d\u2019origine.<\/p>\r\n\r\n<h2 id=\"Insure-more-than-paid\">J\u2019ai achet\u00e9 ce bijou \u00e0 prix r\u00e9duit. Pourquoi dois-je l\u2019assurer \u00e0 un montant sup\u00e9rieur \u00e0 celui que j\u2019ai pay\u00e9?<\/h2>\r\n<p>N&rsquo;oubliez pas que la plupart des polices sont con\u00e7ues pour offrir une couverture selon le \u00ab \u00a0co\u00fbt de remplacement\u00a0\u00bb, mais le montant maximal qui sera vers\u00e9 correspondra \u00e0 la limitation de couverture que vous avez souscrite. Votre police ne vous indemnisera probablement pas plus que la limitation de couverture que vous avez souscrite. Les ventes et rabais de bijoux ne durent pas pour toujours; si la limitation de couverture que vous choisissez est bas\u00e9e sur un prix r\u00e9duit qui n\u2019est plus offert, vous serez oblig\u00e9 de payer la diff\u00e9rence. Votre assureur n&rsquo;est tr\u00e8s probablement pas tenu de vous payer la diff\u00e9rence si vous choisissez de souscrire une couverture inf\u00e9rieure \u00e0 celle dont vous avez r\u00e9ellement besoin pour remplacer un bien.<\/p>\r\n\r\n<p><strong>Vous voulez en savoir plus?<\/strong> Consultez notre <a href=\"\/fr\/centres-ressources\/bases-assurance\" title=\"Centre de ressources : bases de l\u2019assurance habitation\">Centre de ressources&nbsp;: bases de l\u2019assurance habitation<\/a> pour acc\u00e9der \u00e0 des dizaines d\u2019articles pratiques pour vous guider sur les tenants et aboutissants de l\u2019assurance habitation. Ensuite, <a href=\"\/fr\/soumission-assurance-habitation-en-ligne\" title=\"Obtenir une soumission d\u2019assurance habitation en ligne\">obtenez une soumission d'assurance habitation en ligne<\/a> en moins de 5\u00a0minutes et d\u00e9couvrez \u00e0 quel point l\u2019assurance habitation personnalis\u00e9e peut \u00eatre abordable.<\/p>\r\n\r\n<div class=\"row py-3\">\r\n<div class=\"col-12\">\r\n<div class=\"card review\" style=\"box-shadow: 0 2px 4px rgba(0,0,0,0.07);background-color:#f4f4f4;\">\r\n<div class=\"card-body\">\r\n\t<p class=\"text-primary h4\">\u00c0 propos de l\u2019experte&nbsp;: Rena Novotny<\/p>\r\n\t<p>Rena a commenc\u00e9 sa carri\u00e8re de 23&nbsp;ans \u00e0 titre d\u2019experte en sinistres ind\u00e9pendante o\u00f9 elle s\u2019est sp\u00e9cialis\u00e9e dans les sinistres complexes, de responsabilit\u00e9 civile et de risque sp\u00e9cial. \u00c0 titre de gestionnaire de succursale, Rena embauchait, formait, encadrait et entra\u00eenait plusieurs experts en sinistres. Elle poursuit des \u00e9tudes sup\u00e9rieures \u00e0 temps partiel en neuro-psychologie et traumatisme dans le but d\u2019apprendre comment les deux conditions pourraient toucher l\u2019engagement de l\u2019assur\u00e9 quant aux sinistres catastrophiques. Titulaire d\u2019une ma\u00eetrise en analyse et gestion de conflits, Rena est munie des d\u00e9signations CRM, PAA et d\u2019un certificat en expertise en r\u00e8glement de sinistres, niveau&nbsp;3.<\/p>\r\n<\/div>\r\n<\/div>\r\n<\/div>\r\n<\/div>\r\n\r\n<\/div>\r\n    <\/div>\r\n<\/div>\r\n<\/section>\r\n<script type=\"application\/ld+json\">\r\n{\r\n  \"@context\": \"https:\/\/schema.org\",\r\n  \"@type\": \"WebPage\",\r\n  \"mainEntityOfPage\": {\r\n    \"@type\": \"Article\",\r\n    \"@id\": \"https:\/\/www.squareone.ca\/fr\/centres-ressources\/bases-assurance\/assurer-bijoux\"\r\n  },\r\n  \"author\": [\r\n    {\r\n      \"@type\": \"Person\",\r\n      \"name\": \"Square One team\"\r\n    }\r\n  ],\r\n  \"reviewedBy\": [\r\n    {\r\n      \"@type\": \"Person\",\r\n      \"name\": \"Rena Novotny\",\r\n      \"url\": \"https:\/\/www.squareone.ca\/fr\/a-propos-de-nous\/experts\/rena-novotny\"\r\n    }\r\n  ],\r\n  \"headline\": \"L\u2019assurance est-elle offerte pour les bijoux?\",\r\n  \"datePublished\": \"\",\r\n  \"dateModified\": \"\",\r\n  \"inLanguage\": \"fr-CA\",\r\n  \"isAccessibleForFree\": true\r\n}\r\n<\/script>\r\n<script type=\"application\/ld+json\">\r\n{\r\n  \"@context\": \"https:\/\/schema.org\",\r\n  \"@type\": \"FAQPage\",\r\n  \"mainEntity\": [{\r\n    \"@type\": \"Question\",\r\n    \"name\": \"Que se passe-t-il si mes bijoux sont perdus, vol\u00e9s ou d\u00e9truits dans un incendie?\",\r\n    \"acceptedAnswer\": {\r\n      \"@type\": \"Answer\",\r\n      \"text\": \"La premi\u00e8re chose \u00e0 faire sera probablement de pr\u00e9senter une r\u00e9clamation. La suite d\u00e9pendra du type de couverture que vous avez souscrite et de ce que vous choisirez de faire : remplacerez-vous l'objet ou accepterez-vous un paiement en esp\u00e8ces \u00e0 la place? La plupart des polices d'assurance modernes offrent une couverture selon le co\u00fbt de remplacement, qui vise \u00e0 remplacer les biens perdus ou endommag\u00e9s par des biens neufs de m\u00eame nature et de m\u00eame qualit\u00e9. Par exemple : si votre bague est vol\u00e9e, votre police part d\u00e9faut vous aidera \u00e0 la remplacer la bague vol\u00e9e par une bague neuve de style et de qualit\u00e9 semblable, \u00e0 concurrence de la limitation de couverture que vous avez souscrite. Si vous d\u00e9cidez de ne pas remplacer un bijou couvert par la police, l\u2019indemnisation s'effectuera g\u00e9n\u00e9ralement selon a base de la valeur au jour du sinistre. Cela signifie que la d\u00e9pr\u00e9ciation sera appliqu\u00e9e, de sorte que l\u2019indemnisation que vous recevrez pourrait \u00eatre inf\u00e9rieure \u00e0 celle que vous auriez obtenu si vous aviez effectivement remplac\u00e9 la bague par un nouvel article de type et de qualit\u00e9 semblable.\"\r\n    }\r\n  },{\r\n    \"@type\": \"Question\",\r\n    \"name\": \"Comment choisir la limitation de couverture pour mes bijoux et montres?\",\r\n    \"acceptedAnswer\": {\r\n      \"@type\": \"Answer\",\r\n      \"text\": \"Notre premi\u00e8re et meilleure recommandation est de faire \u00e9valuer vos bijoux. De nombreux bijoutiers et d\u00e9taillants proposent des services d'\u00e9valuation \u00e0 un prix modique; en \u00e9change, ils examineront minutieusement vos bijoux et vous remettront un rapport d\u00e9taill\u00e9 les d\u00e9crivant, accompagn\u00e9 de photographies agrandies, ainsi qu'une estimation approximative de leur co\u00fbt de remplacement actuel. Cette estimation, major\u00e9e des taxes de vente en vigueur dans votre r\u00e9gion, vous indique le montant de l'assurance que vous devriez souscrire afin de b\u00e9n\u00e9ficier d'une couverture suffisante pour remplacer l'objet en cas de sinistre. Alors que les march\u00e9s mondiaux restent relativement volatils, le prix des m\u00e9taux pr\u00e9cieux et des pierres pr\u00e9cieuses continue de fluctuer. Pour vous assurer que votre couverture reste ad\u00e9quate, nous vous recommandons de faire r\u00e9\u00e9valuer vos biens au moins une fois tous les trois ans; dans de nombreux cas, vous pouvez demander \u00e0 l'expert initial de vous donner son avis pour savoir si la valeur de votre bien a consid\u00e9rablement \u00e9volu\u00e9 et s'il est n\u00e9cessaire de proc\u00e9der \u00e0 une r\u00e9\u00e9valuation compl\u00e8te.\"\r\n    }\r\n  },{\r\n    \"@type\": \"Question\",\r\n    \"name\": \"J\u2019ai achet\u00e9 ce bijou \u00e0 prix r\u00e9duit. Pourquoi dois-je l\u2019assurer \u00e0 un montant sup\u00e9rieur \u00e0 celui que j\u2019ai pay\u00e9?\",\r\n    \"acceptedAnswer\": {\r\n      \"@type\": \"Answer\",\r\n      \"text\": \"N'oubliez pas que la plupart des polices sont con\u00e7ues pour offrir une couverture selon le co\u00fbt de remplacement, mais le montant maximal qui sera vers\u00e9 correspondra \u00e0 la limitation de couverture que vous avez souscrite. Votre police ne vous indemnisera probablement pas plus que la limitation de couverture que vous avez souscrite. Les ventes et rabais de bijoux ne durent pas pour toujours; si la limitation de couverture que vous choisissez est bas\u00e9e sur un prix r\u00e9duit qui n\u2019est plus offert, vous serez oblig\u00e9 de payer la diff\u00e9rence. Votre assureur n'est tr\u00e8s probablement pas tenu de vous payer la diff\u00e9rence si vous choisissez de souscrire une couverture inf\u00e9rieure \u00e0 celle dont vous avez r\u00e9ellement besoin pour remplacer un bien.\"\r\n    }\r\n  }]\r\n}\r\n<\/script>\r\n","protected":false},"excerpt":{"rendered":"<p>L\u2019assurance est-elle offerte pour les bijoux? Article \u00e9valu\u00e9 par Rena Novotny Savez-vous si votre police d\u2019assurance habitation couvre vos bijoux ou montres? Les clients souscrivant une assurance habitation nous demandent souvent pourquoi notre syst\u00e8me de soumission en ligne leur demande de choisir une limitation de couverture pour les bijoux, car ils pensent que les autres [&hellip;]<\/p>\n","protected":false},"author":2,"featured_media":0,"parent":50045,"menu_order":30,"comment_status":"open","ping_status":"closed","template":"page-article-new.php","meta":{"_acf_changed":false,"footnotes":""},"class_list":["post-78610","page","type-page","status-publish","hentry"],"acf":[],"_links":{"self":[{"href":"https:\/\/www.squareone.ca\/fr\/wp-json\/wp\/v2\/pages\/78610","targetHints":{"allow":["GET"]}}],"collection":[{"href":"https:\/\/www.squareone.ca\/fr\/wp-json\/wp\/v2\/pages"}],"about":[{"href":"https:\/\/www.squareone.ca\/fr\/wp-json\/wp\/v2\/types\/page"}],"author":[{"embeddable":true,"href":"https:\/\/www.squareone.ca\/fr\/wp-json\/wp\/v2\/users\/2"}],"replies":[{"embeddable":true,"href":"https:\/\/www.squareone.ca\/fr\/wp-json\/wp\/v2\/comments?post=78610"}],"version-history":[{"count":2,"href":"https:\/\/www.squareone.ca\/fr\/wp-json\/wp\/v2\/pages\/78610\/revisions"}],"predecessor-version":[{"id":78652,"href":"https:\/\/www.squareone.ca\/fr\/wp-json\/wp\/v2\/pages\/78610\/revisions\/78652"}],"up":[{"embeddable":true,"href":"https:\/\/www.squareone.ca\/fr\/wp-json\/wp\/v2\/pages\/50045"}],"wp:attachment":[{"href":"https:\/\/www.squareone.ca\/fr\/wp-json\/wp\/v2\/media?parent=78610"}],"curies":[{"name":"wp","href":"https:\/\/api.w.org\/{rel}","templated":true}]}}