{"id":78653,"date":"2026-03-26T12:43:35","date_gmt":"2026-03-26T19:43:35","guid":{"rendered":"https:\/\/www.squareone.ca\/centres-ressources\/lexique-assurance\/cout-remplacement-reconstruction-garanti-definition"},"modified":"2026-03-26T12:50:33","modified_gmt":"2026-03-26T19:50:33","slug":"cout-remplacement-reconstruction-garanti-definition","status":"publish","type":"page","link":"https:\/\/www.squareone.ca\/fr\/centres-ressources\/lexique-assurance\/cout-remplacement-reconstruction-garanti","title":{"rendered":"D\u00e9finition : co\u00fbt de r\u00e9paration ou de reconstruction garanti"},"content":{"rendered":"<section id='intro' class=\"bg-shape-split bg-sub-page-hero\">\r\n    <div class=\"bg-position\">\r\n        <div class=\"container-fluid\">\r\n            <div class=\"row align-items-center\">\r\n                <div class=\"col-12 col-lg-8\">                \r\n                    <h1>Co\u00fbt de r\u00e9paration ou de reconstruction garanti<\/h1>\r\n                    <strong>Article r\u00e9dig\u00e9 par <a href=\"\/fr\/a-propos-de-nous\/contributeurs#seamus-mckale\" title=\"Auteur : Seamus McKale\">Seamus McKale<\/a><\/strong>\r\n                    <p class=\"pb-3\"><strong>Article \u00e9valu\u00e9 par <a href=\"\/fr\/a-propos-de-nous\/experts\/daniel-mirkovic\" title=\"Expert : Daniel Mirkovic\">Daniel Mirkovic<\/a><\/strong><\/p> \r\n                    <p class=\"pb-4\" style=\"margin-top:-24px\">Mis \u00e0 jour le 10 septembre 2025<\/p>\r\n                <\/div>\r\n            <\/div>\r\n\r\n            <div class=\"row\">\r\n                <div class=\"col-lg-8\">\r\n                    <p class='mb-0'>Nom<\/p>\r\n                    <p>co\u00fbt\u00b7de\u00b7rem-place\u00b7ment\u00b7ou\u00b7de\u00b7re\u00b7con\u00b7struc\u00b7tion\u00b7ga\u00b7ran\u00b7ti | ku d\u00f8 ku \u0281\u0251\u0303plas\u0259m\u0251\u0303 u \u0281\u0259k\u0254\u0303st\u0281yksj\u0254\u0303 ga\u0281\u0251\u0303ti<\/p>\r\n                    <p class=\"display-4\"><strong><span class='text-orange'>D\u00e9finition\u00a0:<\/span> Une couverture en assurance qui indemnise le co\u00fbt entier de remplacement ou de reconstruction de la propri\u00e9t\u00e9 endommag\u00e9e, m\u00eame si le co\u00fbt d\u00e9passe la limitation de la police.<\/strong><\/p>\r\n                    <p class=\"display-4\"><i>Elle a souscrit une couverture pour le <strong>co\u00fbt de r\u00e9paration ou de reconstruction garanti<\/strong> dans sa police d\u2019assurance habitation.<\/i><\/p>              \r\n                <\/div>\r\n\r\n                <div class=\"col-lg-3 offset-lg-1\">          \r\n                    <p class=\"mb-2 display-4 pt-4 pt-lg-0 pt-mb-0\"><strong>Th\u00e8mes<\/strong><\/p>\r\n                    <ul class=\"list-unstyled link-list display-4\">\r\n                        <li><a href='#what-is-it'>Qu\u2019est-ce que le co\u00fbt de r\u00e9paration ou de reconstruction garanti?<\/a><\/li>            \r\n                        <li><a href='#why-its-important'>Pourquoi le co\u00fbt de r\u00e9paration ou de reconstruction garanti est-il un \u00e9l\u00e9ment important de l\u2019assurance habitation?<\/a><\/li>\r\n                    <\/ul>\r\n                <\/div>\r\n            <\/div>  \r\n        <\/div>\r\n    <\/div>\r\n    <div class=\"bg-bottom\"><\/div>\r\n<\/section>\r\n\r\n<section>\r\n    <div class=\"container-fluid py-6\">\r\n        <div class=\"row\">\r\n            <div class=\"col-12 col-lg-8\">\r\n                <div class=\"row pb-6\">\r\n                    <div class=\"col-12\">\r\n                        <div class=\"card review\" style='background-color:#FFE0C9'>\r\n                            <div class=\"card-body\">\r\n                                <p class=\"h3\">L\u2019essentiel<\/p>\r\n                                <ul class='mb-0'>\r\n                                   <li>La couverture du co\u00fbt de remplacement ou de reconstruction garanti pr\u00e9voit l&rsquo;int\u00e9gralit\u00e9 des frais de reconstruction d&rsquo;une habitation \u00e0 la suite d&rsquo;un sinistre couvert, m\u00eame au-del\u00e0 de la limitation de la police<\/li>\r\n                                   <li>Pour b\u00e9n\u00e9ficier de la couverture du co\u00fbt de remplacement ou de reconstruction garanti, le propri\u00e9taire occupant doit assurer son logement pour un montant au moins \u00e9gal \u00e0 l&rsquo;estimation du co\u00fbt de reconstruction \u00e9tablie par son assureur<\/li>\r\n                                   <li>Ce ne sont pas tous les assureurs qui offrent une couverture du co\u00fbt de remplacement ou de reconstruction garanti<\/li>\r\n                                <\/ul>\r\n                            <\/div>\r\n                        <\/div>\r\n                    <\/div>\r\n                <\/div>\r\n\r\n            <h2 id=\"what-it-is\">Qu\u2019est-ce que le co\u00fbt de r\u00e9paration ou de reconstruction garanti?<\/h2>\r\n\r\n                <p>Le co\u00fbt de remplacement ou de reconstruction garanti est un type de couverture d&rsquo;assurance habitation. Cela signifie qu&rsquo;une police d&rsquo;assurance habitation couvrira l&rsquo;int\u00e9gralit\u00e9 des frais de r\u00e9paration ou de reconstruction du logement, m\u00eame si le co\u00fbt final d\u00e9passe la limitation de la garantie B\u00e2timent dans la police.<\/p>\r\n\r\n                <p>La valeur \u00e0 neuf est le co\u00fbt de remplacer un article endommag\u00e9 ou perdu (un b\u00e2timent dans ce cas) par un article neuf de type et de qualit\u00e9 semblable.<\/p> \r\n\r\n                <p>Lorsque vous souscrivez une police d\u2019assurance propri\u00e9taire occupant, l&rsquo;une des garanties les plus importantes de ce contrat concerne la maison elle-m\u00eame. Cette couverture s\u2019appelle B\u00e2timent ou Couverture\u00a0A.<\/p> \r\n\r\n                <p>Quoi qu&rsquo;il en soit, cette couverture a une limitation. Votre fournisseur d\u2019assurance habitation calculera la valeur de reconstruction de la maison, c&rsquo;est-\u00e0-dire le co\u00fbt estim\u00e9 pour la reconstruire enti\u00e8rement. Vous pouvez (et devriez) assurer votre maison pour cette valeur estim\u00e9e; si vous ne le faites pas, votre police pourrait ne pas couvrir l&rsquo;int\u00e9gralit\u00e9 des frais de r\u00e9paration de votre maison si le pire venait \u00e0 se produire.<\/p>\r\n\r\n                <p>\u00c0 noter\u00a0: Le co\u00fbt de remplacement n&rsquo;est pas la valeur marchande. Il s\u2019agit du co\u00fbt de remplacement ou de reconstruction du b\u00e2timent lui-m\u00eame et ne comprend pas la valeur du terrain ou des <a href=\"\/fr\/centres-ressources\/lexique-assurance\/dependances\" title=\"D\u00e9finition : d\u00e9pendances\">d\u00e9pendances<\/a> sur la propri\u00e9t\u00e9.<\/p> \r\n\r\n                <p>Typiquement, cette couverture pr\u00e9voit la r\u00e9paration ou la reconstruction de votre logement jusqu&rsquo;\u00e0 concurrence de la limitation s\u00e9lectionn\u00e9e. En revanche, la couverture pour le co\u00fbt de remplacement ou de reconstruction garanti la r\u00e9paration offre une indemnisation au-del\u00e0 de la limitation choisie.<\/p>\r\n\r\n                <p>Il y a toutefois une condition\u00a0:<\/p>\r\n\r\n                <p>Pour b\u00e9n\u00e9ficier de la couverture pour le co\u00fbt de remplacement ou de reconstruction garanti, vous devrez assurer votre logement \u00e0 concurrence de sa valeur de reconstruction totale, selon l\u2019estimation de votre assureur. Si vous d\u00e9cidez d\u2019assurer votre habitation pour un montant inf\u00e9rieur \u00e0 l\u2019estimation du <a href=\"\/fr\/centres-ressources\/lexique-assurance\/assureur\" title=\"D\u00e9finition: Insurer\">fournisseur d\u2019assurance<\/a>, vous ne serez pas admissible \u00e0 une indemnisation pour le co\u00fbt de replacement ou de reconstruction garanti.<\/p> \r\n\r\n                <p>Le <strong>co\u00fbt de remplacement \u00e9tendu<\/strong> est li\u00e9 au co\u00fbt de remplacement ou de reconstruction garanti; il s&rsquo;agit en quelque sorte d&rsquo;un compromis. Parfois, le co\u00fbt de remplacement \u00e9tendu couvre les frais de reconstruction d\u00e9passant la limitation de la police, mais uniquement jusqu&rsquo;\u00e0 un certain pourcentage. Dans d&rsquo;autres cas, le co\u00fbt de remplacement \u00e9tendu fonctionne de mani\u00e8re tr\u00e8s similaire au co\u00fbt de remplacement ou de reconstruction garanti.<\/p>\r\n                <p>Si vous ne savez pas exactement comment votre police s&rsquo;appliquera dans votre cas, communiquez avec votre assureur d\u2019assurance.<\/p>\r\n\r\n            <h2 id=\"why-its-important\">Pourquoi la couverture pour le co\u00fbt de remplacement ou de reconstruction est-elle importante?<\/h2>\r\n\r\n                <p>Il existe de nombreuses raisons pour lesquelles il est important de trouver une police d&rsquo;assurance habitation qui offre le co\u00fbt de remplacement ou de reconstruction garanti. S&rsquo;il est certes possible d&rsquo;estimer le co\u00fbt de reconstruction d&rsquo;une maison, de nombreux facteurs peuvent faire grimper ce co\u00fbt le moment venu.<\/p>\r\n\r\n                <p>Par exemple, le co\u00fbt des mat\u00e9riaux de construction et de la main-d&rsquo;\u0153uvre peut \u00eatre impr\u00e9visible. C&rsquo;est particuli\u00e8rement vrai si votre maison a \u00e9t\u00e9 endommag\u00e9e par une catastrophe naturelle. Dans ce cas, il y a probablement des dizaines d&rsquo;autres maisons qui ont \u00e9galement \u00e9t\u00e9 endommag\u00e9es; la p\u00e9nurie de main-d&rsquo;\u0153uvre et de mat\u00e9riaux qui en r\u00e9sulte peut faire grimper les co\u00fbts de reconstruction.<\/p>\r\n\r\n                <p>Voici un autre exemple\u00a0: Changement de <a href=\"\/fr\/centres-ressources\/lexique-assurance\/reglement\" title=\"D\u00e9finition : r\u00e8glement\">r\u00e8glements municipaux.<\/a> \r\n\r\n                <p>Lorsque vous r\u00e9novez votre maison, celle-ci doit \u00eatre conforme \u00e0 tous les nouveaux codes du b\u00e2timent ou r\u00e8glements municipaux entr\u00e9s en vigueur depuis sa construction initiale. Ces modifications peuvent \u00e9galement faire grimper les co\u00fbts.<\/p>\r\n\r\n                <p>Ce ne sont pas toutes les polices d&rsquo;assurance habitation qui ne couvrent pas les r\u00e8glements municipaux. Ainsi, en plus de rechercher une couverture garantissant le co\u00fbt de remplacement, assurez-vous de b\u00e9n\u00e9ficier \u00e9galement d&rsquo;une couverture pour les r\u00e8glements municipaux.<\/p>\r\n                <p>Pour de plus amples renseignements sur le co\u00fbt de remplacement ou de reconstruction garanti, consultez <a href=\"\/fr\/centres-ressources\/proprietaire-occupant\/couverture-cout-reparation-reconstruction-garanti\" title=\"Co\u00fbt de r\u00e9paration ou de reconstruction garanti : le guide int\u00e9gral\">notre guide d\u00e9taill\u00e9<\/a> sur le th\u00e8me.<\/p>\r\n\r\n                <p><strong>Vous recherchez une d\u00e9finition en assurance?<\/strong> Consultez notre <a href=\"\/fr\/centres-ressources\/lexique-assurance\" title=\"Centre de ressources : lexique de l'assurance\">Centre de ressources&nbsp;: lexique de l\u2019assurance<\/a> pour acc\u00e9der \u00e0 des d\u00e9finitions faciles \u00e0 comprendre des termes les plus courants de l'assurance. Ensuite, <a href=\"\/fr\/soumission-assurance-habitation-en-ligne\" title=\"Obtenir une soumission d\u2019assurance habitation en ligne\">obtenez une soumission d'assurance habitation en ligne<\/a> en moins de 5\u00a0minutes et d\u00e9couvrez \u00e0 quel point l\u2019assurance habitation personnalis\u00e9e peut \u00eatre abordable.<\/p>\r\n\r\n                <div class=\"row py-3\">\r\n<div class=\"col-12\">\r\n<div class=\"card review\" style=\"box-shadow: 0 2px 4px rgba(0,0,0,0.07);background-color:#f4f4f4;\">\r\n<div class=\"card-body\">\r\n\t<p class=\"text-primary h4\">\u00c0 propos de l\u2019expert&nbsp;: Daniel Mirkovic<\/p>\r\n\t<p>Cofondateur de Square One comptant plus de 25&nbsp;ans dans le secteur de l\u2019assurance, Daniel \u00e9tait vice-pr\u00e9sident des services d\u2019assurance et de voyage de la British Columbia Automobile Association (BCAA). Daniel est titulaire d'un baccalaur\u00e9at \u00e8s commerce et d'une ma\u00eetrise \u00e8s administration des affaires, tous deux obtenus \u00e0 la Sauder School of Business de l'universit\u00e9 de la Colombie-Britannique. Daniel est muni de la d\u00e9signation CAAC et d\u2019un certificat en assurance de dommages niveau&nbsp;3 en Colombie-Britannique, en Alberta, en Saskatchewan, au Manitoba et en Ontario.<\/p>\r\n<\/div>\r\n<\/div>\r\n<\/div>\r\n<\/div>\r\n\r\n            <\/div>\r\n        <\/div>\r\n    <\/div>\r\n<\/section>\r\n<script type=\"application\/ld+json\">\r\n{\r\n  \"@context\": \"https:\/\/schema.org\",\r\n  \"@graph\": [\r\n    {\r\n      \"@type\": [\"WebPage\", \"DefinedTerm\"],\r\n      \"@id\": \"https:\/\/www.squareone.ca\/fr\/centres-ressources\/lexique-assurance\/cout-reconstruction-garanti\",\r\n      \"url\": \"https:\/\/www.squareone.ca\/fr\/centres-ressources\/lexique-assurance\/cout-reconstruction-garanti\",\r\n      \"inLanguage\": \"fr-CA\",\r\n      \"isAccessibleForFree\": true,\r\n      \"name\": \"Co\u00fbt de r\u00e9paration ou de reconstruction garanti\",\r\n      \"description\": \"Une couverture d'assurance qui indemnise l'int\u00e9gralit\u00e9 des frais de remplacement ou de reconstruction des biens endommag\u00e9s, m\u00eame si ceux-ci d\u00e9passent la limitation de la police.\",\r\n      \"inDefinedTermSet\": {\r\n        \"@type\": \"DefinedTermSet\",\r\n        \"name\": \"Lexique de l\u2019assurance de Square One\",\r\n        \"url\": \"https:\/\/www.squareone.ca\/fr\/centres-ressources\/lexique-assurance\"\r\n      },\r\n      \"publisher\": {\r\n        \"@id\": \"https:\/\/www.squareone.ca\/fr\"\r\n      },\r\n      \"author\": {\r\n        \"@id\": \"#seamus-mckale\"\r\n      },\r\n      \"reviewedBy\": {\r\n        \"@id\": \"https:\/\/www.squareone.ca\/fr\/a-propos-de-nous\/experts\/daniel-mirkovic\"\r\n      }\r\n    },\r\n    {\r\n      \"@type\": \"InsuranceAgency\",\r\n      \"@id\": \"https:\/\/www.squareone.ca\/fr\",\r\n      \"name\": \"Assurances Square One\",\r\n      \"url\": \"https:\/\/www.squareone.ca\/fr\",\r\n      \"logo\": \"https:\/\/cdn.squareone.ca\/wp-content\/uploads\/2021\/04\/09094743\/square-one-logomark-default-md-1.png\",\r\n      \"address\": {\r\n        \"@type\": \"PostalAddress\",\r\n        \"streetAddress\": \"1410-650 W Georgia St\",\r\n        \"addressLocality\": \"Vancouver\",\r\n        \"addressRegion\": \"BC\",\r\n        \"postalCode\": \"V6B 4N8\",\r\n        \"addressCountry\": \"CA\"\r\n      },\r\n      \"telephone\": \"+1-855-331-6933\",\r\n      \"areaServed\": [\"BC\", \"AB\", \"SK\", \"MB\", \"ON\", \"QC\"],\r\n      \"feesAndCommissionsSpecification\": \"https:\/\/www.squareone.ca\/fr\/transparence\"\r\n    },\r\n    {\r\n      \"@type\": \"Person\",\r\n      \"@id\": \"#seamus-mckale\",\r\n      \"name\": \"Seamus McKale\",\r\n      \"url\": \"https:\/\/www.squareone.ca\/fr\/a-propos-de-nous\/membres-equipe#seamus-mckale\",\r\n      \"description\": \"Seamus a 15 ans d\u2019exp\u00e9rience en marketing, avec sp\u00e9cialisation en publicit\u00e9 multim\u00e9dia, r\u00e9daction technique et contenu sur l\u2019assurance personnelle.\",\r\n      \"jobTitle\": \"Sp\u00e9cialiste de marketing de contenu\",\r\n      \"worksFor\": {\r\n        \"@id\": \"https:\/\/www.squareone.ca\/fr\"\r\n      },\r\n      \"hasCredential\": [\r\n        {\r\n          \"@type\": \"EducationalOccupationalCredential\",\r\n          \"name\": \"Certificat en assurance de dommages de la C.-B., niveau 1\"\r\n        },\r\n        {\r\n          \"@type\": \"EducationalOccupationalCredential\",\r\n          \"name\": \"Certificat en assurance de dommages de l\u2019Ontario\"\r\n        }\r\n      ],\r\n      \"knowsAbout\": [\r\n        \"Marketing\",\r\n        \"Publicit\u00e9 multim\u00e9dia\",\r\n        \"R\u00e9daction technique\",\r\n        \"Assurance des particuliers\"\r\n      ],\r\n      \"sameAs\": [\r\n        \"https:\/\/www.linkedin.com\/in\/seamus-m-83801a2b\/\"\r\n      ]\r\n    },\r\n    {\r\n      \"@type\": \"Person\",\r\n      \"@id\": \"https:\/\/www.squareone.ca\/fr\/a-propos-de-nous\/experts\/daniel-mirkovic\",\r\n      \"name\": \"Daniel Mirkovic\",\r\n      \"url\": \"https:\/\/www.squareone.ca\/fr\/a-propos-de-nous\/experts\/daniel-mirkovic\",\r\n      \"description\": \"Daniel poss\u00e8de de vastes connaissances en assurance, acquises au cours de plus de 25 ans d\u2019exp\u00e9rience dans le secteur.\",\r\n      \"jobTitle\": \"Cofondateur et PDG\",\r\n      \"worksFor\": {\r\n        \"@id\": \"https:\/\/www.squareone.ca\/fr\"\r\n      },\r\n      \"alumniOf\": {\r\n        \"@type\": \"CollegeOrUniversity\",\r\n        \"name\": \"Sauder School of Business at the University of British Columbia\"\r\n      },\r\n      \"hasCredential\": [\r\n        {\r\n          \"@type\": \"EducationalOccupationalCredential\",\r\n          \"name\": \"Courtier d\u2019assurance agr\u00e9\u00e9 du Canada (CAAC)\"\r\n        },\r\n        {\r\n          \"@type\": \"EducationalOccupationalCredential\",\r\n          \"name\": \"Certificat en assurance de dommages, niveau 3 (BC, AB, SK, MB, ON)\"\r\n        }\r\n      ],\r\n      \"knowsAbout\": [\r\n        \"Assurance propri\u00e9taire occupant\",\r\n        \"Assurance locataire\",\r\n        \"Assurance copropri\u00e9taire\",\r\n        \"Assurance auto\",\r\n        \"Assurance automobile de collection\",\r\n        \"Assurance maladie\",\r\n        \"Assurance-vie\",\r\n        \"L\u2019assurance invalidit\u00e9 de longue dur\u00e9e\",\r\n        \"Assurance v\u00e9t\u00e9rinaire\",\r\n        \"Assurance-voyage\",\r\n        \"Planification d\u2019affaires et strat\u00e9gique\",\r\n        \"Publicit\u00e9 s'adressant directement aux consommateurs\",\r\n        \"D\u00e9veloppement des produits\",\r\n        \"Conception de l\u2019exp\u00e9rience des utilisateurs\"\r\n      ],\r\n      \"sameAs\": [\r\n        \"https:\/\/www.linkedin.com\/in\/danielmirkovic\"\r\n      ]\r\n    },\r\n    {\r\n      \"@type\": \"FAQPage\",\r\n      \"mainEntity\": [\r\n        {\r\n          \"@type\": \"Question\",\r\n          \"name\": \"Qu'est-ce que le co\u00fbt de r\u00e9paration ou de reconstruction garanti?\",\r\n          \"acceptedAnswer\": {\r\n            \"@type\": \"Answer\",\r\n            \"text\": \"Le co\u00fbt de remplacement ou de reconstruction garanti est un type de couverture en assurance habitation. Cela signifie qu'une police d'assurance habitation couvrira l'int\u00e9gralit\u00e9 des frais de r\u00e9paration ou de reconstruction du logement, m\u00eame si le co\u00fbt final d\u00e9passe la limitation de la garantie B\u00e2timent dans la police.\"\r\n          }\r\n        },\r\n        {\r\n          \"@type\": \"Question\",\r\n          \"name\": \"Pourquoi le co\u00fbt de r\u00e9paration ou de reconstruction garanti est-il un \u00e9l\u00e9ment important?\",\r\n          \"acceptedAnswer\": {\r\n            \"@type\": \"Answer\",\r\n            \"text\": \"Il existe de nombreuses raisons pour lesquelles il est important de trouver une police d'assurance habitation qui offre le co\u00fbt de remplacement ou de reconstruction garanti. S'il est certes possible d'estimer le co\u00fbt de reconstruction d'une maison, de nombreux facteurs peuvent faire grimper ce co\u00fbt le moment venu. Par exemple, le co\u00fbt des mat\u00e9riaux de construction et de la main-d'\u0153uvre peut \u00eatre impr\u00e9visible. C'est particuli\u00e8rement vrai si votre maison a \u00e9t\u00e9 endommag\u00e9e par une catastrophe naturelle. Dans ce cas, il y a probablement des dizaines d'autres maisons qui ont \u00e9galement \u00e9t\u00e9 endommag\u00e9es; la p\u00e9nurie de main-d'\u0153uvre et de mat\u00e9riaux qui en r\u00e9sulte peut faire grimper les co\u00fbts de reconstruction. Voici un autre exemple\u00a0: changements de r\u00e8glements municipaux. Lorsque vous r\u00e9novez votre maison, celle-ci doit \u00eatre conforme \u00e0 tous les nouveaux codes du b\u00e2timent ou r\u00e8glements municipaux entr\u00e9s en vigueur depuis sa construction initiale. Ces modifications peuvent \u00e9galement faire grimper les co\u00fbts.\"\r\n          }\r\n        }\r\n      ]\r\n    }\r\n  ]\r\n}\r\n<\/script>\r\n","protected":false},"excerpt":{"rendered":"<p>Co\u00fbt de r\u00e9paration ou de reconstruction garanti Article \u00e9valu\u00e9 par Daniel Mirkovic Nom co\u00fbt\u00b7de\u00b7rem-place\u00b7ment\u00b7ou\u00b7de\u00b7re\u00b7con\u00b7struc\u00b7tion\u00b7ga\u00b7ran\u00b7ti | ku d\u00f8 ku \u0281\u0251\u0303plas\u0259m\u0251\u0303 u \u0281\u0259k\u0254\u0303st\u0281yksj\u0254\u0303 ga\u0281\u0251\u0303ti D\u00e9finition\u00a0: Une couverture en assurance qui indemnise le co\u00fbt entier de remplacement ou de reconstruction de la propri\u00e9t\u00e9 endommag\u00e9e, m\u00eame si le co\u00fbt d\u00e9passe la limitation de la police. Elle a souscrit une [&hellip;]<\/p>\n","protected":false},"author":20,"featured_media":0,"parent":53157,"menu_order":0,"comment_status":"closed","ping_status":"closed","template":"page-article-new.php","meta":{"_acf_changed":false,"footnotes":""},"class_list":["post-78653","page","type-page","status-publish","hentry"],"acf":[],"_links":{"self":[{"href":"https:\/\/www.squareone.ca\/fr\/wp-json\/wp\/v2\/pages\/78653","targetHints":{"allow":["GET"]}}],"collection":[{"href":"https:\/\/www.squareone.ca\/fr\/wp-json\/wp\/v2\/pages"}],"about":[{"href":"https:\/\/www.squareone.ca\/fr\/wp-json\/wp\/v2\/types\/page"}],"author":[{"embeddable":true,"href":"https:\/\/www.squareone.ca\/fr\/wp-json\/wp\/v2\/users\/20"}],"replies":[{"embeddable":true,"href":"https:\/\/www.squareone.ca\/fr\/wp-json\/wp\/v2\/comments?post=78653"}],"version-history":[{"count":2,"href":"https:\/\/www.squareone.ca\/fr\/wp-json\/wp\/v2\/pages\/78653\/revisions"}],"predecessor-version":[{"id":78656,"href":"https:\/\/www.squareone.ca\/fr\/wp-json\/wp\/v2\/pages\/78653\/revisions\/78656"}],"up":[{"embeddable":true,"href":"https:\/\/www.squareone.ca\/fr\/wp-json\/wp\/v2\/pages\/53157"}],"wp:attachment":[{"href":"https:\/\/www.squareone.ca\/fr\/wp-json\/wp\/v2\/media?parent=78653"}],"curies":[{"name":"wp","href":"https:\/\/api.w.org\/{rel}","templated":true}]}}