{"id":78786,"date":"2026-04-09T11:25:37","date_gmt":"2026-04-09T18:25:37","guid":{"rendered":"https:\/\/www.squareone.ca\/centres-ressources\/bases-assurance-conseils\/lassurance-est-elle-offerte-pour-les-drones"},"modified":"2026-04-09T11:25:37","modified_gmt":"2026-04-09T18:25:37","slug":"lassurance-est-elle-offerte-pour-les-drones","status":"publish","type":"page","link":"https:\/\/www.squareone.ca\/fr\/centres-ressources\/bases-assurance\/drones","title":{"rendered":"L\u2019assurance est-elle offerte pour les drones?"},"content":{"rendered":"<main>\r\n<section id='intro' class=\"bg-shape-split bg-sub-page-hero\">\r\n    <div class=\"bg-position\">\r\n        <div class=\"container-fluid\">\r\n            <div class=\"row align-items-center\">\r\n                <div class=\"col-12 col-lg-8\">\r\n                    <h1>L\u2019assurance est-elle offerte pour les drones?<\/h1>\r\n                    <strong>Article r\u00e9dig\u00e9 par l'\u00e9quipe de Square One<\/strong>\r\n\t\t\t\t\t<p><strong>Article \u00e9valu\u00e9 par <a href=\"\/a-propos-de-nous\/experts\/rena-novotny\" title=\"Experte : Rena Novotny\">Rena Novotny<\/a><\/strong><\/p> \r\n\t\t\t\t\t<p class=\"pb-4\" style=\"margin-top:-24px\">Mis \u00e0 jour le 16 juillet 2024<\/p>\t\t\t\t\t\t\r\n                <\/div>\r\n            <\/div>\r\n\r\n            <div class=\"row\">\r\n                <div class=\"col-lg-8\">\r\n                    <p class=\"display-4\">Les drones deviennent de plus en plus populaires, non seulement chez les industries et les entreprises, mais \u00e9galement chez les particuliers. Dans cet article, nous aborderons l\u2019assurance des drones et la fa\u00e7on de les exploiter en toute s\u00e9curit\u00e9.<\/p>               \r\n\t\t\t\t\r\n\t\t\t\t<\/div>\r\n\r\n                <div class=\"col-lg-3 offset-lg-1\">          \r\n                    <p class=\"mb-2 display-4 pt-4 pt-lg-0 pt-mb-0\"><strong>Th\u00e8mes<\/strong><\/p>\r\n                        <ul class=\"list-unstyled link-list display-4\">\r\n                            <li><a href='#drone'>Qu\u2019est-ce qu\u2019un drone?<\/a><\/li>\r\n                            <li><a href='#legal'>Sont-ils l\u00e9gaux?<\/a><\/li>\r\n                            <li><a href='#insurance'>L\u2019assurance habitation et les drones<\/a><\/li>\r\n                            <li><a href='#protection'>Comment vous prot\u00e9ger<\/a><\/li>\r\n                        <\/ul>\r\n                <\/div>\r\n            <\/div>  \r\n        <\/div>\r\n    <\/div>\r\n    <div class=\"bg-bottom\"><\/div>\r\n<\/section>\r\n\r\n<section>\r\n    <div class=\"container-fluid py-6\">\r\n        <div class=\"row\">\r\n            <div class=\"col-12 col-lg-8\">\r\n\r\n                <div class=\"row pb-6\">\r\n                    <div class=\"col-12\">\r\n                        <div class=\"card review\" style='background-color:#FFE0C9'>\r\n                            <div class=\"card-body\">\r\n                                <p class=\"h3\">L\u2019essentiel<\/p>\r\n                                <ul class='mb-0'>\r\n                                    <li>Les drones sont r\u00e9gis par Transport Canada, qui impose des restrictions sur la taille et les endroits o\u00f9 l\u2019on peut les exploiter.<\/li>\r\n                                    <li>Bon nombre de fournisseurs d\u2019assurance traitent les drones \u00e0 titre d\u2019a\u00e9ronef. Remarquez que ces appareils sont exclus de la plupart des polices.<\/li>\r\n                                    <li>Certains fournisseurs, dont Square One, assurent les petits drones destin\u00e9s \u00e0 l\u2019utilisation r\u00e9cr\u00e9ative.<\/li>\r\n                                <\/ul>\r\n                            <\/div>\r\n                        <\/div>\r\n                    <\/div>\r\n                <\/div>            \t\r\n\r\n            <h2 id=\"drone\">Qu\u2019est-ce qu\u2019un drone?<\/h2>\r\n\r\n                <p>Un drone est un petit v\u00e9hicule a\u00e9rien sans pilote autrement appel\u00e9 a\u00e9ronef sans \u00e9quipage (ASE). Un drone peut \u00eatre exploit\u00e9 \u00e0 distance ou de fa\u00e7on autonome \u00e0 l\u2019aide d\u2019un ordinateur \u00e0 bord. V\u00e9hicules militaires \u00e0 l\u2019origine, les drones sont d\u00e9ploy\u00e9s pour tout type d\u2019application pratique \u00e0 l\u2019heure actuelle. Ils servent \u00e0 des op\u00e9rations de recherche et de sauvetage, \u00e0 la surveillance de la circulation et \u00e0 la lutte contre l\u2019incendie, entre autres fonctions.<\/p>\r\n\r\n            <h2 id=\"legal\">Est-il l\u00e9gal de poss\u00e9der un drone?<\/h2>\r\n\r\n                <p>Au Canada, il existe des r\u00e8gles pour la propri\u00e9t\u00e9 et l\u2019exploitation des ASE. \u00c0 juste titre, car une mauvaise utilisation peut \u00eatre dangereuse et mettre des vies en danger. Selon les r\u00e8glements de Transport Canada&nbsp;:<\/p>\r\n\r\n                <ul>\r\n                    <li>Si le drone p\u00e8se plus de 25&nbsp;kg, vous devez obtenir un <a href=\"https:\/\/tc.canada.ca\/fr\/aviation\/securite-drones\/licence-pilote-drone\/obtenir-autorisation-operations-speciales-drones\" title=\"\u00c9valuation et traitement d\u2019un Certificat d\u2019op\u00e9rations a\u00e9riennes sp\u00e9cialis\u00e9es\" target=\"_blank\" rel=\"noopener noreferrer\">Certificat d\u2019op\u00e9rations a\u00e9riennes sp\u00e9cialis\u00e9es (COAS)<\/a>.<\/li>\r\n                    <li>Si le drone p\u00e8se entre 250&nbsp;grammes et 25&nbsp;kg, et est utilis\u00e9 \u00e0 des fins r\u00e9cr\u00e9atives, vous devez obtenir un certificat de pilote de drone afin de l\u2019exploiter.<\/li>\r\n                    <li>Si le drone p\u00e8se moins de 250&nbsp;grammes et est utilis\u00e9 uniquement \u00e0 des fins r\u00e9cr\u00e9atives, vous n\u2019avez pas besoin d\u2019obtenir l\u2019autorisation de Transport Canada, mais vous devez respecter les lois en vigueur et exploiter le drone de fa\u00e7on s\u00e9curitaire.<\/li> \r\n                <\/ul>\r\n\r\n                <p>Transport Canada publie des lignes directrices pour les drones&nbsp;:<\/p>\r\n\r\n                <p><strong>\u00c0 faire&nbsp;:<\/strong><\/p>\r\n\r\n                <ul class=\"compact-list\">\r\n                    <li><p>Exploiter le drone pendant le jour et dans des conditions m\u00e9t\u00e9orologiques favorables (et pas en temps nuageux ou de brouillard).<\/p><\/li>\r\n                    <li><p>Exploiter le drone sans le perdre de vue et pas seulement par l\u2019interm\u00e9diaire d\u2019une cam\u00e9ra \u00e0 bord, d\u2019un moniteur ou d\u2019un t\u00e9l\u00e9phone intelligent.<\/p><\/li>\r\n                    <li><p>Vous assurer que le drone est s\u00e9curitaire avant le d\u00e9collage. Par exemple, les piles sont-elles charg\u00e9es? La temp\u00e9rature, est-elle trop froide pour voler?<\/p><\/li>\r\n                    <li><p>Avez-vous besoin d\u2019un Certificat d\u2019op\u00e9rations a\u00e9riennes sp\u00e9cialis\u00e9es?<\/p><\/li>\r\n                    <li><p>Respecter la propri\u00e9t\u00e9 et la confidentialit\u00e9 des tiers&nbsp;: \u00e9viter d\u2019exploiter l\u2019appareil au-dessus de la propri\u00e9t\u00e9 priv\u00e9e ou de prendre des photos ou vid\u00e9os sans autorisation.<\/p><\/li>\r\n                <\/ul>\r\n\r\n                <p><strong>\u00c0 ne pas faire&nbsp;:<\/strong><\/p>\r\n                <ul class=\"compact-list\">\r\n                    <li><p>Voler \u00e0 moins de 9&nbsp;km de tout a\u00e9roport, h\u00e9liport ou a\u00e9rodrome.<\/p><\/li>\r\n                    <li><p>Voler \u00e0 une altitude de plus de 90&nbsp;m\u00e8tres.<\/p><\/li>\r\n                    <li><p>Voler \u00e0 moins de 150&nbsp;m\u00e8tres des gens, des animaux, des b\u00e2timents, des structures ou v\u00e9hicules.<\/p><\/li>\r\n                    <li><p>Voler dans des zones peupl\u00e9es ou \u00e0 proximit\u00e9 de groupes importants des gens, y compris les \u00e9v\u00e9nements sportifs, les concerts, les festivals et les spectacles de feux d\u2019artifice.<\/p><\/li>\r\n                    <li><p>Voler \u00e0 proximit\u00e9 des v\u00e9hicules en mouvement, des autoroutes, des ponts, des rues charg\u00e9es ou tout endroit o\u00f9 vous pourriez mettre en danger les conducteurs.<\/p><\/li>\r\n                    <li><p>Voler dans des espaces a\u00e9riens restreints et contr\u00f4l\u00e9s, y compris les bases militaires, les prisons et les zones de feu de for\u00eat.<\/p><\/li>\r\n                    <li><p>Voler dans des endroits o\u00f9 le drone peut interf\u00e9rer avec les premiers intervenants.<\/p><\/li>\r\n                <\/ul>\r\n\r\n            <h2 id=\"insurance\">L\u2019assurance habitation couvre-t-elle les drones?<\/h2>\r\n\r\n                <p>En th\u00e9orie, les drones constituent de petits a\u00e9ronefs. La plupart des polices d\u2019assurance habitation <a href=\"\/fr\/centres-ressources\/bases-assurance\/exclusions-police-assurance-habitation\" title=\"Initiation aux exclusions d\u2019une police d\u2019assurance habitation\">excluent ces appareils de leur couverture<\/a>. Dans le m\u00eame ordre d\u2019id\u00e9es, les drones sont exclus de la plupart des polices d\u2019assurance habitation.<\/p> \r\n\r\n                <p>Cela signifie que vous ne serez pas indemnis\u00e9 si votre drone est perdu, vol\u00e9 ou endommag\u00e9. Qui plus est, votre assurance habitation n\u2019offre pas de couverture pour la responsabilit\u00e9 civile pour ce qui est des dommages caus\u00e9s par les drones. Si votre drone endommage les biens d\u2019un tiers, la plupart des polices d\u2019assurance habitation ne couvriront pas les dommages. Si votre drone blesse quelqu\u2019un et vous \u00eates poursuivi pour dommages-int\u00e9r\u00eats, votre assurance habitation ne pourra pas vous aider.<\/p>\r\n\r\n                <p>Les drones d\u2019une masse inf\u00e9rieure \u00e0 2,25 kg sont couverts par Square One en vertu des couvertures des biens meubles et de la responsabilit\u00e9 civile. Sachez que cette couverture est assujettie aux exclusions typiques. Vous \u00eates \u00e9galement oblig\u00e9 de respecter les lois en vigueur lorsque vous exploitez votre drone, sinon vous ne serez pas admissible \u00e0 la couverture.<\/p>\r\n\r\n            <h2 id=\"protection\">Comment vous prot\u00e9ger<\/h2>\r\n\r\n                <p>Communiquez avec votre <a href=\"\/fr\" title=\"Assurances Square One\">fournisseur d\u2019assurance habitation<\/a> pour d\u00e9terminer si votre police d\u2019assurance habitation offre la couverture pour les drones. N\u2019oubliez pas que les polices d&rsquo;assurance habitation excluent g\u00e9n\u00e9ralement toute couverture relative aux a\u00e9ronefs. La plupart des fournisseurs d\u2019assurance habitation ne souhaitent pas assurer les drones, mais certains, dont Square One, sont d\u00e9sormais en mesure d&rsquo;offrir une couverture pour certains types de petits drones destin\u00e9s exclusivement \u00e0 un usage r\u00e9cr\u00e9atif.<\/p>\r\n\r\n                <p>Si vous ne trouvez pas de couverture dans votre police d&rsquo;assurance habitation, ou si votre drone est utilis\u00e9 \u00e0 des fins autres que le loisir personnel, vous avez int\u00e9r\u00eat \u00e0 communiquer avec un courtier en assurance commerciale. Les assureurs mettent sur pied des polices pour prot\u00e9ger les utilisateurs commerciaux; en suivant la m\u00eame logique, un produit pourrait donc \u00e9galement \u00eatre propos\u00e9 aux utilisateurs r\u00e9cr\u00e9atifs.<\/p>\r\n\r\n                <p>R\u00e9fl\u00e9chissez bien avant d&rsquo;offrir un drone \u00e0 quelqu&rsquo;un comme cadeau d&rsquo;anniversaire ou de No\u00ebl. Veillez \u00e0 respecter les directives mises en place par Transports Canada. Et n&rsquo;oubliez pas de vous renseigner aupr\u00e8s de votre fournisseur d\u2019assurance habitation sur la couverture de votre drone.<\/p>\r\n\r\n                <p class=\"small\">Source&nbsp;: <a href=\"https:\/\/tc.canada.ca\/fr\/aviation\/securite-drones\" title=\"S\u00e9curit\u00e9 des drones\" target=\"_blank\" rel=\"noopener noreferrer\">Transport Canada<\/a><\/p>\r\n            \t\r\n            \t\r\n            \t\r\n            \t<p><strong>Vous voulez en savoir plus?<\/strong> Consultez notre <a href=\"\/fr\/centres-ressources\/bases-assurance\" title=\"Centre de ressources : bases de l\u2019assurance habitation\">Centre de ressources&nbsp;: bases de l\u2019assurance habitation<\/a> pour acc\u00e9der \u00e0 des dizaines d\u2019articles pratiques pour vous guider sur les tenants et aboutissants de l\u2019assurance habitation. Ensuite, <a href=\"\/fr\/soumission-assurance-habitation-en-ligne\" title=\"Obtenir une soumission d\u2019assurance habitation en ligne\">obtenez une soumission d'assurance habitation en ligne<\/a> en moins de 5\u00a0minutes et d\u00e9couvrez \u00e0 quel point l\u2019assurance habitation personnalis\u00e9e peut \u00eatre abordable.<\/p>\r\n\r\n            \t<div class=\"row py-3\">\r\n<div class=\"col-12\">\r\n<div class=\"card review\" style=\"box-shadow: 0 2px 4px rgba(0,0,0,0.07);background-color:#f4f4f4;\">\r\n<div class=\"card-body\">\r\n\t<p class=\"text-primary h4\">\u00c0 propos de l\u2019experte&nbsp;: Rena Novotny<\/p>\r\n\t<p>Rena a commenc\u00e9 sa carri\u00e8re de 23&nbsp;ans \u00e0 titre d\u2019experte en sinistres ind\u00e9pendante o\u00f9 elle s\u2019est sp\u00e9cialis\u00e9e dans les sinistres complexes, de responsabilit\u00e9 civile et de risque sp\u00e9cial. \u00c0 titre de gestionnaire de succursale, Rena embauchait, formait, encadrait et entra\u00eenait plusieurs experts en sinistres. Elle poursuit des \u00e9tudes sup\u00e9rieures \u00e0 temps partiel en neuro-psychologie et traumatisme dans le but d\u2019apprendre comment les deux conditions pourraient toucher l\u2019engagement de l\u2019assur\u00e9 quant aux sinistres catastrophiques. Titulaire d\u2019une ma\u00eetrise en analyse et gestion de conflits, Rena est munie des d\u00e9signations CRM, PAA et d\u2019un certificat en expertise en r\u00e8glement de sinistres, niveau&nbsp;3.<\/p>\r\n<\/div>\r\n<\/div>\r\n<\/div>\r\n<\/div>\r\n\r\n        <\/div>\r\n    <\/div>\r\n<\/div>\r\n<\/section>\r\n<main>\r\n<script type=\"application\/ld+json\">\r\n{\r\n  \"@context\": \"https:\/\/schema.org\",\r\n  \"@type\": \"WebPage\",\r\n  \"mainEntityOfPage\": {\r\n    \"@type\": \"Article\",\r\n    \"@id\": \"https:\/\/www.squareone.ca\/fr\/centres-ressources\/bases-assurance\/drones\"\r\n  },\r\n  \"author\": [\r\n    {\r\n      \"@type\": \"Person\",\r\n      \"name\": \"Square One team\"\r\n    }\r\n  ],\r\n  \"reviewedBy\": [\r\n    {\r\n      \"@type\": \"Person\",\r\n      \"name\": \"Rena Novotny\",\r\n      \"url\": \"https:\/\/www.squareone.ca\/fr\/a-propos-de-nous\/experts\/rena-novotny\"\r\n    }\r\n  ],\r\n  \"headline\": \"L\u2019assurance est-elle offerte pour les drones?\",\r\n  \"datePublished\": \"\",\r\n  \"dateModified\": \"\",\r\n  \"inLanguage\": \"fr-CA\",\r\n  \"isAccessibleForFree\": true\r\n}\r\n<\/script>\r\n<script type=\"application\/ld+json\">\r\n{\r\n  \"@context\": \"https:\/\/schema.org\",\r\n  \"@type\": \"FAQPage\",\r\n  \"mainEntity\": [{\r\n    \"@type\": \"Question\",\r\n    \"name\": \"Qu\u2019est-ce qu\u2019un drone?\",\r\n    \"acceptedAnswer\": {\r\n      \"@type\": \"Answer\",\r\n      \"text\": \"Un drone est un petit v\u00e9hicule a\u00e9rien sans pilote autrement appel\u00e9 a\u00e9ronef sana \u00e9quipage (ASE). Un drone peut \u00eatre exploit\u00e9 \u00e0 distance ou de fa\u00e7on autonome \u00e0 l\u2019aide d\u2019un ordinateur \u00e0 bord. V\u00e9hicules militaires \u00e0 l\u2019origine, les drones sont d\u00e9ploy\u00e9s pour tout type d\u2019application pratique. Les drones servent \u00e0 des op\u00e9rations de recherche et de sauvetage, \u00e0 la surveillance de la circulation et \u00e0 la lutte contre l\u2019incendie, entre autres.\"\r\n    }\r\n  },{\r\n    \"@type\": \"Question\",\r\n    \"name\": \"Est-il l\u00e9gal de poss\u00e9der un drone?\",\r\n    \"acceptedAnswer\": {\r\n      \"@type\": \"Answer\",\r\n      \"text\": \"Au Canada, il existe des r\u00e8gles pour la propri\u00e9t\u00e9 et l\u2019exploitation des ASE. \u00c0 juste titre, car une mauvaise utilisation peut \u00eatre dangereuse et mettre des vies en danger. La r\u00e9glementation de Transports Canada stipule ce qui suit : si le drone p\u00e8se plus de 25 kg, vous devez obtenir un Certificat d\u2019op\u00e9rations a\u00e9riennes sp\u00e9cialis\u00e9es; si le drone p\u00e8se entre 250 grammes et 25 kg et est utilis\u00e9 uniquement \u00e0 des fins r\u00e9cr\u00e9atives, vous devrez obtenir un certificat de pilote de drone avant m\u00eame de pouvoir le faire voler; si le drone p\u00e8se moins de 250 grammes et est utilis\u00e9 uniquement \u00e0 des fins r\u00e9cr\u00e9atives, vous n'avez pas besoin de l'autorisation de Transports Canada, mais vous devez respecter la loi et apprendre \u00e0 piloter votre drone en toute s\u00e9curit\u00e9.\"\r\n    }\r\n  },{\r\n    \"@type\": \"Question\",\r\n    \"name\": \"L\u2019assurance habitation couvre-t-elle les drones?\",\r\n    \"acceptedAnswer\": {\r\n      \"@type\": \"Answer\",\r\n      \"text\": \"En th\u00e9orie, les drones constituent des petits a\u00e9ronefs. Dans le m\u00eame ordre d\u2019id\u00e9es, les drones sont exclus de la plupart des polices d\u2019assurance habitation<\/a>. Cela signifie que vous ne serez pas indemnis\u00e9 si votre drone est perdu, vol\u00e9 ou endommag\u00e9. Si votre drone endommage les biens d\u2019un tiers, la plupart des polices d\u2019assurance habitation ne couvriront pas les dommages. Si votre drone blesse quelqu\u2019un et vous \u00eates poursuivi pour dommages-int\u00e9r\u00eats, votre assurance habitation ne pourra pas vous aider.\"\r\n    }\r\n  }]\r\n}\r\n<\/script>\r\n","protected":false},"excerpt":{"rendered":"<p>L\u2019assurance est-elle offerte pour les drones? Article \u00e9valu\u00e9 par Rena Novotny Les drones deviennent de plus en plus populaires, non seulement chez les industries et les entreprises, mais \u00e9galement chez les particuliers. Dans cet article, nous aborderons l\u2019assurance des drones et la fa\u00e7on de les exploiter en toute s\u00e9curit\u00e9. Th\u00e8mes Qu\u2019est-ce qu\u2019un drone? Sont-ils l\u00e9gaux? [&hellip;]<\/p>\n","protected":false},"author":2,"featured_media":0,"parent":50045,"menu_order":30,"comment_status":"open","ping_status":"open","template":"page-article-new.php","meta":{"_acf_changed":false,"footnotes":""},"class_list":["post-78786","page","type-page","status-publish","hentry"],"acf":[],"_links":{"self":[{"href":"https:\/\/www.squareone.ca\/fr\/wp-json\/wp\/v2\/pages\/78786","targetHints":{"allow":["GET"]}}],"collection":[{"href":"https:\/\/www.squareone.ca\/fr\/wp-json\/wp\/v2\/pages"}],"about":[{"href":"https:\/\/www.squareone.ca\/fr\/wp-json\/wp\/v2\/types\/page"}],"author":[{"embeddable":true,"href":"https:\/\/www.squareone.ca\/fr\/wp-json\/wp\/v2\/users\/2"}],"replies":[{"embeddable":true,"href":"https:\/\/www.squareone.ca\/fr\/wp-json\/wp\/v2\/comments?post=78786"}],"version-history":[{"count":0,"href":"https:\/\/www.squareone.ca\/fr\/wp-json\/wp\/v2\/pages\/78786\/revisions"}],"up":[{"embeddable":true,"href":"https:\/\/www.squareone.ca\/fr\/wp-json\/wp\/v2\/pages\/50045"}],"wp:attachment":[{"href":"https:\/\/www.squareone.ca\/fr\/wp-json\/wp\/v2\/media?parent=78786"}],"curies":[{"name":"wp","href":"https:\/\/api.w.org\/{rel}","templated":true}]}}